{"id":7846,"date":"2026-01-27T05:39:57","date_gmt":"2026-01-27T05:39:57","guid":{"rendered":"https:\/\/honeypetty.com\/?post_type=product&#038;p=7846"},"modified":"2026-02-04T12:49:03","modified_gmt":"2026-02-04T12:49:03","slug":"2-5l-automatic-stainless-steel-pet-drinking-fountain-wholesale","status":"publish","type":"product","link":"https:\/\/honeypetty.com\/de\/produkt\/2-5l-automatic-stainless-steel-pet-drinking-fountain-wholesale\/","title":{"rendered":"2.5L Automatische Edelstahl Haustier Trinkbrunnen Gro\u00dfhandel"},"content":{"rendered":"<h2><span style=\"color: #ff6600;\">Einf\u00fchrung in das Produkt:<\/span><\/h2>\n<p>Unser intelligenter automatischer 2,5-Liter-Wasserspender f\u00fcr Haustiere deckt mit seinem gro\u00dfen Fassungsverm\u00f6gen den Trinkbedarf einer einzelnen Katze f\u00fcr 7-10 Tage oder eines mittelgro\u00dfen Hundes f\u00fcr 3-5 Tage und ist damit die ideale Wahl f\u00fcr Vielreisende. Das zirkulierende Wassersystem ahmt einen nat\u00fcrlichen Wasserlauf nach, regt den nat\u00fcrlichen Jagdinstinkt Ihrer Katze an und erh\u00f6ht die t\u00e4gliche Wasseraufnahme um mehr als 30%, was Harnwegserkrankungen wirksam vorbeugt.<\/p>\n<p>&nbsp;<\/p>\n<h3>Produktspezifikationen:<\/h3>\n<table width=\"1009\">\n<tbody>\n<tr>\n<td width=\"191\">Typ<\/td>\n<td width=\"288\">Bowis<\/td>\n<td width=\"192\">Material<\/td>\n<td width=\"337\">Rostfreier Stahl<\/td>\n<\/tr>\n<tr>\n<td width=\"191\">Verwendungsszenarien<\/td>\n<td width=\"288\">Innenbereich<\/td>\n<td width=\"192\">Anwendbares Haustier<\/td>\n<td width=\"337\">Hunde<\/td>\n<\/tr>\n<tr>\n<td width=\"191\">Merkmal<\/td>\n<td width=\"288\">Automatisch<\/td>\n<td width=\"192\">Herkunftsort<\/td>\n<td width=\"337\">Guangdong.China<\/td>\n<\/tr>\n<tr>\n<td width=\"191\">Zeiteinstellung<\/td>\n<td width=\"288\">Nein<\/td>\n<td colspan=\"2\" width=\"529\">LCD-Anzeige Ja<\/td>\n<\/tr>\n<tr>\n<td width=\"191\">Form<\/td>\n<td width=\"288\">Abgerundet<\/td>\n<td width=\"192\">Stromquelle<\/td>\n<td width=\"337\">Laden Sie<\/td>\n<\/tr>\n<tr>\n<td width=\"191\">Spannung<\/td>\n<td width=\"288\">110-240V<\/td>\n<td width=\"192\">Markenname<\/td>\n<td width=\"337\">Honig<\/td>\n<\/tr>\n<tr>\n<td width=\"191\">Modellnummer<\/td>\n<td width=\"288\">BE-PT-1005<\/td>\n<td width=\"192\">Stecker Typ<\/td>\n<td width=\"337\">Brasilianisches Plug.Us Plug.Swiss<br \/>\nStecker.italienisch Stecker.israelisch Stecker....<\/td>\n<\/tr>\n<tr>\n<td width=\"191\">Typ<\/td>\n<td width=\"288\">Tiern\u00e4pfe &amp;Futterautomaten<\/td>\n<td width=\"192\">Bogen &amp;Feeder Typ<\/td>\n<td width=\"337\">Schalen, Becher und Eimer<\/td>\n<\/tr>\n<\/tbody>\n<\/table>\n<p>&nbsp;<\/p>\n<h3><span style=\"color: #ff6600;\">Key Features der gro\u00dfen Kapazit\u00e4t Katze Wasser-Brunnen:<\/span><\/h3>\n<p><strong>\u25cfSmart Motion-Activated Water Flow<\/strong><br \/>\nGibt automatisch Wasser ab, wenn sich Haustiere n\u00e4hern (Erfassungsbereich 0-3 m, 120\u00b0-Winkel), was die Tiere dazu bringt, h\u00e4ufiger zu trinken.<\/p>\n<p><strong>\u25cfZwei Arbeitsmodi<\/strong><br \/>\nW\u00e4hlen Sie zwischen bewegungsaktiviertem Modus (30 Sekunden Durchfluss pro Ausl\u00f6sung) und automatischem Zeitmodus (1 Minute Durchfluss alle 30 Minuten).<\/p>\n<p><strong>\u25cfGro\u00dfes Fassungsverm\u00f6gen von 2,5 l f\u00fcr mehrere Haustiere<\/strong><br \/>\nEin wirklich gro\u00dfer Katzenbrunnen, der eine erwachsene Katze mit einem Gewicht von 5 kg bis zu 8,5 Tage* lang mit Wasser versorgt; ideal f\u00fcr Familien mit mehreren Katzen.<\/p>\n<p>*Gem\u00e4\u00df\u00a0<a href=\"https:\/\/www.honeypetty.com\" target=\"_blank\" rel=\"noopener\" data-lv=\"0\">honeypetty.com<\/a>, Eine gesunde erwachsene Katze ben\u00f6tigt ca. 285 ml Wasser pro Tag. Die tats\u00e4chliche Menge variiert je nach Gr\u00f6\u00dfe und Alter des Tieres.<\/p>\n<p><strong>\u25cfAufger\u00fcstetes 4-stufiges Filtersystem<\/strong><br \/>\nDer Verbundfilter besteht aus PP-Baumwolle, Aktivkohle aus Kokosnussschalen und Ionenaustauscherharz sowie einem Netzfilter, der Haare, Ger\u00fcche und Verunreinigungen entfernt und das Wasser enth\u00e4rtet.<\/p>\n<p>&nbsp;<\/p>\n<h2><span style=\"color: #ff6600;\">OEM- und ODM-Anpassungsdienst:<\/span><\/h2>\n<p>Wir sind uns der strengen Anforderungen des ausl\u00e4ndischen Heimtiermarktes in Bezug auf Produktsicherheit und Innovation sehr wohl bewusst. Die OEM\/ODM-Dienstleistungen von Honey umfassen nicht nur die grundlegende Anpassung des Logos, sondern auch industrielles Design (ID) und funktionale Innovationen.<\/p>\n<p>\u25cf Logodruck oder Lasergravur<\/p>\n<p>\u25cf Kundenspezifische Verpackungen, Handb\u00fccher und Barcode-Aufkleber<\/p>\n<p>\u25cf Pantone-Farbanpassung<\/p>\n<p>Private-Label-Dienste f\u00fcr Amazon-Verk\u00e4ufer, Einzelhandelsketten und Tierhandlungen<\/p>\n<p>\u25cf Anpassbare Springbrunnenfunktionen (z. B. einstellbare Flie\u00dfzeit, Erinnerung an niedrigen Wasserstand, zus\u00e4tzliche intelligente Funktionen)<\/p>\n<p>&nbsp;<\/p>\n<h2><span style=\"color: #ff6600;\">Gro\u00dfhandel und Export Vorteile:<\/span><\/h2>\n<p>\u25cf Direkte Lieferung ab Werk - Alle Produkte werden im eigenen Haus hergestellt, was wettbewerbsf\u00e4hige Kosten und gleichbleibende Qualit\u00e4t f\u00fcr Gro\u00dfh\u00e4ndler von automatischen Wasserfont\u00e4nen gew\u00e4hrleistet.<\/p>\n<p>\u25cf Kostenlose Muster - Die Kosten f\u00fcr Muster werden nach der offiziellen Auftragsbest\u00e4tigung erstattet.<\/p>\n<p>\u25cf Flexibles MOQ - Geeignet f\u00fcr Start-ups oder kleinvolumige Gro\u00dfhandelsauftr\u00e4ge.<\/p>\n<p>\u25cf Schnelle Produktion und Lieferung - Standardvorlaufzeit von 15-30 Tagen, je nach Auftragsgr\u00f6\u00dfe; Eilauftr\u00e4ge m\u00f6glich.<\/p>\n<p>\u25cf Strenge Qualit\u00e4tskontrolle - Jedes Ger\u00e4t wird einem Abstandstest, einem Tastentest, einer Wasserdichtigkeitspr\u00fcfung und einer Batteriesicherheitspr\u00fcfung unterzogen.<\/p>\n<p>\u25cf Reiche Exporterfahrung - Lieferung in \u00fcber 100 L\u00e4nder mit voller Unterst\u00fctzung f\u00fcr Exportdokumentation und Logistik.<\/p>\n<p>\u25cf Lebenslanger Support - Professionelle Vertriebs- und Technikteams bieten kontinuierliche Unterst\u00fctzung nach dem Kauf.<\/p>\n<p>&nbsp;<\/p>\n<h2><span style=\"color: #ff6600;\">Verwandte Anwendungen und Merkmale\uff1a<\/span><\/h2>\n<p><img fetchpriority=\"high\" decoding=\"async\" class=\"alignnone wp-image-7859 size-full\" src=\"http:\/\/honeypetty.com\/wp-content\/uploads\/2026\/01\/01-1.jpg\" alt=\"360 New Design Pet Water Dispenser \" width=\"931\" height=\"905\" srcset=\"https:\/\/honeypetty.com\/wp-content\/uploads\/2026\/01\/01-1.jpg 931w, https:\/\/honeypetty.com\/wp-content\/uploads\/2026\/01\/01-1-600x583.jpg 600w, https:\/\/honeypetty.com\/wp-content\/uploads\/2026\/01\/01-1-300x292.jpg 300w, https:\/\/honeypetty.com\/wp-content\/uploads\/2026\/01\/01-1-768x747.jpg 768w\" sizes=\"(max-width: 931px) 100vw, 931px\" \/><img decoding=\"async\" class=\"alignnone wp-image-7860 size-full\" src=\"http:\/\/honeypetty.com\/wp-content\/uploads\/2026\/01\/02.jpg\" alt=\"Smart Pet Drinking Fountain \" width=\"708\" height=\"615\" srcset=\"https:\/\/honeypetty.com\/wp-content\/uploads\/2026\/01\/02.jpg 708w, https:\/\/honeypetty.com\/wp-content\/uploads\/2026\/01\/02-600x521.jpg 600w, https:\/\/honeypetty.com\/wp-content\/uploads\/2026\/01\/02-300x261.jpg 300w\" sizes=\"(max-width: 708px) 100vw, 708px\" \/><\/p>","protected":false},"excerpt":{"rendered":"<p>Product Introduction: Our 2.5L smart automatic pet water dispenser, with its large capacity design, perfectly meets the drinking needs of a single cat for 7-10 days or a medium-sized dog for 3-5 days, making it an ideal choice for frequent travelers. The circulating water system mimics a natural stream, stimulating your cat&#8217;s natural hunting instincts&hellip;<\/p>","protected":false},"featured_media":7916,"comment_status":"open","ping_status":"closed","template":"","meta":[],"product_brand":[],"product_cat":[49],"product_tag":[62,64,65,66,63],"class_list":{"0":"post-7846","1":"product","2":"type-product","3":"status-publish","4":"has-post-thumbnail","6":"product_cat-pet-water-fountain","7":"product_tag-360-new-design-pet-water-dispenser","8":"product_tag-automatic-pet-water-fountains","9":"product_tag-buy-automatic-pet-water-fountain","10":"product_tag-cordless-smart-pet-water-fountain","11":"product_tag-smart-pet-drinking-fountain","12":"description-off","14":"first","15":"instock","16":"shipping-taxable","17":"product-type-simple"},"_links":{"self":[{"href":"https:\/\/honeypetty.com\/de\/wp-json\/wp\/v2\/product\/7846","targetHints":{"allow":["GET"]}}],"collection":[{"href":"https:\/\/honeypetty.com\/de\/wp-json\/wp\/v2\/product"}],"about":[{"href":"https:\/\/honeypetty.com\/de\/wp-json\/wp\/v2\/types\/product"}],"replies":[{"embeddable":true,"href":"https:\/\/honeypetty.com\/de\/wp-json\/wp\/v2\/comments?post=7846"}],"wp:featuredmedia":[{"embeddable":true,"href":"https:\/\/honeypetty.com\/de\/wp-json\/wp\/v2\/media\/7916"}],"wp:attachment":[{"href":"https:\/\/honeypetty.com\/de\/wp-json\/wp\/v2\/media?parent=7846"}],"wp:term":[{"taxonomy":"product_brand","embeddable":true,"href":"https:\/\/honeypetty.com\/de\/wp-json\/wp\/v2\/product_brand?post=7846"},{"taxonomy":"product_cat","embeddable":true,"href":"https:\/\/honeypetty.com\/de\/wp-json\/wp\/v2\/product_cat?post=7846"},{"taxonomy":"product_tag","embeddable":true,"href":"https:\/\/honeypetty.com\/de\/wp-json\/wp\/v2\/product_tag?post=7846"}],"curies":[{"name":"wp","href":"https:\/\/api.w.org\/{rel}","templated":true}]}}