{"id":7876,"date":"2026-01-30T07:41:40","date_gmt":"2026-01-30T07:41:40","guid":{"rendered":"https:\/\/honeypetty.com\/?post_type=product&#038;p=7876"},"modified":"2026-02-04T13:08:44","modified_gmt":"2026-02-04T13:08:44","slug":"wholesale-2-4l-automatic-pet-drinking-dispenser","status":"publish","type":"product","link":"https:\/\/honeypetty.com\/de\/produkt\/wholesale-2-4l-automatic-pet-drinking-dispenser\/","title":{"rendered":"Umweltfreundlicher OEM 304 Edelstahl Smart Pet Feeder"},"content":{"rendered":"<h2><span style=\"color: #ff6600;\">Einf\u00fchrung in das Produkt:<\/span><\/h2>\n<p>This water dispenser features leading 360\u00b0 infrared thermal sensing technology, enabling precise, all-around detection within a 1.5-2 meter radius. This &#8220;drink-on-demand&#8221; mode not only simulates natural water sources in the wild, effectively stimulating pets&#8217; innate curiosity to increase water intake, but more importantly, it extends the water pump&#8217;s lifespan by over 50%. By reducing unnecessary operation, the intelligent sensing mode lowers overall power consumption to an extremely low level, perfectly aligning with the overseas market&#8217;s focus on energy conservation and emission reduction (ESG).<\/p>\n<p>&nbsp;<\/p>\n<h3><span style=\"color: #ff6600;\">Produktspezifikationen:<\/span><\/h3>\n<table width=\"921\">\n<tbody>\n<tr>\n<td width=\"192\">Typ<\/td>\n<td width=\"287\">Water\u00a0Bottles<\/td>\n<td width=\"192\">\u00a0Material<\/td>\n<td width=\"249\">\u00a0abs<\/td>\n<\/tr>\n<tr>\n<td width=\"192\">Verwendungsszenarien<\/td>\n<td width=\"287\">Innenbereich<\/td>\n<td width=\"192\">\u00a0Anwendbares Haustier<\/td>\n<td width=\"249\">\u00a0Cats<\/td>\n<\/tr>\n<tr>\n<td width=\"192\">Merkmal<\/td>\n<td width=\"287\">Automatisch<\/td>\n<td width=\"192\">\u00a0Herkunftsort<\/td>\n<td width=\"249\">\u00a0Guangdong,China<\/td>\n<\/tr>\n<tr>\n<td width=\"192\">Zeiteinstellung<\/td>\n<td width=\"287\">Nein<\/td>\n<td width=\"192\">\u00a0LCD Display<\/td>\n<td width=\"249\">\u00a0Nein<\/td>\n<\/tr>\n<tr>\n<td width=\"192\">Form<\/td>\n<td width=\"287\">round<\/td>\n<td width=\"192\">\u00a0Stromquelle<\/td>\n<td width=\"249\">\u00a0Laden Sie<\/td>\n<\/tr>\n<tr>\n<td width=\"192\">Spannung<\/td>\n<td width=\"287\">220-240V<\/td>\n<td width=\"192\">\u00a0product name<\/td>\n<td width=\"249\">\u00a0Pet\u00a0drink\u00a0fountain<\/td>\n<\/tr>\n<tr>\n<td width=\"192\">Material<\/td>\n<td width=\"287\">ABS<\/td>\n<td width=\"192\">\u00a0Capacity<\/td>\n<td width=\"249\">\u00a05L<\/td>\n<\/tr>\n<tr>\n<td width=\"192\">Packing box<\/td>\n<td width=\"287\">paper<\/td>\n<td width=\"192\">\u00a0Local Service<br \/>\nLocation<\/td>\n<td width=\"249\">\u00a0None<\/td>\n<\/tr>\n<tr>\n<td width=\"192\">After-sales Service<br \/>\nProvided<\/td>\n<td width=\"287\">Video\u00a0technical\u00a0support<\/td>\n<td width=\"192\">\u00a0Typ<\/td>\n<td width=\"249\">\u00a0Tiern\u00e4pfe &amp;Futterautomaten<\/td>\n<\/tr>\n<tr>\n<td width=\"192\">Bowi&amp;Feeder Type<\/td>\n<td colspan=\"3\" width=\"729\">Automatic\u00a0Feeders\u00a0&amp;Waterers<\/td>\n<\/tr>\n<\/tbody>\n<\/table>\n<h3><\/h3>\n<p>&nbsp;<\/p>\n<h3><span style=\"color: #ff6600;\">Key Features der gro\u00dfen Kapazit\u00e4t Katze Wasser-Brunnen:<\/span><\/h3>\n<p><strong>\u25cfUltra-Quiet Performance (&lt; 30dB)<\/strong><br \/>\nOverseas users highly value quality of life, especially for appliances placed in bedrooms or living rooms.<\/p>\n<p><strong>\u25cfSmart LED Water Level Monitoring<\/strong><br \/>\nThis is not only aesthetically pleasing but also ensures safety and convenience.<\/p>\n<p><strong>\u25cfAdvanced Multi-stage Filtration and Water Softening Function<\/strong><br \/>\nWireless inductive water pump. This design completely eliminates wires inside the water tank, making it safe and allowing the unit to be washed directly like a regular bowl, and is dishwasher-safe.<\/p>\n<p><strong>\u25cfEasy Disassembly and Cleaning &amp; &#8220;Wireless&#8221; Concept<\/strong><br \/>\nWireless inductive water pump. This design completely eliminates wires inside the water tank, making it safe and allowing the unit to be washed directly like a regular bowl, and is dishwasher-safe.<\/p>\n<p><strong>\u25cfEmergency Power Outage Water Storage Design<\/strong><\/p>\n<p>The top tray is designed to hold a certain amount of water. Even in the event of a power outage, pets will still have sufficient emergency drinking water.<\/p>\n<p>&nbsp;<\/p>\n<h2><span style=\"color: #ff6600;\">OEM- und ODM-Anpassungsdienst:<\/span><\/h2>\n<p>Wir sind uns der strengen Anforderungen des ausl\u00e4ndischen Heimtiermarktes in Bezug auf Produktsicherheit und Innovation sehr wohl bewusst. Die OEM\/ODM-Dienstleistungen von Honey umfassen nicht nur die grundlegende Anpassung des Logos, sondern auch industrielles Design (ID) und funktionale Innovationen.<\/p>\n<p>\u25cf Logodruck oder Lasergravur<\/p>\n<p>\u25cf Kundenspezifische Verpackungen, Handb\u00fccher und Barcode-Aufkleber<\/p>\n<p>\u25cf Pantone-Farbanpassung<\/p>\n<p>Private-Label-Dienste f\u00fcr Amazon-Verk\u00e4ufer, Einzelhandelsketten und Tierhandlungen<\/p>\n<p>\u25cf Anpassbare Springbrunnenfunktionen (z. B. einstellbare Flie\u00dfzeit, Erinnerung an niedrigen Wasserstand, zus\u00e4tzliche intelligente Funktionen)<\/p>\n<p>&nbsp;<\/p>\n<h2><span style=\"color: #ff6600;\">Gro\u00dfhandel und Export Vorteile:<\/span><\/h2>\n<p>\u25cf Direkte Lieferung ab Werk - Alle Produkte werden im eigenen Haus hergestellt, was wettbewerbsf\u00e4hige Kosten und gleichbleibende Qualit\u00e4t f\u00fcr Gro\u00dfh\u00e4ndler von automatischen Wasserfont\u00e4nen gew\u00e4hrleistet.<\/p>\n<p>\u25cf Kostenlose Muster - Die Kosten f\u00fcr Muster werden nach der offiziellen Auftragsbest\u00e4tigung erstattet.<\/p>\n<p>\u25cf Flexibles MOQ - Geeignet f\u00fcr Start-ups oder kleinvolumige Gro\u00dfhandelsauftr\u00e4ge.<\/p>\n<p>\u25cf Schnelle Produktion und Lieferung - Standardvorlaufzeit von 15-30 Tagen, je nach Auftragsgr\u00f6\u00dfe; Eilauftr\u00e4ge m\u00f6glich.<\/p>\n<p>\u25cf Strenge Qualit\u00e4tskontrolle - Jedes Ger\u00e4t wird einem Abstandstest, einem Tastentest, einer Wasserdichtigkeitspr\u00fcfung und einer Batteriesicherheitspr\u00fcfung unterzogen.<\/p>\n<p>\u25cf Reiche Exporterfahrung - Lieferung in \u00fcber 100 L\u00e4nder mit voller Unterst\u00fctzung f\u00fcr Exportdokumentation und Logistik.<\/p>\n<p>\u25cf Lebenslanger Support - Professionelle Vertriebs- und Technikteams bieten kontinuierliche Unterst\u00fctzung nach dem Kauf.<\/p>\n<p>&nbsp;<\/p>\n<h2><span style=\"color: #ff6600;\">Verwandte Anwendungen und Merkmale\uff1a<\/span><\/h2>\n<p>&nbsp;<\/p>\n<p>&nbsp;<\/p>\n<p>&nbsp;<\/p>\n<p>&nbsp;<\/p>","protected":false},"excerpt":{"rendered":"<p>Defining a new standard for intelligent hydration, seizing the 360\u00b0 sensing technology market!<\/p>\n<p>Abandoning traditional continuous flow solutions, our 360\u00b0 intelligent sensing water dispenser, with its infrared sensing water dispensing and wireless water pump safety technology, has become a growth indicator for Amazon and high-end pet stores worldwide.<\/p>","protected":false},"featured_media":7968,"comment_status":"open","ping_status":"closed","template":"","meta":[],"product_brand":[],"product_cat":[49],"product_tag":[100,101,103,102,104],"class_list":{"0":"post-7876","1":"product","2":"type-product","3":"status-publish","4":"has-post-thumbnail","6":"product_cat-pet-water-fountain","7":"product_tag-2-5l-smart-automatic-dog-cat-water-fountain","8":"product_tag-automatic-dog-cat-water-fountain","9":"product_tag-dog-drinking-dispenser-wholesale","10":"product_tag-led-light-pet-waterer-fountain","11":"product_tag-premium-automatic-pet-water-fountain","12":"description-off","14":"first","15":"instock","16":"shipping-taxable","17":"product-type-simple"},"_links":{"self":[{"href":"https:\/\/honeypetty.com\/de\/wp-json\/wp\/v2\/product\/7876","targetHints":{"allow":["GET"]}}],"collection":[{"href":"https:\/\/honeypetty.com\/de\/wp-json\/wp\/v2\/product"}],"about":[{"href":"https:\/\/honeypetty.com\/de\/wp-json\/wp\/v2\/types\/product"}],"replies":[{"embeddable":true,"href":"https:\/\/honeypetty.com\/de\/wp-json\/wp\/v2\/comments?post=7876"}],"wp:featuredmedia":[{"embeddable":true,"href":"https:\/\/honeypetty.com\/de\/wp-json\/wp\/v2\/media\/7968"}],"wp:attachment":[{"href":"https:\/\/honeypetty.com\/de\/wp-json\/wp\/v2\/media?parent=7876"}],"wp:term":[{"taxonomy":"product_brand","embeddable":true,"href":"https:\/\/honeypetty.com\/de\/wp-json\/wp\/v2\/product_brand?post=7876"},{"taxonomy":"product_cat","embeddable":true,"href":"https:\/\/honeypetty.com\/de\/wp-json\/wp\/v2\/product_cat?post=7876"},{"taxonomy":"product_tag","embeddable":true,"href":"https:\/\/honeypetty.com\/de\/wp-json\/wp\/v2\/product_tag?post=7876"}],"curies":[{"name":"wp","href":"https:\/\/api.w.org\/{rel}","templated":true}]}}