{"id":7877,"date":"2026-01-30T08:05:24","date_gmt":"2026-01-30T08:05:24","guid":{"rendered":"https:\/\/honeypetty.com\/?post_type=product&#038;p=7877"},"modified":"2026-02-04T13:12:42","modified_gmt":"2026-02-04T13:12:42","slug":"wholesale-2-4l-automatic-pet-drinking-dispenser-2","status":"publish","type":"product","link":"https:\/\/honeypetty.com\/de\/produkt\/wholesale-2-4l-automatic-pet-drinking-dispenser-2\/","title":{"rendered":"Gro\u00dfhandel 2.4L Automatische Pet Drinking Dispenser"},"content":{"rendered":"<h2><span style=\"color: #ff6600;\">Einf\u00fchrung in das Produkt:<\/span><\/h2>\n<p>This advanced smart pet water dispenser integrates cutting-edge IoT remote control technology, allowing pet owners to monitor their pet&#8217;s drinking frequency in real time via an app and receive filter replacement reminders, perfectly aligning with the trend of digital pet care.<\/p>\n<p>Its unique water-electricity separation safety architecture and ultra-quiet magnetic levitation water pump not only reduce operating noise to below 25dB but also significantly improve the device&#8217;s durability under frequent use. The product has complete CE, ETL, and FCC certifications and supports integration with mainstream global smart home platforms.<\/p>\n<p>&nbsp;<\/p>\n<h3><span style=\"color: #ff6600;\">Produktspezifikationen:<\/span><\/h3>\n<table width=\"921\">\n<tbody>\n<tr>\n<td width=\"192\">Typ<\/td>\n<td width=\"287\">Water\u00a0Bottles<\/td>\n<td width=\"192\">\u00a0Material<\/td>\n<td width=\"249\">\u00a0abs<\/td>\n<\/tr>\n<tr>\n<td width=\"192\">Verwendungsszenarien<\/td>\n<td width=\"287\">Innenbereich<\/td>\n<td width=\"192\">\u00a0Anwendbares Haustier<\/td>\n<td width=\"249\">\u00a0Cats<\/td>\n<\/tr>\n<tr>\n<td width=\"192\">Merkmal<\/td>\n<td width=\"287\">Automatisch<\/td>\n<td width=\"192\">\u00a0Herkunftsort<\/td>\n<td width=\"249\">\u00a0Guangdong,China<\/td>\n<\/tr>\n<tr>\n<td width=\"192\">Zeiteinstellung<\/td>\n<td width=\"287\">Nein<\/td>\n<td width=\"192\">\u00a0LCD Display<\/td>\n<td width=\"249\">\u00a0Nein<\/td>\n<\/tr>\n<tr>\n<td width=\"192\">Form<\/td>\n<td width=\"287\">round<\/td>\n<td width=\"192\">\u00a0Stromquelle<\/td>\n<td width=\"249\">\u00a0Laden Sie<\/td>\n<\/tr>\n<tr>\n<td width=\"192\">Spannung<\/td>\n<td width=\"287\">220-240V<\/td>\n<td width=\"192\">\u00a0product name<\/td>\n<td width=\"249\">\u00a0Pet\u00a0drink\u00a0fountain<\/td>\n<\/tr>\n<tr>\n<td width=\"192\">Material<\/td>\n<td width=\"287\">ABS<\/td>\n<td width=\"192\">\u00a0Capacity<\/td>\n<td width=\"249\">\u00a05L<\/td>\n<\/tr>\n<tr>\n<td width=\"192\">Packing box<\/td>\n<td width=\"287\">paper<\/td>\n<td width=\"192\">\u00a0Local Service<br \/>\nLocation<\/td>\n<td width=\"249\">\u00a0None<\/td>\n<\/tr>\n<tr>\n<td width=\"192\">After-sales Service<br \/>\nProvided<\/td>\n<td width=\"287\">Video\u00a0technical\u00a0support<\/td>\n<td width=\"192\">\u00a0Typ<\/td>\n<td width=\"249\">\u00a0Tiern\u00e4pfe &amp;Futterautomaten<\/td>\n<\/tr>\n<tr>\n<td width=\"192\">Bowi&amp;Feeder Type<\/td>\n<td colspan=\"3\" width=\"729\">Automatic\u00a0Feeders\u00a0&amp;Waterers<\/td>\n<\/tr>\n<\/tbody>\n<\/table>\n<h3><\/h3>\n<p>&nbsp;<\/p>\n<h3><span style=\"color: #ff6600;\">Key Features der gro\u00dfen Kapazit\u00e4t Katze Wasser-Brunnen:<\/span><\/h3>\n<p><strong>\u25cfUltra-Quiet Performance (&lt; 30dB)<\/strong><br \/>\nOverseas users highly value quality of life, especially for appliances placed in bedrooms or living rooms.<\/p>\n<p><strong>\u25cfSmart LED Water Level Monitoring<\/strong><br \/>\nThis is not only aesthetically pleasing but also ensures safety and convenience.<\/p>\n<p><strong>\u25cfAdvanced Multi-stage Filtration and Water Softening Function<\/strong><br \/>\nWireless inductive water pump. This design completely eliminates wires inside the water tank, making it safe and allowing the unit to be washed directly like a regular bowl, and is dishwasher-safe.<\/p>\n<p><strong>\u25cfEasy Disassembly and Cleaning &amp; &#8220;Wireless&#8221; Concept<\/strong><br \/>\nWireless inductive water pump. This design completely eliminates wires inside the water tank, making it safe and allowing the unit to be washed directly like a regular bowl, and is dishwasher-safe.<\/p>\n<p><strong>\u25cfEmergency Power Outage Water Storage Design<\/strong><\/p>\n<p>The top tray is designed to hold a certain amount of water. Even in the event of a power outage, pets will still have sufficient emergency drinking water.<\/p>\n<p>&nbsp;<\/p>\n<h2><span style=\"color: #ff6600;\">OEM- und ODM-Anpassungsdienst:<\/span><\/h2>\n<p>Wir sind uns der strengen Anforderungen des ausl\u00e4ndischen Heimtiermarktes in Bezug auf Produktsicherheit und Innovation sehr wohl bewusst. Die OEM\/ODM-Dienstleistungen von Honey umfassen nicht nur die grundlegende Anpassung des Logos, sondern auch industrielles Design (ID) und funktionale Innovationen.<\/p>\n<p>\u25cf Logodruck oder Lasergravur<\/p>\n<p>\u25cf Kundenspezifische Verpackungen, Handb\u00fccher und Barcode-Aufkleber<\/p>\n<p>\u25cf Pantone-Farbanpassung<\/p>\n<p>Private-Label-Dienste f\u00fcr Amazon-Verk\u00e4ufer, Einzelhandelsketten und Tierhandlungen<\/p>\n<p>\u25cf Anpassbare Springbrunnenfunktionen (z. B. einstellbare Flie\u00dfzeit, Erinnerung an niedrigen Wasserstand, zus\u00e4tzliche intelligente Funktionen)<\/p>\n<p>&nbsp;<\/p>\n<h2><span style=\"color: #ff6600;\">Gro\u00dfhandel und Export Vorteile:<\/span><\/h2>\n<p>\u25cf Direkte Lieferung ab Werk - Alle Produkte werden im eigenen Haus hergestellt, was wettbewerbsf\u00e4hige Kosten und gleichbleibende Qualit\u00e4t f\u00fcr Gro\u00dfh\u00e4ndler von automatischen Wasserfont\u00e4nen gew\u00e4hrleistet.<\/p>\n<p>\u25cf Kostenlose Muster - Die Kosten f\u00fcr Muster werden nach der offiziellen Auftragsbest\u00e4tigung erstattet.<\/p>\n<p>\u25cf Flexibles MOQ - Geeignet f\u00fcr Start-ups oder kleinvolumige Gro\u00dfhandelsauftr\u00e4ge.<\/p>\n<p>\u25cf Schnelle Produktion und Lieferung - Standardvorlaufzeit von 15-30 Tagen, je nach Auftragsgr\u00f6\u00dfe; Eilauftr\u00e4ge m\u00f6glich.<\/p>\n<p>\u25cf Strenge Qualit\u00e4tskontrolle - Jedes Ger\u00e4t wird einem Abstandstest, einem Tastentest, einer Wasserdichtigkeitspr\u00fcfung und einer Batteriesicherheitspr\u00fcfung unterzogen.<\/p>\n<p>\u25cf Reiche Exporterfahrung - Lieferung in \u00fcber 100 L\u00e4nder mit voller Unterst\u00fctzung f\u00fcr Exportdokumentation und Logistik.<\/p>\n<p>\u25cf Lebenslanger Support - Professionelle Vertriebs- und Technikteams bieten kontinuierliche Unterst\u00fctzung nach dem Kauf.<\/p>\n<p>&nbsp;<\/p>\n<h2><span style=\"color: #ff6600;\">Verwandte Anwendungen und Merkmale\uff1a<\/span><\/h2>\n<p>&nbsp;<\/p>\n<p>&nbsp;<\/p>\n<p>&nbsp;<\/p>\n<p>&nbsp;<\/p>","protected":false},"excerpt":{"rendered":"<p>Ushering in the era of intelligent hydration 2.0, defining your brand&#8217;s excellence with cutting-edge technology!<\/p>\n<p>Don&#8217;t let mediocre products limit your profits. Honeypetty&#8217;s advanced intelligent water dispenser, with its precise sensing technology and top-tier industrial design, has become the flagship standard for high-net-worth brands in North America and Europe.<\/p>","protected":false},"featured_media":7977,"comment_status":"open","ping_status":"closed","template":"","meta":[],"product_brand":[],"product_cat":[49],"product_tag":[109,105,106,107,108],"class_list":{"0":"post-7877","1":"product","2":"type-product","3":"status-publish","4":"has-post-thumbnail","6":"product_cat-pet-water-fountain","7":"product_tag-advanced-smart-pet-water-fountain","8":"product_tag-pet-smart-drinking-water-fountain","9":"product_tag-portable-automatic-cat-fountain","10":"product_tag-ss304-electric-pet-cat-water-bowl","11":"product_tag-wholesale-stylish-dog-water-dispenser","12":"description-off","14":"first","15":"instock","16":"shipping-taxable","17":"product-type-simple"},"_links":{"self":[{"href":"https:\/\/honeypetty.com\/de\/wp-json\/wp\/v2\/product\/7877","targetHints":{"allow":["GET"]}}],"collection":[{"href":"https:\/\/honeypetty.com\/de\/wp-json\/wp\/v2\/product"}],"about":[{"href":"https:\/\/honeypetty.com\/de\/wp-json\/wp\/v2\/types\/product"}],"replies":[{"embeddable":true,"href":"https:\/\/honeypetty.com\/de\/wp-json\/wp\/v2\/comments?post=7877"}],"wp:featuredmedia":[{"embeddable":true,"href":"https:\/\/honeypetty.com\/de\/wp-json\/wp\/v2\/media\/7977"}],"wp:attachment":[{"href":"https:\/\/honeypetty.com\/de\/wp-json\/wp\/v2\/media?parent=7877"}],"wp:term":[{"taxonomy":"product_brand","embeddable":true,"href":"https:\/\/honeypetty.com\/de\/wp-json\/wp\/v2\/product_brand?post=7877"},{"taxonomy":"product_cat","embeddable":true,"href":"https:\/\/honeypetty.com\/de\/wp-json\/wp\/v2\/product_cat?post=7877"},{"taxonomy":"product_tag","embeddable":true,"href":"https:\/\/honeypetty.com\/de\/wp-json\/wp\/v2\/product_tag?post=7877"}],"curies":[{"name":"wp","href":"https:\/\/api.w.org\/{rel}","templated":true}]}}