{"id":7880,"date":"2026-01-31T08:14:51","date_gmt":"2026-01-31T08:14:51","guid":{"rendered":"https:\/\/honeypetty.com\/?post_type=product&#038;p=7880"},"modified":"2026-02-07T04:02:54","modified_gmt":"2026-02-07T04:02:54","slug":"tpu-waterproof-pet-blanket-human-cotton-fleece-blanket","status":"publish","type":"product","link":"https:\/\/honeypetty.com\/de\/produkt\/tpu-waterproof-pet-blanket-human-cotton-fleece-blanket\/","title":{"rendered":"TPU Waterproof Pet Blanket Human Cotton Fleece Blanket"},"content":{"rendered":"<h2><span style=\"color: #ff6600;\">Einf\u00fchrung in das Produkt:<\/span><\/h2>\n<p>This multi-functional blanket features an innovative three-layer composite structure, perfectly balancing 100% TPU waterproofing technology with the luxurious feel of high-GSM fleece. For brands, we offer extensive private label customization and exquisite craftsmanship to help enhance premium brand value. Its &#8220;pet and human-friendly&#8221; design gives the product exceptional market versatility, serving as both a waterproof furniture protector for sofas and a thermal camping blanket for outdoor use. This cross-scenario applicability not only meets the diverse needs of end customers but also provides wholesalers with higher inventory turnover and profit margins.<\/p>\n<p>&nbsp;<\/p>\n<h3><span style=\"color: #ff6600;\">Produktspezifikationen:<\/span><\/h3>\n<table width=\"962\">\n<tbody>\n<tr>\n<td width=\"192\">Merkmal<\/td>\n<td width=\"288\">Waterproof<\/td>\n<td width=\"191\">Applicable\u00a0Pet<\/td>\n<td width=\"290\">Hunde<\/td>\n<\/tr>\n<tr>\n<td width=\"192\">Typ<\/td>\n<td width=\"288\">Blanket<\/td>\n<td width=\"191\">Wash Instructions<\/td>\n<td width=\"290\">Mechanical\u00a0Wash<\/td>\n<\/tr>\n<tr>\n<td width=\"192\">Material<\/td>\n<td width=\"288\">Fleece<\/td>\n<td width=\"191\">Place of Origin<\/td>\n<td width=\"290\">Jiangsu,China<\/td>\n<\/tr>\n<tr>\n<td width=\"192\">Style<\/td>\n<td width=\"288\">Cut\u00e9<\/td>\n<td width=\"191\">Season<\/td>\n<td width=\"290\">AIl\u00a0Seasons<\/td>\n<\/tr>\n<tr>\n<td width=\"192\">waterproof<\/td>\n<td width=\"288\">Waterproof<\/td>\n<td width=\"191\">Typ<\/td>\n<td width=\"290\">Pet\u00a0Beds\u00a0&amp;Accessories<\/td>\n<\/tr>\n<tr>\n<td width=\"192\">Bed &amp;Accessory<br \/>\nTyp<\/td>\n<td width=\"288\">Pet\u00a0Blanket<\/td>\n<td width=\"191\">Material<\/td>\n<td width=\"290\">Fleece<\/td>\n<\/tr>\n<tr>\n<td width=\"192\">Function<\/td>\n<td width=\"288\">Make\u00a0Pets\u00a0Warmth<\/td>\n<td width=\"191\">MOQ<\/td>\n<td width=\"290\">20pcs<\/td>\n<\/tr>\n<tr>\n<td width=\"192\">Size<\/td>\n<td width=\"288\">Customized\u00a0Size<\/td>\n<td width=\"191\">Color<\/td>\n<td width=\"290\">Customized\u00a0Color<\/td>\n<\/tr>\n<tr>\n<td width=\"192\">Usage<\/td>\n<td width=\"288\">Pet\u00a0Sleeping<\/td>\n<td width=\"191\">Payment<\/td>\n<td width=\"290\">L\/C,TT<\/td>\n<\/tr>\n<\/tbody>\n<\/table>\n<h3><\/h3>\n<p>&nbsp;<\/p>\n<h3><span style=\"color: #ff6600;\">Key Features of waterproof pet blankets:<\/span><\/h3>\n<p><strong>\u25cfPremium Materials:\u00a0<\/strong><br \/>\nMade with high-grade fleece and microfiber materials, it provides an exceptionally soft touch, allowing pets to enjoy a comfortable and warm experience, while also being durable and easy to clean.<\/p>\n<p><strong>\u25cfThermal Performance<\/strong><br \/>\nThe blanket is designed to effectively maintain your pet&#8217;s body temperature in various climates, making it especially suitable for use in cold regions, ensuring your pet stays warm during the winter.<\/p>\n<p><strong>\u25cfWaterproof and Moisture-Proof<\/strong><br \/>\nThe special waterproof layer effectively resists liquid penetration, protecting furniture and floors from accidental pet messes and reducing cleaning difficulties.<\/p>\n<p><strong>\u25cfLightweight and Portable<\/strong><br \/>\nIts lightweight design and easy folding make it convenient for travel or outdoor activities, providing a comfortable environment for your pet anytime, anywhere.<\/p>\n<p><strong>\u25cfMultifunctional Use<\/strong><\/p>\n<p>It can be used not only as a pet bed but also as a car seat protector, picnic mat, or home decor, meeting various usage scenarios and increasing the product&#8217;s value.<\/p>\n<p><strong>\u25cfStylish Design<\/strong><\/p>\n<p>Available in a variety of colors and patterns, it is both beautiful and practical, blending seamlessly with different home decor styles, enhancing the overall aesthetics of your home and appealing to pet lovers.<\/p>\n<p>&nbsp;<\/p>\n<h2><span style=\"color: #ff6600;\">Gro\u00dfhandel und Export Vorteile:<\/span><\/h2>\n<p>\u25cf Direkte Lieferung ab Werk - Alle Produkte werden im eigenen Haus hergestellt, was wettbewerbsf\u00e4hige Kosten und gleichbleibende Qualit\u00e4t f\u00fcr Gro\u00dfh\u00e4ndler von automatischen Wasserfont\u00e4nen gew\u00e4hrleistet.<\/p>\n<p>\u25cf Kostenlose Muster - Die Kosten f\u00fcr Muster werden nach der offiziellen Auftragsbest\u00e4tigung erstattet.<\/p>\n<p>\u25cf Flexibles MOQ - Geeignet f\u00fcr Start-ups oder kleinvolumige Gro\u00dfhandelsauftr\u00e4ge.<\/p>\n<p>\u25cf Schnelle Produktion und Lieferung - Standardvorlaufzeit von 15-30 Tagen, je nach Auftragsgr\u00f6\u00dfe; Eilauftr\u00e4ge m\u00f6glich.<\/p>\n<p>\u25cf Strenge Qualit\u00e4tskontrolle - Jedes Ger\u00e4t wird einem Abstandstest, einem Tastentest, einer Wasserdichtigkeitspr\u00fcfung und einer Batteriesicherheitspr\u00fcfung unterzogen.<\/p>\n<p>\u25cf Reiche Exporterfahrung - Lieferung in \u00fcber 100 L\u00e4nder mit voller Unterst\u00fctzung f\u00fcr Exportdokumentation und Logistik.<\/p>\n<p>\u25cf Lebenslanger Support - Professionelle Vertriebs- und Technikteams bieten kontinuierliche Unterst\u00fctzung nach dem Kauf.<\/p>\n<p>&nbsp;<\/p>\n<h2><span style=\"color: #ff6600;\">FAQ About TPU Waterproof Pet Blanket:<\/span><\/h2>\n<p><strong>Q1: How effective is the waterproof TPU layer?<\/strong><br \/>\nA: We use a medical-grade TPU membrane heat-pressed between fabric layers. It provides 100% protection against liquids and stays quiet (no crinkle sound) even after 50+ machine washes.<\/p>\n<p>&nbsp;<\/p>\n<p><strong>Q2: Are the materials safe for human and pet skin?<\/strong><br \/>\nA: Yes. All fabrics are OEKO-TEX Standard 100 certified and non-toxic. They are hypoallergenic and safe for both pets and humans to use as a thermal furniture protector or bed throw.<\/p>\n<p>&nbsp;<\/p>\n<p><strong>Q3: What are the customization options (OEM\/ODM)?<\/strong><br \/>\nA: We support Low MOQ private labeling, including embroidered logos, custom woven labels, and exclusive color\/pattern printing to help you build a premium brand identity.<\/p>\n<p>&nbsp;<\/p>\n<p><strong>Q4: How do you handle bulk shipping to save costs?<\/strong><br \/>\nA: We provide professional vacuum packaging, which reduces volume by up to 60%. This significantly lowers your ocean freight and storage costs per unit.<\/p>\n<p>&nbsp;<\/p>\n<p><strong>Q5: Is the blanket scratch-resistant for heavy pet use?<\/strong><br \/>\nA: Our high-density GSM fleece is designed to be scratch and bite-resistant. It prevents pilling and snagging, making it a durable best-seller for active pet owners.<\/p>\n<p>&nbsp;<\/p>\n<p><strong>Q6: Can I get a sample before placing a bulk order?<\/strong><br \/>\nA: Certainly. We offer Fast Sampling within 7 days. We can also ship samples directly to your third-party inspection agency for quality verification.<\/p>\n<p>&nbsp;<\/p>\n<h2><span style=\"color: #ff6600;\">Verwandte Anwendungen und Merkmale\uff1a<\/span><\/h2>\n<p>&nbsp;<\/p>\n<p>&nbsp;<\/p>\n<p>&nbsp;<\/p>\n<p>&nbsp;<\/p>","protected":false},"excerpt":{"rendered":"<p>Are you ready to seize the opportunities in the 2026 pet market? Whether you&#8217;re a startup brand needing low MOQ (minimum order quantity) for product testing, or a professional buyer seeking competitive pricing for bulk wholesale, our comprehensive OEM\/ODM supply chain can provide you with one-stop support.<\/p>","protected":false},"featured_media":7991,"comment_status":"open","ping_status":"closed","template":"","meta":[],"product_brand":[],"product_cat":[50],"product_tag":[115,119,117,116,118],"class_list":{"0":"post-7880","1":"product","2":"type-product","3":"status-publish","4":"has-post-thumbnail","6":"product_cat-pet-blanket","7":"product_tag-customize-waterproof-puppy-dog-blankets","8":"product_tag-durable-soft-pet-blanket","9":"product_tag-luxury-modern-pet-dog-blanket","10":"product_tag-reversible-waterproof-pet-blanket","11":"product_tag-waterproof-pet-blanket-for-couch","12":"description-off","14":"first","15":"instock","16":"shipping-taxable","17":"product-type-simple"},"_links":{"self":[{"href":"https:\/\/honeypetty.com\/de\/wp-json\/wp\/v2\/product\/7880","targetHints":{"allow":["GET"]}}],"collection":[{"href":"https:\/\/honeypetty.com\/de\/wp-json\/wp\/v2\/product"}],"about":[{"href":"https:\/\/honeypetty.com\/de\/wp-json\/wp\/v2\/types\/product"}],"replies":[{"embeddable":true,"href":"https:\/\/honeypetty.com\/de\/wp-json\/wp\/v2\/comments?post=7880"}],"wp:featuredmedia":[{"embeddable":true,"href":"https:\/\/honeypetty.com\/de\/wp-json\/wp\/v2\/media\/7991"}],"wp:attachment":[{"href":"https:\/\/honeypetty.com\/de\/wp-json\/wp\/v2\/media?parent=7880"}],"wp:term":[{"taxonomy":"product_brand","embeddable":true,"href":"https:\/\/honeypetty.com\/de\/wp-json\/wp\/v2\/product_brand?post=7880"},{"taxonomy":"product_cat","embeddable":true,"href":"https:\/\/honeypetty.com\/de\/wp-json\/wp\/v2\/product_cat?post=7880"},{"taxonomy":"product_tag","embeddable":true,"href":"https:\/\/honeypetty.com\/de\/wp-json\/wp\/v2\/product_tag?post=7880"}],"curies":[{"name":"wp","href":"https:\/\/api.w.org\/{rel}","templated":true}]}}