{"id":7883,"date":"2026-01-31T08:48:18","date_gmt":"2026-01-31T08:48:18","guid":{"rendered":"https:\/\/honeypetty.com\/?post_type=product&#038;p=7883"},"modified":"2026-02-07T04:09:55","modified_gmt":"2026-02-07T04:09:55","slug":"wholesale-waterproof-pet-blanket-washable-puppy-dog-cat-blanket","status":"publish","type":"product","link":"https:\/\/honeypetty.com\/de\/produkt\/wholesale-waterproof-pet-blanket-washable-puppy-dog-cat-blanket\/","title":{"rendered":"Gro\u00dfhandel wasserdicht Haustier Decke waschbar Welpe Hund Katze Decke"},"content":{"rendered":"<h2><span style=\"color: #ff6600;\">Einf\u00fchrung in das Produkt:<\/span><\/h2>\n<p>Our washable dog and cat blankets are the ideal choice for pet owners, specifically designed to meet the needs of small dogs and cats. Made from high-quality, soft, and comfortable materials, they ensure your pet can sleep soundly in a warm environment. The blankets are lightweight and easy to carry, and also highly durable for everyday use. Most importantly, this blanket is machine washable, making cleaning easy and effortlessly removing pet hair and stains, so you don&#8217;t have to worry about maintenance. Available in a variety of colors and patterns, it perfectly complements any home decor, ideal for customers who value both aesthetics and practicality. Give your beloved pet a comfortable living space and a warm haven.<\/p>\n<p>&nbsp;<\/p>\n<h3><span style=\"color: #ff6600;\">Produktspezifikationen:<\/span><\/h3>\n<table width=\"962\">\n<tbody>\n<tr>\n<td width=\"192\">Merkmal<\/td>\n<td width=\"288\">Waterproof<\/td>\n<td width=\"191\">Applicable\u00a0Pet<\/td>\n<td width=\"290\">Hunde<\/td>\n<\/tr>\n<tr>\n<td width=\"192\">Typ<\/td>\n<td width=\"288\">Blanket<\/td>\n<td width=\"191\">Wash Instructions<\/td>\n<td width=\"290\">Mechanical\u00a0Wash<\/td>\n<\/tr>\n<tr>\n<td width=\"192\">Material<\/td>\n<td width=\"288\">Fleece<\/td>\n<td width=\"191\">Place of Origin<\/td>\n<td width=\"290\">Jiangsu,China<\/td>\n<\/tr>\n<tr>\n<td width=\"192\">Style<\/td>\n<td width=\"288\">Cut\u00e9<\/td>\n<td width=\"191\">Season<\/td>\n<td width=\"290\">AIl\u00a0Seasons<\/td>\n<\/tr>\n<tr>\n<td width=\"192\">waterproof<\/td>\n<td width=\"288\">Waterproof<\/td>\n<td width=\"191\">Typ<\/td>\n<td width=\"290\">Pet\u00a0Beds\u00a0&amp;Accessories<\/td>\n<\/tr>\n<tr>\n<td width=\"192\">Bed &amp;Accessory<br \/>\nTyp<\/td>\n<td width=\"288\">Pet\u00a0Blanket<\/td>\n<td width=\"191\">Material<\/td>\n<td width=\"290\">Fleece<\/td>\n<\/tr>\n<tr>\n<td width=\"192\">Function<\/td>\n<td width=\"288\">Make\u00a0Pets\u00a0Warmth<\/td>\n<td width=\"191\">MOQ<\/td>\n<td width=\"290\">20pcs<\/td>\n<\/tr>\n<tr>\n<td width=\"192\">Size<\/td>\n<td width=\"288\">Customized\u00a0Size<\/td>\n<td width=\"191\">Color<\/td>\n<td width=\"290\">Customized\u00a0Color<\/td>\n<\/tr>\n<tr>\n<td width=\"192\">Usage<\/td>\n<td width=\"288\">Pet\u00a0Sleeping<\/td>\n<td width=\"191\">Payment<\/td>\n<td width=\"290\">L\/C,TT<\/td>\n<\/tr>\n<\/tbody>\n<\/table>\n<h3><\/h3>\n<p>&nbsp;<\/p>\n<h3><span style=\"color: #ff6600;\">Key Features of waterproof pet blankets:<\/span><\/h3>\n<p><strong>\u25cfPremium Materials:\u00a0<\/strong><br \/>\nMade with high-grade fleece and microfiber materials, it provides an exceptionally soft touch, allowing pets to enjoy a comfortable and warm experience, while also being durable and easy to clean.<\/p>\n<p><strong>\u25cfThermal Performance<\/strong><br \/>\nThe blanket is designed to effectively maintain your pet&#8217;s body temperature in various climates, making it especially suitable for use in cold regions, ensuring your pet stays warm during the winter.<\/p>\n<p><strong>\u25cfWaterproof and Moisture-Proof<\/strong><br \/>\nThe special waterproof layer effectively resists liquid penetration, protecting furniture and floors from accidental pet messes and reducing cleaning difficulties.<\/p>\n<p><strong>\u25cfLightweight and Portable<\/strong><br \/>\nIts lightweight design and easy folding make it convenient for travel or outdoor activities, providing a comfortable environment for your pet anytime, anywhere.<\/p>\n<p><strong>\u25cfMultifunctional Use<\/strong><\/p>\n<p>It can be used not only as a pet bed but also as a car seat protector, picnic mat, or home decor, meeting various usage scenarios and increasing the product&#8217;s value.<\/p>\n<p><strong>\u25cfStylish Design<\/strong><\/p>\n<p>Available in a variety of colors and patterns, it is both beautiful and practical, blending seamlessly with different home decor styles, enhancing the overall aesthetics of your home and appealing to pet lovers.<\/p>\n<p>&nbsp;<\/p>\n<h2><span style=\"color: #ff6600;\">Gro\u00dfhandel und Export Vorteile:<\/span><\/h2>\n<p>\u25cf Direkte Lieferung ab Werk - Alle Produkte werden im eigenen Haus hergestellt, was wettbewerbsf\u00e4hige Kosten und gleichbleibende Qualit\u00e4t f\u00fcr Gro\u00dfh\u00e4ndler von automatischen Wasserfont\u00e4nen gew\u00e4hrleistet.<\/p>\n<p>\u25cf Kostenlose Muster - Die Kosten f\u00fcr Muster werden nach der offiziellen Auftragsbest\u00e4tigung erstattet.<\/p>\n<p>\u25cf Flexibles MOQ - Geeignet f\u00fcr Start-ups oder kleinvolumige Gro\u00dfhandelsauftr\u00e4ge.<\/p>\n<p>\u25cf Schnelle Produktion und Lieferung - Standardvorlaufzeit von 15-30 Tagen, je nach Auftragsgr\u00f6\u00dfe; Eilauftr\u00e4ge m\u00f6glich.<\/p>\n<p>\u25cf Strenge Qualit\u00e4tskontrolle - Jedes Ger\u00e4t wird einem Abstandstest, einem Tastentest, einer Wasserdichtigkeitspr\u00fcfung und einer Batteriesicherheitspr\u00fcfung unterzogen.<\/p>\n<p>\u25cf Reiche Exporterfahrung - Lieferung in \u00fcber 100 L\u00e4nder mit voller Unterst\u00fctzung f\u00fcr Exportdokumentation und Logistik.<\/p>\n<p>\u25cf Lebenslanger Support - Professionelle Vertriebs- und Technikteams bieten kontinuierliche Unterst\u00fctzung nach dem Kauf.<\/p>\n<p>&nbsp;<\/p>\n<h2><span style=\"color: #ff6600;\">FAQ About Washable Puppy Dog Cat Blanket:<\/span><\/h2>\n<p><strong>Q: Is this blanket machine washable?<\/strong><br \/>\nA: Yes, the blanket is machine washable. We recommend using cold water and a mild detergent.<\/p>\n<p>&nbsp;<\/p>\n<p><strong>Q: What size pets is this suitable for?<\/strong><br \/>\nA: This blanket is designed for small dogs and cats, suitable for pets weighing between 5-15 kg.<\/p>\n<p>&nbsp;<\/p>\n<p><strong>Q: Is the blanket waterproof?<\/strong><br \/>\nA: This blanket is not waterproof, but it is very durable and easy to clean.<\/p>\n<p>&nbsp;<\/p>\n<p><strong>Q: What colors and patterns are available?<\/strong><br \/>\nA: We offer a variety of colors and patterns for you to choose from to match your home decor.<\/p>\n<p>&nbsp;<\/p>\n<p><strong>Q: What are the dimensions of this blanket?<\/strong><br \/>\nA: The standard size of the blanket is 75cm x 100cm, which is perfect for small pets.<\/p>\n<p>&nbsp;<\/p>\n<p><strong>Q: Can I return or exchange the product if I&#8217;m not satisfied?<\/strong><br \/>\nA: Yes, we offer a 30-day return and exchange service. However, before shipping the actual order, we will provide samples.<\/p>\n<p>We will only proceed with the full order after you are satisfied with the samples, ensuring your complete satisfaction.<\/p>\n<p>&nbsp;<\/p>\n<h2><span style=\"color: #ff6600;\">Verwandte Anwendungen und Merkmale\uff1a<\/span><\/h2>\n<p>&nbsp;<\/p>\n<p>&nbsp;<\/p>\n<p>&nbsp;<\/p>\n<p>&nbsp;<\/p>","protected":false},"excerpt":{"rendered":"<p>Don&#8217;t hesitate! Buy this washable blanket for your dog and cat today and let them enjoy unparalleled comfort and warmth! Whether for home use or travel, this blanket easily meets your needs. Click the link below to give your pet a clean, comfortable resting place and improve their quality of life!<\/p>","protected":false},"featured_media":8008,"comment_status":"open","ping_status":"closed","template":"","meta":[],"product_brand":[],"product_cat":[50],"product_tag":[113,131,130,129,60],"class_list":{"0":"post-7883","1":"product","2":"type-product","3":"status-publish","4":"has-post-thumbnail","6":"product_cat-pet-blanket","7":"product_tag-durable-soft-pet-fleece-blanket","8":"product_tag-lightweight-striped-cat-blanket","9":"product_tag-waterproof-outdoor-blanket-for-dogs","10":"product_tag-wholesale-puppy-dog-cat-blanket","11":"product_tag-wholesale-waterproof-pet-blanket","12":"description-off","14":"first","15":"instock","16":"shipping-taxable","17":"product-type-simple"},"_links":{"self":[{"href":"https:\/\/honeypetty.com\/de\/wp-json\/wp\/v2\/product\/7883","targetHints":{"allow":["GET"]}}],"collection":[{"href":"https:\/\/honeypetty.com\/de\/wp-json\/wp\/v2\/product"}],"about":[{"href":"https:\/\/honeypetty.com\/de\/wp-json\/wp\/v2\/types\/product"}],"replies":[{"embeddable":true,"href":"https:\/\/honeypetty.com\/de\/wp-json\/wp\/v2\/comments?post=7883"}],"wp:featuredmedia":[{"embeddable":true,"href":"https:\/\/honeypetty.com\/de\/wp-json\/wp\/v2\/media\/8008"}],"wp:attachment":[{"href":"https:\/\/honeypetty.com\/de\/wp-json\/wp\/v2\/media?parent=7883"}],"wp:term":[{"taxonomy":"product_brand","embeddable":true,"href":"https:\/\/honeypetty.com\/de\/wp-json\/wp\/v2\/product_brand?post=7883"},{"taxonomy":"product_cat","embeddable":true,"href":"https:\/\/honeypetty.com\/de\/wp-json\/wp\/v2\/product_cat?post=7883"},{"taxonomy":"product_tag","embeddable":true,"href":"https:\/\/honeypetty.com\/de\/wp-json\/wp\/v2\/product_tag?post=7883"}],"curies":[{"name":"wp","href":"https:\/\/api.w.org\/{rel}","templated":true}]}}