{"id":8488,"date":"2026-05-08T01:19:07","date_gmt":"2026-05-08T01:19:07","guid":{"rendered":"https:\/\/honeypetty.com\/?post_type=product&#038;p=8488"},"modified":"2026-05-08T01:22:03","modified_gmt":"2026-05-08T01:22:03","slug":"2026-mode-flauschige-korallen-fleece-flanell-decke","status":"publish","type":"product","link":"https:\/\/honeypetty.com\/de\/product\/2026-fashion-fluffy-coral-fleece-flannel-throw-blanket\/","title":{"rendered":"2026 Mode flauschige Koralle Fleece Flanell Decke werfen"},"content":{"rendered":"<p>Diese flauschige Decke aus korallenrotem Fleece und Flanell besteht aus zwei Seiten, die aus hochwertigen Materialien gefertigt sind. Die eine Seite bietet die wolkengleiche Weichheit des flauschigen Korallenfleece und sorgt f\u00fcr au\u00dfergew\u00f6hnliche W\u00e4rme und W\u00e4rmespeicherung; die andere Seite besteht aus dichtem Flanell, der kratzfest, \u00e4u\u00dferst strapazierf\u00e4hig und leicht zu pflegen ist. Es ist nicht nur ein kuscheliges Winterbett f\u00fcr Ihr Haustier, sondern auch ein durchdachter Schutz f\u00fcr Ihr Sofa, der es effektiv vor Tierhaaren und Flecken sch\u00fctzt. Das klassische Karomuster besticht durch seine schlichte, vielseitige \u00c4sthetik, die sich m\u00fchelos in jede Wohnungseinrichtung einf\u00fcgt. Die Decke eignet sich f\u00fcr Haustiere jeden Alters - vom friedlichen Schlummer eines Welpen bis zur Unterst\u00fctzung der Gelenke von Senioren - und beh\u00e4lt auch nach der Maschinenw\u00e4sche ihre Form.<\/p>\n<p>&nbsp;<\/p>\n<p><strong>Gebrauchsanweisung f\u00fcr die neue karierte Flanelldecke f\u00fcr verschiedene Lebensabschnitte von Hunden:<\/strong><\/p>\n<p>Welpen: Weich und warm; simuliert das Gef\u00fchl der Geborgenheit, das die Mutter vermittelt, hilft ihnen, ruhig zu schlafen und f\u00f6rdert eine gesunde Entwicklung.<br \/>\nAusgewachsene Hunde: Bequem und kratzfest; das Karomuster hilft, Schmutz zu verbergen, so dass es ideal f\u00fcr das t\u00e4gliche Nickerchen und das Faulenzen auf dem Sofa ist.<br \/>\nSenior Dogs: Mit extra pl\u00fcschigem Futter f\u00fcr mehr W\u00e4rme, zur Linderung von Gelenkbeschwerden und zum Schutz vor K\u00e4lte sowie zur Unterst\u00fctzung der Wirbels\u00e4ule in den Wintermonaten.<\/p>\n<p>&nbsp;<\/p>\n<p><img fetchpriority=\"high\" decoding=\"async\" class=\"alignnone wp-image-8477 size-full\" src=\"http:\/\/honeypetty.com\/wp-content\/uploads\/2026\/05\/07.jpg\" alt=\"\" width=\"671\" height=\"671\" srcset=\"https:\/\/honeypetty.com\/wp-content\/uploads\/2026\/05\/07.jpg 671w, https:\/\/honeypetty.com\/wp-content\/uploads\/2026\/05\/07-300x300.jpg 300w, https:\/\/honeypetty.com\/wp-content\/uploads\/2026\/05\/07-150x150.jpg 150w, https:\/\/honeypetty.com\/wp-content\/uploads\/2026\/05\/07-12x12.jpg 12w, https:\/\/honeypetty.com\/wp-content\/uploads\/2026\/05\/07-600x600.jpg 600w, https:\/\/honeypetty.com\/wp-content\/uploads\/2026\/05\/07-200x200.jpg 200w\" sizes=\"(max-width: 671px) 100vw, 671px\" \/><\/p>\n<p><img decoding=\"async\" class=\"alignnone wp-image-8478 size-full\" src=\"http:\/\/honeypetty.com\/wp-content\/uploads\/2026\/05\/08.jpg\" alt=\"\" width=\"673\" height=\"682\" srcset=\"https:\/\/honeypetty.com\/wp-content\/uploads\/2026\/05\/08.jpg 673w, https:\/\/honeypetty.com\/wp-content\/uploads\/2026\/05\/08-296x300.jpg 296w, https:\/\/honeypetty.com\/wp-content\/uploads\/2026\/05\/08-12x12.jpg 12w, https:\/\/honeypetty.com\/wp-content\/uploads\/2026\/05\/08-600x608.jpg 600w\" sizes=\"(max-width: 673px) 100vw, 673px\" \/><\/p>\n<p><img decoding=\"async\" class=\"alignnone wp-image-8479 size-full\" src=\"http:\/\/honeypetty.com\/wp-content\/uploads\/2026\/05\/09.jpg\" alt=\"\" width=\"672\" height=\"677\" srcset=\"https:\/\/honeypetty.com\/wp-content\/uploads\/2026\/05\/09.jpg 672w, https:\/\/honeypetty.com\/wp-content\/uploads\/2026\/05\/09-298x300.jpg 298w, https:\/\/honeypetty.com\/wp-content\/uploads\/2026\/05\/09-150x150.jpg 150w, https:\/\/honeypetty.com\/wp-content\/uploads\/2026\/05\/09-12x12.jpg 12w, https:\/\/honeypetty.com\/wp-content\/uploads\/2026\/05\/09-600x604.jpg 600w, https:\/\/honeypetty.com\/wp-content\/uploads\/2026\/05\/09-200x200.jpg 200w\" sizes=\"(max-width: 672px) 100vw, 672px\" \/><\/p>\n<p><img loading=\"lazy\" decoding=\"async\" class=\"alignnone wp-image-8480 size-full\" src=\"http:\/\/honeypetty.com\/wp-content\/uploads\/2026\/05\/10.jpg\" alt=\"\" width=\"671\" height=\"674\" srcset=\"https:\/\/honeypetty.com\/wp-content\/uploads\/2026\/05\/10.jpg 671w, https:\/\/honeypetty.com\/wp-content\/uploads\/2026\/05\/10-300x300.jpg 300w, https:\/\/honeypetty.com\/wp-content\/uploads\/2026\/05\/10-150x150.jpg 150w, https:\/\/honeypetty.com\/wp-content\/uploads\/2026\/05\/10-12x12.jpg 12w, https:\/\/honeypetty.com\/wp-content\/uploads\/2026\/05\/10-600x603.jpg 600w, https:\/\/honeypetty.com\/wp-content\/uploads\/2026\/05\/10-200x200.jpg 200w\" sizes=\"(max-width: 671px) 100vw, 671px\" \/><\/p>\n<p>&nbsp;<\/p>\n<p><strong>FAQ \u00fcber Honeypetty Fuzzy Plaid Flanell-Decken:<\/strong><\/p>\n<p>F1: Ist das Material dieser Decke sicher? Ist sie f\u00fcr Haustiere geeignet?<br \/>\nA: Ja. Es wird ein umweltfreundliches Reaktivf\u00e4rbeverfahren verwendet, das weder Formaldehyd noch fluoreszierende Stoffe enth\u00e4lt. Es hat die Sicherheitstests f\u00fcr Haustierprodukte bestanden; es ist weich und hautfreundlich, und selbst wenn Hunde darauf herumkauen, ist es sehr widerstandsf\u00e4hig gegen Schuppenbildung.<\/p>\n<p>&nbsp;<\/p>\n<p>F2: Welche Gr\u00f6\u00dfen gibt es? Wie w\u00e4hle ich die richtige Gr\u00f6\u00dfe f\u00fcr meinen Hund?<br \/>\nA: Wir bieten vier Standardgr\u00f6\u00dfen an: S, M, L und XL. Wir empfehlen die Gr\u00f6\u00dfen S oder M f\u00fcr Welpen und kleine Hunde und L oder XL f\u00fcr mittelgro\u00dfe bis gro\u00dfe Hunde. Wir empfehlen, eine Gr\u00f6\u00dfe zu w\u00e4hlen, die etwa 20 cm l\u00e4nger ist als die K\u00f6rperl\u00e4nge Ihres Hundes, damit Sie gen\u00fcgend Platz haben, um sich bequem zusammenrollen zu k\u00f6nnen.<\/p>\n<p>&nbsp;<\/p>\n<p>F3: Ist es leicht zu reinigen? Wird es schrumpfen oder seine Form verlieren?<br \/>\nA: Der Stoff kann sowohl in der Maschine (im Schonwaschgang) als auch per Hand mit kaltem Wasser gewaschen werden; bitte verwenden Sie ein neutrales Waschmittel. In umfangreichen Tests haben wir festgestellt, dass es sehr resistent gegen Einlaufen und Ausbleichen ist und auch nach mehreren W\u00e4schen weich bleibt.<\/p>\n<p>&nbsp;<\/p>\n<p>F4: Wie gut h\u00e4lt es die W\u00e4rme zur\u00fcck? Kann es im Winter im Freien verwendet werden?<br \/>\nA: Sie zeichnet sich durch ein zweilagiges Thermodesign aus - eine Kombination aus hochverdichtetem kariertem Fleece und Flanell -, das die W\u00e4rme effektiv einschlie\u00dft und im Vergleich zu herk\u00f6mmlichen Fleecedecken eine h\u00f6here W\u00e4rmeleistung bietet. Sie eignet sich f\u00fcr den Einsatz in Innenr\u00e4umen, in Kisten, in Fahrzeugen oder f\u00fcr die vor\u00fcbergehende Unterbringung im Freien w\u00e4hrend des Winters; bitte beachten Sie jedoch, dass sie nicht als professionelle Ausr\u00fcstung f\u00fcr kaltes Wetter konzipiert ist.<\/p>\n<p>&nbsp;<\/p>\n<p>F5: Ist diese Decke f\u00fcr Hunde jeden Alters geeignet?<br \/>\nA: Auf jeden Fall. Die weiche Oberfl\u00e4chenschicht bietet sanfte Pflege f\u00fcr die empfindliche Haut von Welpen, w\u00e4hrend die isolierende Mittelschicht dazu beitr\u00e4gt, Gelenkbeschwerden bei \u00e4lteren Hunden zu lindern. Au\u00dferdem ist die strapazierf\u00e4hige Oberfl\u00e4chenschicht robust genug, um den t\u00e4glichen Kratzgewohnheiten erwachsener Hunde standzuhalten.<\/p>\n<p>&nbsp;<\/p>\n<p>F6: Hat die Decke einen unangenehmen Geruch?<br \/>\nA: Da es sich um ein neues Produkt handelt, kann es anfangs einen schwachen, nat\u00fcrlichen Geruch aufweisen, der f\u00fcr Baumwollstoffe typisch ist; dieser verfl\u00fcchtigt sich schnell, wenn Sie es in einem gut bel\u00fcfteten Raum ausl\u00fcften. Es enth\u00e4lt absolut keine chemischen Ger\u00fcche, da wir uns an strenge Reinigungs- und Desinfektionsprotokolle halten, bevor jedes Produkt unsere Fabrik verl\u00e4sst.<\/p>","protected":false},"excerpt":{"rendered":"<p><strong>Wir bieten vier Standardgr\u00f6\u00dfen an: S, M, L und XL. Wir empfehlen die Gr\u00f6\u00dfen S oder M f\u00fcr Welpen und kleine Hunde und L oder XL f\u00fcr mittelgro\u00dfe bis gro\u00dfe Hunde. Wir empfehlen, eine Gr\u00f6\u00dfe zu w\u00e4hlen, die ca. 20 cm l\u00e4nger ist als die K\u00f6rperl\u00e4nge Ihres Hundes, damit Sie gen\u00fcgend Platz haben, um sich bequem zusammenrollen zu k\u00f6nnen.<\/strong><\/p>","protected":false},"featured_media":8480,"comment_status":"open","ping_status":"closed","template":"","meta":[],"product_brand":[],"product_cat":[50],"product_tag":[311,307,308,310,309],"class_list":{"0":"post-8488","1":"product","2":"type-product","3":"status-publish","4":"has-post-thumbnail","6":"product_cat-pet-blanket","7":"product_tag-bulk-buy-flannel-blankets","8":"product_tag-flannel-sherpa-blanket","9":"product_tag-flannel-swaddle-blanket","10":"product_tag-flannel-weighted-blanket","11":"product_tag-lightweight-flannel-blanket","12":"description-off","14":"first","15":"instock","16":"shipping-taxable","17":"product-type-simple"},"_links":{"self":[{"href":"https:\/\/honeypetty.com\/de\/wp-json\/wp\/v2\/product\/8488","targetHints":{"allow":["GET"]}}],"collection":[{"href":"https:\/\/honeypetty.com\/de\/wp-json\/wp\/v2\/product"}],"about":[{"href":"https:\/\/honeypetty.com\/de\/wp-json\/wp\/v2\/types\/product"}],"replies":[{"embeddable":true,"href":"https:\/\/honeypetty.com\/de\/wp-json\/wp\/v2\/comments?post=8488"}],"wp:featuredmedia":[{"embeddable":true,"href":"https:\/\/honeypetty.com\/de\/wp-json\/wp\/v2\/media\/8480"}],"wp:attachment":[{"href":"https:\/\/honeypetty.com\/de\/wp-json\/wp\/v2\/media?parent=8488"}],"wp:term":[{"taxonomy":"product_brand","embeddable":true,"href":"https:\/\/honeypetty.com\/de\/wp-json\/wp\/v2\/product_brand?post=8488"},{"taxonomy":"product_cat","embeddable":true,"href":"https:\/\/honeypetty.com\/de\/wp-json\/wp\/v2\/product_cat?post=8488"},{"taxonomy":"product_tag","embeddable":true,"href":"https:\/\/honeypetty.com\/de\/wp-json\/wp\/v2\/product_tag?post=8488"}],"curies":[{"name":"wp","href":"https:\/\/api.w.org\/{rel}","templated":true}]}}