{"id":7861,"date":"2026-01-30T05:50:55","date_gmt":"2026-01-30T05:50:55","guid":{"rendered":"https:\/\/honeypetty.com\/?post_type=product&#038;p=7861"},"modified":"2026-02-04T12:53:01","modified_gmt":"2026-02-04T12:53:01","slug":"super-quiet-led-light-dog-bowl-dispenser","status":"publish","type":"product","link":"https:\/\/honeypetty.com\/fr\/produit\/super-quiet-led-light-dog-bowl-dispenser\/","title":{"rendered":"Super Quiet LED Light Dog Bowl Dispenser"},"content":{"rendered":"<h2><span style=\"color: #ff6600;\">Pr\u00e9sentation du produit :<\/span><\/h2>\n<p>This pet water dispenser utilizes ultra-quiet water pump technology (typically below 30dB), operating with a whisper-quiet sound that effectively eliminates electrical noise interference for both pets and their owners. Its core features a multi-stage circulating filtration system (including activated carbon and ion exchange resin), which deeply purifies and softens the water, filtering out impurities and preventing urinary tract diseases in pets.<\/p>\n<p>The intelligent LED light design is one of its highlights, providing soft auxiliary lighting at night to guide pets to the water source, and often serving as a water level indicator (e.g., blue light for normal operation, red light for low power\/low water). Combined with a transparent window, the water level is easily visible. Furthermore, its large capacity design and automatic dry-burning protection ensure safety and convenience for long-term use.<\/p>\n<p>&nbsp;<\/p>\n<h3><span style=\"color: #ff6600;\">Sp\u00e9cifications du produit :<\/span><\/h3>\n<table width=\"960\">\n<tbody>\n<tr>\n<td width=\"192\">Animaux de compagnie concern\u00e9s<\/td>\n<td width=\"287\">Chiens<\/td>\n<td width=\"192\">Feature<\/td>\n<td width=\"289\">Automatic<\/td>\n<\/tr>\n<tr>\n<td width=\"192\">Place Of Origin<\/td>\n<td width=\"287\">Shenzhen,China<\/td>\n<td width=\"192\">Time Setting<\/td>\n<td width=\"289\">No<\/td>\n<\/tr>\n<tr>\n<td width=\"192\">LCD Display<\/td>\n<td width=\"287\">No<\/td>\n<td width=\"192\">Shape<\/td>\n<td width=\"289\">Quadrate<\/td>\n<\/tr>\n<tr>\n<td width=\"192\">Power Source<\/td>\n<td width=\"287\">Not\u00a0Applicable<\/td>\n<td width=\"192\">Voltage<\/td>\n<td width=\"289\">Not\u00a0Applicable<\/td>\n<\/tr>\n<tr>\n<td width=\"192\">Nom de la marque<\/td>\n<td width=\"287\">Yap&amp;Meow\u00a0Pet<\/td>\n<td width=\"192\">Model Number<\/td>\n<td width=\"289\">Be-Pt-005<\/td>\n<\/tr>\n<tr>\n<td width=\"192\">Type<\/td>\n<td width=\"287\">Pet\u00a0Bowls\u00a0&amp;Feeders<\/td>\n<td width=\"192\">Bowl &amp;Feeder Type<\/td>\n<td width=\"289\">Automatic\u00a0Feeders\u00a0&amp;Waterers<\/td>\n<\/tr>\n<\/tbody>\n<\/table>\n<h3><\/h3>\n<h3><span style=\"color: #ff6600;\">Key Features of large capacity cat water fountain:<\/span><\/h3>\n<p><strong>\u25cfUltra-Quiet Performance (&lt; 30dB)<\/strong><br \/>\nOverseas users highly value quality of life, especially for appliances placed in bedrooms or living rooms.<\/p>\n<p><strong>\u25cfSmart LED Water Level Monitoring<\/strong><br \/>\nThis is not only aesthetically pleasing but also ensures safety and convenience.<\/p>\n<p><strong>\u25cfAdvanced Multi-stage Filtration and Water Softening Function<\/strong><br \/>\nWireless inductive water pump. This design completely eliminates wires inside the water tank, making it safe and allowing the unit to be washed directly like a regular bowl, and is dishwasher-safe.<\/p>\n<p><strong>\u25cfEasy Disassembly and Cleaning &amp; &#8220;Wireless&#8221; Concept<\/strong><br \/>\nWireless inductive water pump. This design completely eliminates wires inside the water tank, making it safe and allowing the unit to be washed directly like a regular bowl, and is dishwasher-safe.<\/p>\n<p><strong>\u25cfEmergency Power Outage Water Storage Design<\/strong><\/p>\n<p>The top tray is designed to hold a certain amount of water. Even in the event of a power outage, pets will still have sufficient emergency drinking water.<\/p>\n<p>&nbsp;<\/p>\n<h2>OEM &amp; ODM Customization Service:<\/h2>\n<p>We are well aware of the stringent requirements of the overseas pet market regarding product safety and innovation. Honey&#8217;s OEM\/ODM services not only cover basic logo customization but also extend to industrial design (ID) and functional innovation.<\/p>\n<p>\u25cf Logo printing or laser engraving<\/p>\n<p>\u25cf Customized packaging, manuals, and barcode stickers<\/p>\n<p>\u25cf Pantone color customization<\/p>\n<p>\u25cf Private label services for Amazon sellers, chain retailers, and pet stores<\/p>\n<p>\u25cf Customizable fountain functions (e.g., adjustable flow time, low-water reminder, additional smart features)<\/p>\n<p>&nbsp;<\/p>\n<h2><span style=\"color: #ff6600;\">Avantages pour le commerce de gros et l'exportation :<\/span><\/h2>\n<p>\u25cf Approvisionnement direct de l'usine - Tous les produits sont fabriqu\u00e9s en interne, ce qui garantit des co\u00fbts comp\u00e9titifs et une qualit\u00e9 constante pour les grossistes en fontaines d'eau automatiques.<\/p>\n<p>\u25cf \u00c9chantillons gratuits - Les frais d'\u00e9chantillonnage sont rembours\u00e9s apr\u00e8s confirmation officielle de la commande.<\/p>\n<p>\u25cf MOQ flexible - Convient aux startups ou aux commandes en gros de petits volumes.<\/p>\n<p>\u25cf Production et livraison rapides - D\u00e9lai standard de 15 \u00e0 30 jours, selon la taille de la commande ; possibilit\u00e9 de commandes urgentes.<\/p>\n<p>\u25cf Contr\u00f4le de qualit\u00e9 strict - Chaque unit\u00e9 subit un test de distance, un test de bouton, une inspection de l'\u00e9tanch\u00e9it\u00e9 et des contr\u00f4les de s\u00e9curit\u00e9 de la batterie.<\/p>\n<p>\u25cf Riche exp\u00e9rience en mati\u00e8re d'exportation - Approvisionnement dans plus de 100 pays avec un soutien complet en mati\u00e8re de documentation et de logistique d'exportation.<\/p>\n<p>\u25cf Assistance \u00e0 vie - Des \u00e9quipes commerciales et techniques professionnelles assurent une assistance apr\u00e8s-vente continue.<\/p>\n<p>&nbsp;<\/p>\n<h2><span style=\"color: #ff6600;\">Applications et caract\u00e9ristiques connexes\uff1a<\/span><\/h2>\n<p><img fetchpriority=\"high\" decoding=\"async\" class=\"alignnone wp-image-7862 size-full\" src=\"http:\/\/honeypetty.com\/wp-content\/uploads\/2026\/01\/06.jpg\" alt=\"Automatic Cat Water Fountain \" width=\"673\" height=\"673\" srcset=\"https:\/\/honeypetty.com\/wp-content\/uploads\/2026\/01\/06.jpg 673w, https:\/\/honeypetty.com\/wp-content\/uploads\/2026\/01\/06-300x300.jpg 300w, https:\/\/honeypetty.com\/wp-content\/uploads\/2026\/01\/06-200x200.jpg 200w, https:\/\/honeypetty.com\/wp-content\/uploads\/2026\/01\/06-600x600.jpg 600w, https:\/\/honeypetty.com\/wp-content\/uploads\/2026\/01\/06-150x150.jpg 150w\" sizes=\"(max-width: 673px) 100vw, 673px\" \/><\/p>\n<p>&nbsp;<\/p>\n<p><img decoding=\"async\" class=\"alignnone wp-image-7863 size-full\" src=\"http:\/\/honeypetty.com\/wp-content\/uploads\/2026\/01\/05.jpg\" alt=\"stainless steel cat water fountain \" width=\"674\" height=\"660\" srcset=\"https:\/\/honeypetty.com\/wp-content\/uploads\/2026\/01\/05.jpg 674w, https:\/\/honeypetty.com\/wp-content\/uploads\/2026\/01\/05-600x588.jpg 600w, https:\/\/honeypetty.com\/wp-content\/uploads\/2026\/01\/05-300x294.jpg 300w\" sizes=\"(max-width: 674px) 100vw, 674px\" \/><\/p>\n<p><img decoding=\"async\" class=\"alignnone wp-image-7866 size-full\" src=\"http:\/\/honeypetty.com\/wp-content\/uploads\/2026\/01\/04.jpg\" alt=\"Wholesale PET Water Fountains \" width=\"672\" height=\"669\" srcset=\"https:\/\/honeypetty.com\/wp-content\/uploads\/2026\/01\/04.jpg 672w, https:\/\/honeypetty.com\/wp-content\/uploads\/2026\/01\/04-300x300.jpg 300w, https:\/\/honeypetty.com\/wp-content\/uploads\/2026\/01\/04-200x200.jpg 200w, https:\/\/honeypetty.com\/wp-content\/uploads\/2026\/01\/04-600x597.jpg 600w, https:\/\/honeypetty.com\/wp-content\/uploads\/2026\/01\/04-150x150.jpg 150w\" sizes=\"(max-width: 672px) 100vw, 672px\" \/><\/p>","protected":false},"excerpt":{"rendered":"<p>Product Introduction: This pet water dispenser utilizes ultra-quiet water pump technology (typically below 30dB), operating with a whisper-quiet sound that effectively eliminates electrical noise interference for both pets and their owners. Its core features a multi-stage circulating filtration system (including activated carbon and ion exchange resin), which deeply purifies and softens the water, filtering out&hellip;<\/p>","protected":false},"featured_media":7920,"comment_status":"open","ping_status":"closed","template":"","meta":[],"product_brand":[],"product_cat":[49],"product_tag":[71,69,68,70,67],"class_list":{"0":"post-7861","1":"product","2":"type-product","3":"status-publish","4":"has-post-thumbnail","6":"product_cat-pet-water-fountain","7":"product_tag-automatic-cat-water-fountain","8":"product_tag-cat-water-fountain-wholesale","9":"product_tag-smart-pet-water-fountain-for-cats","10":"product_tag-stainless-steel-cat-water-fountain","11":"product_tag-xl-plastic-pet-drinking-fountain","12":"description-off","14":"first","15":"instock","16":"shipping-taxable","17":"product-type-simple"},"_links":{"self":[{"href":"https:\/\/honeypetty.com\/fr\/wp-json\/wp\/v2\/product\/7861","targetHints":{"allow":["GET"]}}],"collection":[{"href":"https:\/\/honeypetty.com\/fr\/wp-json\/wp\/v2\/product"}],"about":[{"href":"https:\/\/honeypetty.com\/fr\/wp-json\/wp\/v2\/types\/product"}],"replies":[{"embeddable":true,"href":"https:\/\/honeypetty.com\/fr\/wp-json\/wp\/v2\/comments?post=7861"}],"wp:featuredmedia":[{"embeddable":true,"href":"https:\/\/honeypetty.com\/fr\/wp-json\/wp\/v2\/media\/7920"}],"wp:attachment":[{"href":"https:\/\/honeypetty.com\/fr\/wp-json\/wp\/v2\/media?parent=7861"}],"wp:term":[{"taxonomy":"product_brand","embeddable":true,"href":"https:\/\/honeypetty.com\/fr\/wp-json\/wp\/v2\/product_brand?post=7861"},{"taxonomy":"product_cat","embeddable":true,"href":"https:\/\/honeypetty.com\/fr\/wp-json\/wp\/v2\/product_cat?post=7861"},{"taxonomy":"product_tag","embeddable":true,"href":"https:\/\/honeypetty.com\/fr\/wp-json\/wp\/v2\/product_tag?post=7861"}],"curies":[{"name":"wp","href":"https:\/\/api.w.org\/{rel}","templated":true}]}}