{"id":7873,"date":"2026-01-30T07:22:19","date_gmt":"2026-01-30T07:22:19","guid":{"rendered":"https:\/\/honeypetty.com\/?post_type=product&#038;p=7873"},"modified":"2026-02-04T13:04:28","modified_gmt":"2026-02-04T13:04:28","slug":"oem-automatic-pet-water-fountain-with-led","status":"publish","type":"product","link":"https:\/\/honeypetty.com\/fr\/produit\/oem-automatic-pet-water-fountain-with-led\/","title":{"rendered":"OEM Automatic Pet Water Fountain with LED"},"content":{"rendered":"<h2><span style=\"color: #ff6600;\">Pr\u00e9sentation du produit :<\/span><\/h2>\n<p>This pet water dispenser features leading 360\u00b0 infrared motion sensing technology, which can detect pets approaching from any direction within a 2-meter range, enabling &#8220;instant drinking upon approach.&#8221; This not only simulates the natural interaction with flowing water during hunting but also extends the water pump&#8217;s lifespan by 50%. Compared to continuously running models, its intelligent power-saving mode reduces energy consumption by approximately 80%, perfectly meeting the needs of overseas users for &#8220;green energy&#8221; and &#8220;long-lasting standby.&#8221;<\/p>\n<p>&nbsp;<\/p>\n<h3><span style=\"color: #ff6600;\">Sp\u00e9cifications du produit :<\/span><\/h3>\n<table width=\"921\">\n<tbody>\n<tr>\n<td width=\"192\">type<\/td>\n<td width=\"287\">Water\u00a0Bottles<\/td>\n<td width=\"192\">\u00a0Mat\u00e9riau<\/td>\n<td width=\"249\">\u00a0abs<\/td>\n<\/tr>\n<tr>\n<td width=\"192\">Usage Scenarios<\/td>\n<td width=\"287\">Indoor<\/td>\n<td width=\"192\">\u00a0Animaux de compagnie concern\u00e9s<\/td>\n<td width=\"249\">\u00a0Cats<\/td>\n<\/tr>\n<tr>\n<td width=\"192\">Feature<\/td>\n<td width=\"287\">Automatic<\/td>\n<td width=\"192\">\u00a0Place Of Origin<\/td>\n<td width=\"249\">\u00a0Guangdong,China<\/td>\n<\/tr>\n<tr>\n<td width=\"192\">Time Setting<\/td>\n<td width=\"287\">No<\/td>\n<td width=\"192\">\u00a0LCD Display<\/td>\n<td width=\"249\">\u00a0No<\/td>\n<\/tr>\n<tr>\n<td width=\"192\">Shape<\/td>\n<td width=\"287\">round<\/td>\n<td width=\"192\">\u00a0Power Source<\/td>\n<td width=\"249\">\u00a0Charge<\/td>\n<\/tr>\n<tr>\n<td width=\"192\">Voltage<\/td>\n<td width=\"287\">220-240V<\/td>\n<td width=\"192\">\u00a0product name<\/td>\n<td width=\"249\">\u00a0Pet\u00a0drink\u00a0fountain<\/td>\n<\/tr>\n<tr>\n<td width=\"192\">Mat\u00e9riau<\/td>\n<td width=\"287\">ABS<\/td>\n<td width=\"192\">\u00a0Capacity<\/td>\n<td width=\"249\">\u00a05L<\/td>\n<\/tr>\n<tr>\n<td width=\"192\">Packing box<\/td>\n<td width=\"287\">paper<\/td>\n<td width=\"192\">\u00a0Local Service<br \/>\nLocation<\/td>\n<td width=\"249\">\u00a0None<\/td>\n<\/tr>\n<tr>\n<td width=\"192\">After-sales Service<br \/>\nProvided<\/td>\n<td width=\"287\">Video\u00a0technical\u00a0support<\/td>\n<td width=\"192\">\u00a0Type<\/td>\n<td width=\"249\">\u00a0Pet\u00a0Bowls\u00a0&amp;Feeders<\/td>\n<\/tr>\n<tr>\n<td width=\"192\">Bowi&amp;Feeder Type<\/td>\n<td colspan=\"3\" width=\"729\">Automatic\u00a0Feeders\u00a0&amp;Waterers<\/td>\n<\/tr>\n<\/tbody>\n<\/table>\n<h3><\/h3>\n<p>&nbsp;<\/p>\n<h3><span style=\"color: #ff6600;\">Key Features of large capacity cat water fountain:<\/span><\/h3>\n<p><strong>\u25cfUltra-Quiet Performance (&lt; 30dB)<\/strong><br \/>\nOverseas users highly value quality of life, especially for appliances placed in bedrooms or living rooms.<\/p>\n<p><strong>\u25cfSmart LED Water Level Monitoring<\/strong><br \/>\nThis is not only aesthetically pleasing but also ensures safety and convenience.<\/p>\n<p><strong>\u25cfAdvanced Multi-stage Filtration and Water Softening Function<\/strong><br \/>\nWireless inductive water pump. This design completely eliminates wires inside the water tank, making it safe and allowing the unit to be washed directly like a regular bowl, and is dishwasher-safe.<\/p>\n<p><strong>\u25cfEasy Disassembly and Cleaning &amp; &#8220;Wireless&#8221; Concept<\/strong><br \/>\nWireless inductive water pump. This design completely eliminates wires inside the water tank, making it safe and allowing the unit to be washed directly like a regular bowl, and is dishwasher-safe.<\/p>\n<p><strong>\u25cfEmergency Power Outage Water Storage Design<\/strong><\/p>\n<p>The top tray is designed to hold a certain amount of water. Even in the event of a power outage, pets will still have sufficient emergency drinking water.<\/p>\n<p>&nbsp;<\/p>\n<h2><span style=\"color: #ff6600;\">OEM &amp; ODM Customization Service:<\/span><\/h2>\n<p>We are well aware of the stringent requirements of the overseas pet market regarding product safety and innovation. Honey&#8217;s OEM\/ODM services not only cover basic logo customization but also extend to industrial design (ID) and functional innovation.<\/p>\n<p>\u25cf Logo printing or laser engraving<\/p>\n<p>\u25cf Customized packaging, manuals, and barcode stickers<\/p>\n<p>\u25cf Pantone color customization<\/p>\n<p>\u25cf Private label services for Amazon sellers, chain retailers, and pet stores<\/p>\n<p>\u25cf Customizable fountain functions (e.g., adjustable flow time, low-water reminder, additional smart features)<\/p>\n<p>&nbsp;<\/p>\n<h2><span style=\"color: #ff6600;\">Avantages pour le commerce de gros et l'exportation :<\/span><\/h2>\n<p>\u25cf Approvisionnement direct de l'usine - Tous les produits sont fabriqu\u00e9s en interne, ce qui garantit des co\u00fbts comp\u00e9titifs et une qualit\u00e9 constante pour les grossistes en fontaines d'eau automatiques.<\/p>\n<p>\u25cf \u00c9chantillons gratuits - Les frais d'\u00e9chantillonnage sont rembours\u00e9s apr\u00e8s confirmation officielle de la commande.<\/p>\n<p>\u25cf MOQ flexible - Convient aux startups ou aux commandes en gros de petits volumes.<\/p>\n<p>\u25cf Production et livraison rapides - D\u00e9lai standard de 15 \u00e0 30 jours, selon la taille de la commande ; possibilit\u00e9 de commandes urgentes.<\/p>\n<p>\u25cf Contr\u00f4le de qualit\u00e9 strict - Chaque unit\u00e9 subit un test de distance, un test de bouton, une inspection de l'\u00e9tanch\u00e9it\u00e9 et des contr\u00f4les de s\u00e9curit\u00e9 de la batterie.<\/p>\n<p>\u25cf Riche exp\u00e9rience en mati\u00e8re d'exportation - Approvisionnement dans plus de 100 pays avec un soutien complet en mati\u00e8re de documentation et de logistique d'exportation.<\/p>\n<p>\u25cf Assistance \u00e0 vie - Des \u00e9quipes commerciales et techniques professionnelles assurent une assistance apr\u00e8s-vente continue.<\/p>\n<p>&nbsp;<\/p>\n<h2><span style=\"color: #ff6600;\">Applications et caract\u00e9ristiques connexes\uff1a<\/span><\/h2>\n<p>&nbsp;<\/p>\n<p>&nbsp;<\/p>\n<p>&nbsp;<\/p>\n<p>&nbsp;<\/p>","protected":false},"excerpt":{"rendered":"<p>Leading the new trend in smart pet care, reshaping brand value with sensor technology!<\/p>\n<p>Say goodbye to mediocrity and embrace the new era of 360\u00b0 intelligent sensing. Thanks to its infrared sensor water dispensing and wireless water pump safety technology, this water dispenser has become a best-selling standard product on Amazon and in high-end pet stores worldwide.<\/p>","protected":false},"featured_media":7954,"comment_status":"open","ping_status":"closed","template":"","meta":[],"product_brand":[],"product_cat":[49],"product_tag":[99,98,96,97,73],"class_list":{"0":"post-7873","1":"product","2":"type-product","3":"status-publish","4":"has-post-thumbnail","6":"product_cat-pet-water-fountain","7":"product_tag-automatic-pet-drinking-water-fountain","8":"product_tag-automatic-pet-led-water-bowl","9":"product_tag-pet-drinking-fountain-dispenser","10":"product_tag-smart-pet-water-fountain","11":"product_tag-wholesale-pet-water-fountains","12":"description-off","14":"first","15":"instock","16":"shipping-taxable","17":"product-type-simple"},"_links":{"self":[{"href":"https:\/\/honeypetty.com\/fr\/wp-json\/wp\/v2\/product\/7873","targetHints":{"allow":["GET"]}}],"collection":[{"href":"https:\/\/honeypetty.com\/fr\/wp-json\/wp\/v2\/product"}],"about":[{"href":"https:\/\/honeypetty.com\/fr\/wp-json\/wp\/v2\/types\/product"}],"replies":[{"embeddable":true,"href":"https:\/\/honeypetty.com\/fr\/wp-json\/wp\/v2\/comments?post=7873"}],"wp:featuredmedia":[{"embeddable":true,"href":"https:\/\/honeypetty.com\/fr\/wp-json\/wp\/v2\/media\/7954"}],"wp:attachment":[{"href":"https:\/\/honeypetty.com\/fr\/wp-json\/wp\/v2\/media?parent=7873"}],"wp:term":[{"taxonomy":"product_brand","embeddable":true,"href":"https:\/\/honeypetty.com\/fr\/wp-json\/wp\/v2\/product_brand?post=7873"},{"taxonomy":"product_cat","embeddable":true,"href":"https:\/\/honeypetty.com\/fr\/wp-json\/wp\/v2\/product_cat?post=7873"},{"taxonomy":"product_tag","embeddable":true,"href":"https:\/\/honeypetty.com\/fr\/wp-json\/wp\/v2\/product_tag?post=7873"}],"curies":[{"name":"wp","href":"https:\/\/api.w.org\/{rel}","templated":true}]}}