{"id":7880,"date":"2026-01-31T08:14:51","date_gmt":"2026-01-31T08:14:51","guid":{"rendered":"https:\/\/honeypetty.com\/?post_type=product&#038;p=7880"},"modified":"2026-02-07T04:02:54","modified_gmt":"2026-02-07T04:02:54","slug":"tpu-waterproof-pet-blanket-human-cotton-fleece-blanket","status":"publish","type":"product","link":"https:\/\/honeypetty.com\/fr\/produit\/tpu-waterproof-pet-blanket-human-cotton-fleece-blanket\/","title":{"rendered":"TPU Waterproof Pet Blanket Human Cotton Fleece Blanket"},"content":{"rendered":"<h2><span style=\"color: #ff6600;\">Pr\u00e9sentation du produit :<\/span><\/h2>\n<p>This multi-functional blanket features an innovative three-layer composite structure, perfectly balancing 100% TPU waterproofing technology with the luxurious feel of high-GSM fleece. For brands, we offer extensive private label customization and exquisite craftsmanship to help enhance premium brand value. Its &#8220;pet and human-friendly&#8221; design gives the product exceptional market versatility, serving as both a waterproof furniture protector for sofas and a thermal camping blanket for outdoor use. This cross-scenario applicability not only meets the diverse needs of end customers but also provides wholesalers with higher inventory turnover and profit margins.<\/p>\n<p>&nbsp;<\/p>\n<h3><span style=\"color: #ff6600;\">Sp\u00e9cifications du produit :<\/span><\/h3>\n<table width=\"962\">\n<tbody>\n<tr>\n<td width=\"192\">Feature<\/td>\n<td width=\"288\">Waterproof<\/td>\n<td width=\"191\">Applicable\u00a0Pet<\/td>\n<td width=\"290\">Chiens<\/td>\n<\/tr>\n<tr>\n<td width=\"192\">Type<\/td>\n<td width=\"288\">Blanket<\/td>\n<td width=\"191\">Wash Instructions<\/td>\n<td width=\"290\">Mechanical\u00a0Wash<\/td>\n<\/tr>\n<tr>\n<td width=\"192\">Mat\u00e9riau<\/td>\n<td width=\"288\">Fleece<\/td>\n<td width=\"191\">Place of Origin<\/td>\n<td width=\"290\">Jiangsu,China<\/td>\n<\/tr>\n<tr>\n<td width=\"192\">Style<\/td>\n<td width=\"288\">Cut\u00e9<\/td>\n<td width=\"191\">Season<\/td>\n<td width=\"290\">AIl\u00a0Seasons<\/td>\n<\/tr>\n<tr>\n<td width=\"192\">waterproof<\/td>\n<td width=\"288\">Waterproof<\/td>\n<td width=\"191\">Type<\/td>\n<td width=\"290\">Pet\u00a0Beds\u00a0&amp;Accessories<\/td>\n<\/tr>\n<tr>\n<td width=\"192\">Bed &amp;Accessory<br \/>\nType<\/td>\n<td width=\"288\">Pet\u00a0Blanket<\/td>\n<td width=\"191\">Mat\u00e9riau<\/td>\n<td width=\"290\">Fleece<\/td>\n<\/tr>\n<tr>\n<td width=\"192\">Function<\/td>\n<td width=\"288\">Make\u00a0Pets\u00a0Warmth<\/td>\n<td width=\"191\">MOQ<\/td>\n<td width=\"290\">20pcs<\/td>\n<\/tr>\n<tr>\n<td width=\"192\">Size<\/td>\n<td width=\"288\">Customized\u00a0Size<\/td>\n<td width=\"191\">Color<\/td>\n<td width=\"290\">Customized\u00a0Color<\/td>\n<\/tr>\n<tr>\n<td width=\"192\">Usage<\/td>\n<td width=\"288\">Pet\u00a0Sleeping<\/td>\n<td width=\"191\">Paiement<\/td>\n<td width=\"290\">L\/C,TT<\/td>\n<\/tr>\n<\/tbody>\n<\/table>\n<h3><\/h3>\n<p>&nbsp;<\/p>\n<h3><span style=\"color: #ff6600;\">Key Features of waterproof pet blankets:<\/span><\/h3>\n<p><strong>\u25cfPremium Materials:\u00a0<\/strong><br \/>\nMade with high-grade fleece and microfiber materials, it provides an exceptionally soft touch, allowing pets to enjoy a comfortable and warm experience, while also being durable and easy to clean.<\/p>\n<p><strong>\u25cfThermal Performance<\/strong><br \/>\nThe blanket is designed to effectively maintain your pet&#8217;s body temperature in various climates, making it especially suitable for use in cold regions, ensuring your pet stays warm during the winter.<\/p>\n<p><strong>\u25cfWaterproof and Moisture-Proof<\/strong><br \/>\nThe special waterproof layer effectively resists liquid penetration, protecting furniture and floors from accidental pet messes and reducing cleaning difficulties.<\/p>\n<p><strong>\u25cfLightweight and Portable<\/strong><br \/>\nIts lightweight design and easy folding make it convenient for travel or outdoor activities, providing a comfortable environment for your pet anytime, anywhere.<\/p>\n<p><strong>\u25cfMultifunctional Use<\/strong><\/p>\n<p>It can be used not only as a pet bed but also as a car seat protector, picnic mat, or home decor, meeting various usage scenarios and increasing the product&#8217;s value.<\/p>\n<p><strong>\u25cfStylish Design<\/strong><\/p>\n<p>Available in a variety of colors and patterns, it is both beautiful and practical, blending seamlessly with different home decor styles, enhancing the overall aesthetics of your home and appealing to pet lovers.<\/p>\n<p>&nbsp;<\/p>\n<h2><span style=\"color: #ff6600;\">Avantages pour le commerce de gros et l'exportation :<\/span><\/h2>\n<p>\u25cf Approvisionnement direct de l'usine - Tous les produits sont fabriqu\u00e9s en interne, ce qui garantit des co\u00fbts comp\u00e9titifs et une qualit\u00e9 constante pour les grossistes en fontaines d'eau automatiques.<\/p>\n<p>\u25cf \u00c9chantillons gratuits - Les frais d'\u00e9chantillonnage sont rembours\u00e9s apr\u00e8s confirmation officielle de la commande.<\/p>\n<p>\u25cf MOQ flexible - Convient aux startups ou aux commandes en gros de petits volumes.<\/p>\n<p>\u25cf Production et livraison rapides - D\u00e9lai standard de 15 \u00e0 30 jours, selon la taille de la commande ; possibilit\u00e9 de commandes urgentes.<\/p>\n<p>\u25cf Contr\u00f4le de qualit\u00e9 strict - Chaque unit\u00e9 subit un test de distance, un test de bouton, une inspection de l'\u00e9tanch\u00e9it\u00e9 et des contr\u00f4les de s\u00e9curit\u00e9 de la batterie.<\/p>\n<p>\u25cf Riche exp\u00e9rience en mati\u00e8re d'exportation - Approvisionnement dans plus de 100 pays avec un soutien complet en mati\u00e8re de documentation et de logistique d'exportation.<\/p>\n<p>\u25cf Assistance \u00e0 vie - Des \u00e9quipes commerciales et techniques professionnelles assurent une assistance apr\u00e8s-vente continue.<\/p>\n<p>&nbsp;<\/p>\n<h2><span style=\"color: #ff6600;\">FAQ About TPU Waterproof Pet Blanket:<\/span><\/h2>\n<p><strong>Q1: How effective is the waterproof TPU layer?<\/strong><br \/>\nA: We use a medical-grade TPU membrane heat-pressed between fabric layers. It provides 100% protection against liquids and stays quiet (no crinkle sound) even after 50+ machine washes.<\/p>\n<p>&nbsp;<\/p>\n<p><strong>Q2: Are the materials safe for human and pet skin?<\/strong><br \/>\nA: Yes. All fabrics are OEKO-TEX Standard 100 certified and non-toxic. They are hypoallergenic and safe for both pets and humans to use as a thermal furniture protector or bed throw.<\/p>\n<p>&nbsp;<\/p>\n<p><strong>Q3: What are the customization options (OEM\/ODM)?<\/strong><br \/>\nA: We support Low MOQ private labeling, including embroidered logos, custom woven labels, and exclusive color\/pattern printing to help you build a premium brand identity.<\/p>\n<p>&nbsp;<\/p>\n<p><strong>Q4: How do you handle bulk shipping to save costs?<\/strong><br \/>\nA: We provide professional vacuum packaging, which reduces volume by up to 60%. This significantly lowers your ocean freight and storage costs per unit.<\/p>\n<p>&nbsp;<\/p>\n<p><strong>Q5: Is the blanket scratch-resistant for heavy pet use?<\/strong><br \/>\nA: Our high-density GSM fleece is designed to be scratch and bite-resistant. It prevents pilling and snagging, making it a durable best-seller for active pet owners.<\/p>\n<p>&nbsp;<\/p>\n<p><strong>Q6: Can I get a sample before placing a bulk order?<\/strong><br \/>\nA: Certainly. We offer Fast Sampling within 7 days. We can also ship samples directly to your third-party inspection agency for quality verification.<\/p>\n<p>&nbsp;<\/p>\n<h2><span style=\"color: #ff6600;\">Applications et caract\u00e9ristiques connexes\uff1a<\/span><\/h2>\n<p>&nbsp;<\/p>\n<p>&nbsp;<\/p>\n<p>&nbsp;<\/p>\n<p>&nbsp;<\/p>","protected":false},"excerpt":{"rendered":"<p>Are you ready to seize the opportunities in the 2026 pet market? Whether you&#8217;re a startup brand needing low MOQ (minimum order quantity) for product testing, or a professional buyer seeking competitive pricing for bulk wholesale, our comprehensive OEM\/ODM supply chain can provide you with one-stop support.<\/p>","protected":false},"featured_media":7991,"comment_status":"open","ping_status":"closed","template":"","meta":[],"product_brand":[],"product_cat":[50],"product_tag":[115,119,117,116,118],"class_list":{"0":"post-7880","1":"product","2":"type-product","3":"status-publish","4":"has-post-thumbnail","6":"product_cat-pet-blanket","7":"product_tag-customize-waterproof-puppy-dog-blankets","8":"product_tag-durable-soft-pet-blanket","9":"product_tag-luxury-modern-pet-dog-blanket","10":"product_tag-reversible-waterproof-pet-blanket","11":"product_tag-waterproof-pet-blanket-for-couch","12":"description-off","14":"first","15":"instock","16":"shipping-taxable","17":"product-type-simple"},"_links":{"self":[{"href":"https:\/\/honeypetty.com\/fr\/wp-json\/wp\/v2\/product\/7880","targetHints":{"allow":["GET"]}}],"collection":[{"href":"https:\/\/honeypetty.com\/fr\/wp-json\/wp\/v2\/product"}],"about":[{"href":"https:\/\/honeypetty.com\/fr\/wp-json\/wp\/v2\/types\/product"}],"replies":[{"embeddable":true,"href":"https:\/\/honeypetty.com\/fr\/wp-json\/wp\/v2\/comments?post=7880"}],"wp:featuredmedia":[{"embeddable":true,"href":"https:\/\/honeypetty.com\/fr\/wp-json\/wp\/v2\/media\/7991"}],"wp:attachment":[{"href":"https:\/\/honeypetty.com\/fr\/wp-json\/wp\/v2\/media?parent=7880"}],"wp:term":[{"taxonomy":"product_brand","embeddable":true,"href":"https:\/\/honeypetty.com\/fr\/wp-json\/wp\/v2\/product_brand?post=7880"},{"taxonomy":"product_cat","embeddable":true,"href":"https:\/\/honeypetty.com\/fr\/wp-json\/wp\/v2\/product_cat?post=7880"},{"taxonomy":"product_tag","embeddable":true,"href":"https:\/\/honeypetty.com\/fr\/wp-json\/wp\/v2\/product_tag?post=7880"}],"curies":[{"name":"wp","href":"https:\/\/api.w.org\/{rel}","templated":true}]}}