{"id":7906,"date":"2026-02-04T10:32:02","date_gmt":"2026-02-04T10:32:02","guid":{"rendered":"https:\/\/honeypetty.com\/?post_type=product&#038;p=7906"},"modified":"2026-02-08T12:45:08","modified_gmt":"2026-02-08T12:45:08","slug":"wholesale-round-pet-nest-for-dog-cozy-corduroy-dog-donut","status":"publish","type":"product","link":"https:\/\/honeypetty.com\/fr\/produit\/wholesale-round-pet-nest-for-dog-cozy-corduroy-dog-donut\/","title":{"rendered":"Wholesale Round Pet Nest for Dog Cozy Corduroy Dog Donut"},"content":{"rendered":"<h2><span style=\"color: #ff6600;\">Pr\u00e9sentation du produit :<\/span><\/h2>\n<p>Indulge your furry friend in the ultimate retreat with our Extra-Large Calming Donut Dog Bed. Designed with a raised rim that creates a sense of security, this bed provides exceptional head and neck support, allowing your pet to burrow and find their most comfortable nesting position. The interior is filled with premium high-loft fiber, while the exterior features ultra-soft vegan faux fur that mimics a mother\u2019s coat, effectively reducing anxiety and promoting deeper, more restful sleep. Perfect for large breeds who love to curl up, its non-slip bottom and machine-washable design ensure both safety and easy maintenance. Give your dog the &#8220;cloud-like&#8221; comfort they deserve to wake up happy and refreshed every day.<\/p>\n<p>&nbsp;<\/p>\n<h3><span style=\"color: #ff6600;\">Sp\u00e9cifications du produit :<\/span><\/h3>\n<table width=\"969\">\n<tbody>\n<tr>\n<td colspan=\"2\" width=\"483\">Caract\u00e9ristiques \u00e9cologiques<\/td>\n<td width=\"192\">\u00a0Animaux de compagnie concern\u00e9s<\/td>\n<td width=\"293\">Chiens<\/td>\n<\/tr>\n<tr>\n<td colspan=\"2\" width=\"483\">Instructions de lavage Lavage m\u00e9canique<\/td>\n<td width=\"192\">\u00a0Mat\u00e9riau<\/td>\n<td width=\"293\">Fausse fourrure<\/td>\n<\/tr>\n<tr>\n<td colspan=\"2\" width=\"483\">Lieu d'origine Zhejiang.China<\/td>\n<td width=\"192\">\u00a0Nom de la marque<\/td>\n<td width=\"293\">DAXILAI<\/td>\n<\/tr>\n<tr>\n<td colspan=\"2\" width=\"483\">Num\u00e9ro de mod\u00e8le FUNO06<\/td>\n<td width=\"192\">\u00a0Mod\u00e8le<\/td>\n<td width=\"293\">Solide<\/td>\n<\/tr>\n<tr>\n<td colspan=\"2\" width=\"483\">Couleur brun, gris, noir<\/td>\n<td width=\"192\">\u00a0Nom du produit<\/td>\n<td width=\"293\">cosy cuddler fauxfur luxury pet<br \/>\nlit<\/td>\n<\/tr>\n<tr>\n<td width=\"191\">Mots cl\u00e9s<\/td>\n<td width=\"291\">\u00a0lits pour chiens en fausse fourrure<br \/>\nlit de luxe pour animaux de compagnie<\/td>\n<td width=\"192\">\u00a0MOQ<\/td>\n<td width=\"293\">100<\/td>\n<\/tr>\n<tr>\n<td width=\"191\">Couverture<\/td>\n<td width=\"291\">\u00a0Toile, fausse fourrure<\/td>\n<td width=\"192\">\u00a0Remplissage<\/td>\n<td width=\"293\">coton pp<\/td>\n<\/tr>\n<tr>\n<td width=\"191\">Autre nom<\/td>\n<td width=\"291\">\u00a0lit orthop\u00e9dique pour animaux en fausse fourrure<br \/>\nlit de luxe pour animaux de compagnie<\/td>\n<td width=\"192\">\u00a0Paiement<\/td>\n<td width=\"293\">T\/T<\/td>\n<\/tr>\n<tr>\n<td width=\"191\">Objet<\/td>\n<td width=\"291\">\u00a0Chiot en toile fausse fourrure luxe<br \/>\nlit pour animaux<\/td>\n<td width=\"192\">\u00a0OEM<\/td>\n<td width=\"293\">Disponible<\/td>\n<\/tr>\n<\/tbody>\n<\/table>\n<h3><\/h3>\n<h3><span style=\"color: #ff6600;\">Caract\u00e9ristiques principales du lit pour chien extra large en forme de beignet :<\/span><\/h3>\n<p><strong>\u25cfMat\u00e9riaux de haute qualit\u00e9 :<\/strong><br \/>\nFabriqu\u00e9 en toile de haute qualit\u00e9, il est r\u00e9sistant \u00e0 l'usure et durable, capable de r\u00e9sister \u00e0 l'utilisation quotidienne par les animaux de compagnie et de conserver l'aspect et les performances du lit pendant longtemps.<\/p>\n<p><strong>\u25cfComfortable Design\uff1a<\/strong><\/p>\n<p>Le matelas est rempli de mousse souple \u00e0 haute densit\u00e9, offrant un excellent soutien et permettant \u00e0 votre animal de se d\u00e9tendre pleinement et de profiter d'une exp\u00e9rience confortable pendant son repos.<\/p>\n<p><strong>\u25cf Facile \u00e0 nettoyer\uff1a<\/strong><\/p>\n<p>Le matelas amovible facilite le nettoyage et l'entretien, ce qui permet \u00e0 votre lit de rester propre et hygi\u00e9nique, cr\u00e9ant ainsi un environnement de repos sain pour votre animal.<\/p>\n<p><strong>\u25cfNon-Slip Bottom\uff1a (Fond antid\u00e9rapant)<\/strong><\/p>\n<p>Le fond est con\u00e7u avec un mat\u00e9riau antid\u00e9rapant, am\u00e9liorant la stabilit\u00e9 du lit pour animaux et l'emp\u00eachant de glisser pendant les activit\u00e9s de votre animal, garantissant ainsi sa s\u00e9curit\u00e9.<\/p>\n<p><strong>\u25cfVari\u00e9t\u00e9 de tailles et de couleurs\uff1a<\/strong><\/p>\n<p>Disponible en plusieurs tailles et couleurs pour s'adapter aux diff\u00e9rentes tailles d'animaux et aux diff\u00e9rents styles de maison, ce qui permet \u00e0 chaque acheteur de trouver l'option parfaite.<\/p>\n<p><strong>\u25cfConvient pour une utilisation \u00e0 l'int\u00e9rieur et \u00e0 l'ext\u00e9rieur:\uff1a<\/strong><\/p>\n<p>Ce lit pour animaux de compagnie convient non seulement \u00e0 un usage domestique, mais peut \u00e9galement \u00eatre utilis\u00e9 \u00e0 l'ext\u00e9rieur pour le camping et les voyages, r\u00e9pondant ainsi aux besoins de confort de votre animal de compagnie dans diff\u00e9rents environnements.<\/p>\n<p>&nbsp;<\/p>\n<h2><span style=\"color: #ff6600;\">Avantages pour le commerce de gros et l'exportation :<\/span><\/h2>\n<p>\u25cf Approvisionnement direct de l'usine - Tous les produits sont fabriqu\u00e9s en interne, ce qui garantit des co\u00fbts comp\u00e9titifs et une qualit\u00e9 constante pour les grossistes en fontaines d'eau automatiques.<\/p>\n<p>\u25cf \u00c9chantillons gratuits - Les frais d'\u00e9chantillonnage sont rembours\u00e9s apr\u00e8s confirmation officielle de la commande.<\/p>\n<p>\u25cf MOQ flexible - Convient aux startups ou aux commandes en gros de petits volumes.<\/p>\n<p>\u25cf Production et livraison rapides - D\u00e9lai standard de 15 \u00e0 30 jours, selon la taille de la commande ; possibilit\u00e9 de commandes urgentes.<\/p>\n<p>\u25cf Contr\u00f4le de qualit\u00e9 strict - Chaque unit\u00e9 subit un test de distance, un test de bouton, une inspection de l'\u00e9tanch\u00e9it\u00e9 et des contr\u00f4les de s\u00e9curit\u00e9 de la batterie.<\/p>\n<p>\u25cf Riche exp\u00e9rience en mati\u00e8re d'exportation - Approvisionnement dans plus de 100 pays avec un soutien complet en mati\u00e8re de documentation et de logistique d'exportation.<\/p>\n<p>\u25cf Assistance \u00e0 vie - Des \u00e9quipes commerciales et techniques professionnelles assurent une assistance apr\u00e8s-vente continue.<\/p>\n<p>&nbsp;<\/p>\n<h2><span style=\"color: #ff6600;\">FAQ \u00e0 propos du nid rond pour chien :<\/span><\/h2>\n<p><strong>Q1: Is this real memory foam, or just regular egg-crate foam?<\/strong><br \/>\nA: We use 100% high-density orthopedic memory foam, which provides superior pressure relief compared to standard foam. It won&#8217;t flatten over time, ensuring your large dog gets consistent joint support for years.<\/p>\n<p>&nbsp;<\/p>\n<p><strong>Q2: Will this bed help my dog with arthritis or hip dysplasia?<\/strong><br \/>\nA: Yes. The orthopedic base is designed to contour to your dog&#8217;s body, alleviating pressure on sensitive joints and improving mobility. It\u2019s highly recommended for aging pets or breeds prone to hip issues.<\/p>\n<p>&nbsp;<\/p>\n<p><strong>Q3: How durable is the cover? Can it withstand scratching?<\/strong><br \/>\nA: Our cover is made from heavy-duty, tear-resistant fabric designed for durability. While not &#8220;indestructible&#8221; for aggressive chewers, it handles regular nesting and scratching with ease.<\/p>\n<p>&nbsp;<\/p>\n<p><strong>Q4: Is the cover easy to clean and waterproof?<\/strong><br \/>\nA: Absolutely. The outer cover is fully removable and machine-washable. Additionally, there is a waterproof inner liner to protect the memory foam from accidents and spills.<\/p>\n<p>&nbsp;<\/p>\n<p><strong>Q5: Is the bottom non-slip for hardwood floors?<\/strong><br \/>\nA: Yes. The bed features a non-skid rubber bottom, ensuring it stays securely in place when your large dog jumps on or off, preventing any accidental sliding.<\/p>\n<p>&nbsp;<\/p>\n<p><strong>Q6: What if the bed arrives compressed? How long does it take to expand?<\/strong><br \/>\nA: To reduce our carbon footprint, we ship compressed. Simply unbox it, and it will typically expand to its full shape within 24\u201348 hours.<\/p>\n<p>&nbsp;<\/p>\n<p>&nbsp;<\/p>\n<h2><span style=\"color: #ff6600;\">Applications et caract\u00e9ristiques connexes\uff1a<\/span><\/h2>\n<p>&nbsp;<\/p>\n<p>&nbsp;<\/p>\n<p>&nbsp;<\/p>\n<p>&nbsp;<\/p>","protected":false},"excerpt":{"rendered":"<p>Say goodbye to pet anxiety. Transform your dog&#8217;s sleep experience with our viral Donut Bed. Shop now to enjoy 25% OFF and give your best friend the cozy hug they\u2019ve been dreaming of!<\/p>\n<p>Does your big dog love to nest? Our XL Donut Bed offers the perfect sanctuary for deep relaxation. Click here to grab yours\u2014Free shipping on all orders over $50!<\/p>\n<p>The softest bed your pet will ever own. Luxury meets comfort in a design your home will love. Order today and join over 10,000 happy pet parents worldwide!<\/p>","protected":false},"featured_media":8184,"comment_status":"open","ping_status":"closed","template":"","meta":[],"product_brand":[],"product_cat":[51],"product_tag":[180,178,179,177,176],"class_list":{"0":"post-7906","1":"product","2":"type-product","3":"status-publish","4":"has-post-thumbnail","6":"product_cat-pet-bed","7":"product_tag-custom-medium-donut-dog-bed","8":"product_tag-donut-dog-bed-washable","9":"product_tag-fuzzy-donut-dog-bed","10":"product_tag-large-donut-bed-for-dogs","11":"product_tag-original-calming-donut-dog-bed","12":"description-off","14":"first","15":"instock","16":"shipping-taxable","17":"product-type-simple"},"_links":{"self":[{"href":"https:\/\/honeypetty.com\/fr\/wp-json\/wp\/v2\/product\/7906","targetHints":{"allow":["GET"]}}],"collection":[{"href":"https:\/\/honeypetty.com\/fr\/wp-json\/wp\/v2\/product"}],"about":[{"href":"https:\/\/honeypetty.com\/fr\/wp-json\/wp\/v2\/types\/product"}],"replies":[{"embeddable":true,"href":"https:\/\/honeypetty.com\/fr\/wp-json\/wp\/v2\/comments?post=7906"}],"wp:featuredmedia":[{"embeddable":true,"href":"https:\/\/honeypetty.com\/fr\/wp-json\/wp\/v2\/media\/8184"}],"wp:attachment":[{"href":"https:\/\/honeypetty.com\/fr\/wp-json\/wp\/v2\/media?parent=7906"}],"wp:term":[{"taxonomy":"product_brand","embeddable":true,"href":"https:\/\/honeypetty.com\/fr\/wp-json\/wp\/v2\/product_brand?post=7906"},{"taxonomy":"product_cat","embeddable":true,"href":"https:\/\/honeypetty.com\/fr\/wp-json\/wp\/v2\/product_cat?post=7906"},{"taxonomy":"product_tag","embeddable":true,"href":"https:\/\/honeypetty.com\/fr\/wp-json\/wp\/v2\/product_tag?post=7906"}],"curies":[{"name":"wp","href":"https:\/\/api.w.org\/{rel}","templated":true}]}}