{"id":8390,"date":"2026-03-01T03:23:50","date_gmt":"2026-03-01T03:23:50","guid":{"rendered":"https:\/\/honeypetty.com\/?post_type=product&#038;p=8390"},"modified":"2026-03-01T03:25:52","modified_gmt":"2026-03-01T03:25:52","slug":"flower-shape-cat-scratch-tree-large-cat-tree-house-tower","status":"publish","type":"product","link":"https:\/\/honeypetty.com\/fr\/produit\/flower-shape-cat-scratch-tree-large-cat-tree-house-tower\/","title":{"rendered":"Arbre \u00e0 griffes pour chat en forme de fleur Grande maison pour chat Tour"},"content":{"rendered":"<h2><span style=\"color: #ff6600;\">Pr\u00e9sentation du produit :<\/span><\/h2>\n<p>Le 2026 Large Dog Sofa-Style Leather Orthopedic Pet Bed est le choix parfait pour offrir un confort luxueux \u00e0 votre chien bien-aim\u00e9. Fabriqu\u00e9 en similicuir de haute qualit\u00e9, il est \u00e0 la fois durable et facile \u00e0 nettoyer, garantissant une utilisation durable sans usure. Le design orthop\u00e9dique unique s'adapte aux courbes du corps de votre chien, offrant un excellent soutien, r\u00e9duisant la pression sur les articulations et aidant \u00e0 maintenir une posture saine. Ce lit pour animaux de style canap\u00e9 est non seulement styl\u00e9 et \u00e9l\u00e9gant, s'int\u00e9grant parfaitement \u00e0 toute d\u00e9coration int\u00e9rieure, mais il est \u00e9galement dot\u00e9 d'un fond antid\u00e9rapant pour une s\u00e9curit\u00e9 accrue pendant les activit\u00e9s de votre animal de compagnie. Offrez \u00e0 votre grand chien un espace d\u00e9di\u00e9 et confortable pour profiter d'une vie de qualit\u00e9 \u00e0 la maison.<\/p>\n<p>&nbsp;<\/p>\n<h3><span style=\"color: #ff6600;\">Sp\u00e9cifications du produit :<\/span><\/h3>\n<table width=\"969\">\n<tbody>\n<tr>\n<td colspan=\"2\" width=\"483\">Caract\u00e9ristiques \u00e9cologiques<\/td>\n<td width=\"192\">\u00a0Animaux de compagnie concern\u00e9s<\/td>\n<td width=\"293\">Chiens<\/td>\n<\/tr>\n<tr>\n<td colspan=\"2\" width=\"483\">Instructions de lavage Lavage m\u00e9canique<\/td>\n<td width=\"192\">\u00a0Mat\u00e9riau<\/td>\n<td width=\"293\">Fausse fourrure<\/td>\n<\/tr>\n<tr>\n<td colspan=\"2\" width=\"483\">Lieu d'origine Zhejiang.China<\/td>\n<td width=\"192\">\u00a0Nom de la marque<\/td>\n<td width=\"293\">Miel<\/td>\n<\/tr>\n<tr>\n<td colspan=\"2\" width=\"483\">Num\u00e9ro de mod\u00e8le FUNO06<\/td>\n<td width=\"192\">\u00a0Mod\u00e8le<\/td>\n<td width=\"293\">Solide<\/td>\n<\/tr>\n<tr>\n<td colspan=\"2\" width=\"483\">Couleur brun, gris, noir<\/td>\n<td width=\"192\">\u00a0Nom du produit<\/td>\n<td width=\"293\">cosy cuddler fauxfur luxury pet<br \/>\nlit<\/td>\n<\/tr>\n<tr>\n<td width=\"191\">Mots cl\u00e9s<\/td>\n<td width=\"291\">\u00a0lits pour chiens en fausse fourrure<br \/>\nlit de luxe pour animaux de compagnie<\/td>\n<td width=\"192\">\u00a0MOQ<\/td>\n<td width=\"293\">100<\/td>\n<\/tr>\n<tr>\n<td width=\"191\">Couverture<\/td>\n<td width=\"291\">\u00a0Toile, fausse fourrure<\/td>\n<td width=\"192\">\u00a0Remplissage<\/td>\n<td width=\"293\">coton pp<\/td>\n<\/tr>\n<tr>\n<td width=\"191\">Autre nom<\/td>\n<td width=\"291\">\u00a0lit orthop\u00e9dique pour animaux en fausse fourrure<br \/>\nlit de luxe pour animaux de compagnie<\/td>\n<td width=\"192\">\u00a0Paiement<\/td>\n<td width=\"293\">T\/T<\/td>\n<\/tr>\n<tr>\n<td width=\"191\">Objet<\/td>\n<td width=\"291\">\u00a0Chiot en toile fausse fourrure luxe<br \/>\nlit pour animaux<\/td>\n<td width=\"192\">\u00a0OEM<\/td>\n<td width=\"293\">Disponible<\/td>\n<\/tr>\n<\/tbody>\n<\/table>\n<h3><\/h3>\n<h3><span style=\"color: #ff6600;\">Caract\u00e9ristiques principales du lit pour chien extra large en forme de beignet :<\/span><\/h3>\n<p><strong>\u25cfMat\u00e9riaux de haute qualit\u00e9 :<\/strong><br \/>\nFabriqu\u00e9 en toile de haute qualit\u00e9, il est r\u00e9sistant \u00e0 l'usure et durable, capable de r\u00e9sister \u00e0 l'utilisation quotidienne par les animaux de compagnie et de conserver l'aspect et les performances du lit pendant longtemps.<\/p>\n<p><strong>\u25cfComfortable Design\uff1a<\/strong><\/p>\n<p>Le matelas est rempli de mousse souple \u00e0 haute densit\u00e9, offrant un excellent soutien et permettant \u00e0 votre animal de se d\u00e9tendre pleinement et de profiter d'une exp\u00e9rience confortable pendant son repos.<\/p>\n<p><strong>\u25cf Facile \u00e0 nettoyer\uff1a<\/strong><\/p>\n<p>Le matelas amovible facilite le nettoyage et l'entretien, ce qui permet \u00e0 votre lit de rester propre et hygi\u00e9nique, cr\u00e9ant ainsi un environnement de repos sain pour votre animal.<\/p>\n<p><strong>\u25cfNon-Slip Bottom\uff1a (Fond antid\u00e9rapant)<\/strong><\/p>\n<p>Le fond est con\u00e7u avec un mat\u00e9riau antid\u00e9rapant, am\u00e9liorant la stabilit\u00e9 du lit pour animaux et l'emp\u00eachant de glisser pendant les activit\u00e9s de votre animal, garantissant ainsi sa s\u00e9curit\u00e9.<\/p>\n<p><strong>\u25cfVari\u00e9t\u00e9 de tailles et de couleurs\uff1a<\/strong><\/p>\n<p>Disponible en plusieurs tailles et couleurs pour s'adapter aux diff\u00e9rentes tailles d'animaux et aux diff\u00e9rents styles de maison, ce qui permet \u00e0 chaque acheteur de trouver l'option parfaite.<\/p>\n<p><strong>\u25cfConvient pour une utilisation \u00e0 l'int\u00e9rieur et \u00e0 l'ext\u00e9rieur:\uff1a<\/strong><\/p>\n<p>Ce lit pour animaux de compagnie convient non seulement \u00e0 un usage domestique, mais peut \u00e9galement \u00eatre utilis\u00e9 \u00e0 l'ext\u00e9rieur pour le camping et les voyages, r\u00e9pondant ainsi aux besoins de confort de votre animal de compagnie dans diff\u00e9rents environnements.<\/p>\n<p>&nbsp;<\/p>\n<h2><span style=\"color: #ff6600;\">Avantages pour le commerce de gros et l'exportation :<\/span><\/h2>\n<p>\u25cf Approvisionnement direct de l'usine - Tous les produits sont fabriqu\u00e9s en interne, ce qui garantit des co\u00fbts comp\u00e9titifs et une qualit\u00e9 constante pour les grossistes en fontaines d'eau automatiques.<\/p>\n<p>\u25cf \u00c9chantillons gratuits - Les frais d'\u00e9chantillonnage sont rembours\u00e9s apr\u00e8s confirmation officielle de la commande.<\/p>\n<p>\u25cf MOQ flexible - Convient aux startups ou aux commandes en gros de petits volumes.<\/p>\n<p>\u25cf Production et livraison rapides - D\u00e9lai standard de 15 \u00e0 30 jours, selon la taille de la commande ; possibilit\u00e9 de commandes urgentes.<\/p>\n<p>\u25cf Contr\u00f4le de qualit\u00e9 strict - Chaque unit\u00e9 subit un test de distance, un test de bouton, une inspection de l'\u00e9tanch\u00e9it\u00e9 et des contr\u00f4les de s\u00e9curit\u00e9 de la batterie.<\/p>\n<p>\u25cf Riche exp\u00e9rience en mati\u00e8re d'exportation - Approvisionnement dans plus de 100 pays avec un soutien complet en mati\u00e8re de documentation et de logistique d'exportation.<\/p>\n<p>\u25cf Assistance \u00e0 vie - Des \u00e9quipes commerciales et techniques professionnelles assurent une assistance apr\u00e8s-vente continue.<\/p>\n<p>&nbsp;<\/p>\n<h2><span style=\"color: #ff6600;\">FAQ \u00e0 propos du nid rond pour chien :<\/span><\/h2>\n<p><strong>Q1 : Ce tissu en cuir est-il suffisamment confortable et doux pour les grands chiens ?<\/strong><br \/>\nR\u00e9ponse : Absolument. Nous utilisons notre cuir technique 2026, fabriqu\u00e9 sur mesure et doux au toucher, qui est chaud et lisse comme du cuir v\u00e9ritable et qui a une excellente respirabilit\u00e9. Il ne contient pas d'odeurs chimiques irritantes, ce qui permet aux grands chiens de rester au sec et \u00e0 l'aise, m\u00eame pendant un sommeil prolong\u00e9.<\/p>\n<p>&nbsp;<\/p>\n<p><strong>Q2 : Comment la mousse \u00e0 m\u00e9moire de forme supporte-t-elle le poids des grands chiens ?<\/strong><br \/>\nR\u00e9ponse : Un soutien extr\u00eame. En tant qu'usine d'origine, nous utilisons un noyau de mousse orthop\u00e9dique \u00e0 m\u00e9moire de forme de 4 pouces \u00e0 haute densit\u00e9, sp\u00e9cialement con\u00e7u pour les grands chiens. Il absorbe pr\u00e9cis\u00e9ment la pression, emp\u00eache l'affaissement et prot\u00e8ge efficacement les articulations et la colonne vert\u00e9brale vuln\u00e9rables des grands chiens.<\/p>\n<p>&nbsp;<\/p>\n<p><strong>Q3 : Le tissu en cuir r\u00e9siste-t-il aux rayures ? Peut-il r\u00e9sister \u00e0 la puissance destructrice des grands chiens ?<\/strong><br \/>\nR\u00e9ponse : Extr\u00eamement durable. Ce cuir a subi 100 000 tests de friction et pr\u00e9sente une r\u00e9sistance significative aux rayures et aux d\u00e9chirures. Associ\u00e9 au processus unique de double couture \u00e9paissie de notre usine, il peut facilement r\u00e9sister aux rayures quotidiennes et \u00e0 l'usure des grands chiens.<\/p>\n<p>&nbsp;<\/p>\n<p>Q4 : Est-il facile \u00e0 nettoyer ? Peut-il \u00e9liminer compl\u00e8tement les odeurs ?<br \/>\nR\u00e9ponse : Tr\u00e8s facile \u00e0 entretenir. Le tissu en cuir est naturellement imperm\u00e9able et r\u00e9sistant aux taches ; un chiffon humide suffit pour le nettoyage quotidien. Nous avons \u00e9galement ajout\u00e9 une technologie de rev\u00eatement antibact\u00e9rien pour inhiber la g\u00e9n\u00e9ration d'odeurs \u00e0 la source, afin que votre environnement domestique reste frais, professionnel et haut de gamme.<\/p>\n<p>Q5 : Les mat\u00e9riaux sont-ils s\u00fbrs et respectueux de l'environnement ? Existe-t-il des certifications pertinentes ?<br \/>\nR\u00e9ponse : Vos pr\u00e9occupations sont nos normes. Tous les mat\u00e9riaux ont obtenu les certifications environnementales OEKO-TEX et REACH, et sont exempts de plomb et de formald\u00e9hyde. Nous appliquons les normes rigoureuses de la fabrication de produits de qualit\u00e9 m\u00e9dicale pour cr\u00e9er un espace de couchage sans danger pour vos animaux de compagnie.<\/p>\n<p>Q6 : Proposez-vous la personnalisation en masse ou le dropshipping ?<br \/>\nR\u00e9ponse : Un soutien flexible. En tant que fournisseur ayant de nombreuses ann\u00e9es d'exp\u00e9rience dans l'industrie, nous offrons des solutions de personnalisation OEM\/ODM flexibles. Gr\u00e2ce \u00e0 l'efficacit\u00e9 de notre cha\u00eene d'approvisionnement, nous garantissons des d\u00e9lais de livraison stables et des prix directs d'usine tr\u00e8s comp\u00e9titifs, ce qui permet \u00e0 votre marque de conna\u00eetre une croissance rapide.<\/p>\n<p>&nbsp;<\/p>\n<p>&nbsp;<\/p>\n<h2><span style=\"color: #ff6600;\">Applications et caract\u00e9ristiques connexes\uff1a<\/span><\/h2>\n<p>&nbsp;<\/p>\n<p>&nbsp;<\/p>\n<p>&nbsp;<\/p>\n<p>&nbsp;<\/p>","protected":false},"excerpt":{"rendered":"<p>Offrez \u00e0 votre grand chien une exp\u00e9rience de repos luxueuse ! Choisissez le lit orthop\u00e9dique en cuir pour grand chien 2026 et laissez votre compagnon canin profiter d'un confort et d'un soutien in\u00e9gal\u00e9s. Ses mat\u00e9riaux de haute qualit\u00e9 et sa conception m\u00e9ticuleuse garantissent \u00e0 votre animal de compagnie des soins optimaux pendant son repos. Achetez ce canap\u00e9-lit id\u00e9al pour eux d\u00e8s aujourd'hui ! Faites en sorte que chaque moment de sommeil soit rempli de paix et de bonheur. Agissez d\u00e8s maintenant et cr\u00e9ez un espace de vie chaleureux et confortable pour votre chien, en en faisant son lieu de repos pr\u00e9f\u00e9r\u00e9 !<\/p>","protected":false},"featured_media":8391,"comment_status":"open","ping_status":"closed","template":"","meta":[],"product_brand":[],"product_cat":[52],"product_tag":[287,285,283,284,286],"class_list":{"0":"post-8390","1":"product","2":"type-product","3":"status-publish","4":"has-post-thumbnail","6":"product_cat-cat-tree","7":"product_tag-cat-scratcher-tree-house","8":"product_tag-cat-tree-house-for-large-cats","9":"product_tag-cat-tree-house-indoor-custom","10":"product_tag-large-cat-tree-house-wholesale","11":"product_tag-modern-cat-tree-house","12":"description-off","14":"first","15":"instock","16":"shipping-taxable","17":"product-type-simple"},"_links":{"self":[{"href":"https:\/\/honeypetty.com\/fr\/wp-json\/wp\/v2\/product\/8390","targetHints":{"allow":["GET"]}}],"collection":[{"href":"https:\/\/honeypetty.com\/fr\/wp-json\/wp\/v2\/product"}],"about":[{"href":"https:\/\/honeypetty.com\/fr\/wp-json\/wp\/v2\/types\/product"}],"replies":[{"embeddable":true,"href":"https:\/\/honeypetty.com\/fr\/wp-json\/wp\/v2\/comments?post=8390"}],"wp:featuredmedia":[{"embeddable":true,"href":"https:\/\/honeypetty.com\/fr\/wp-json\/wp\/v2\/media\/8391"}],"wp:attachment":[{"href":"https:\/\/honeypetty.com\/fr\/wp-json\/wp\/v2\/media?parent=8390"}],"wp:term":[{"taxonomy":"product_brand","embeddable":true,"href":"https:\/\/honeypetty.com\/fr\/wp-json\/wp\/v2\/product_brand?post=8390"},{"taxonomy":"product_cat","embeddable":true,"href":"https:\/\/honeypetty.com\/fr\/wp-json\/wp\/v2\/product_cat?post=8390"},{"taxonomy":"product_tag","embeddable":true,"href":"https:\/\/honeypetty.com\/fr\/wp-json\/wp\/v2\/product_tag?post=8390"}],"curies":[{"name":"wp","href":"https:\/\/api.w.org\/{rel}","templated":true}]}}