{"id":7846,"date":"2026-01-27T05:39:57","date_gmt":"2026-01-27T05:39:57","guid":{"rendered":"https:\/\/honeypetty.com\/?post_type=product&#038;p=7846"},"modified":"2026-02-04T12:49:03","modified_gmt":"2026-02-04T12:49:03","slug":"2-5l-automatic-stainless-steel-pet-drinking-fountain-wholesale","status":"publish","type":"product","link":"https:\/\/honeypetty.com\/it\/prodotto\/2-5l-automatic-stainless-steel-pet-drinking-fountain-wholesale\/","title":{"rendered":"2.5L Automatic Stainless Steel Pet Drinking Fountain Wholesale"},"content":{"rendered":"<h2><span style=\"color: #ff6600;\">Introduzione al prodotto:<\/span><\/h2>\n<p>Our 2.5L smart automatic pet water dispenser, with its large capacity design, perfectly meets the drinking needs of a single cat for 7-10 days or a medium-sized dog for 3-5 days, making it an ideal choice for frequent travelers. The circulating water system mimics a natural stream, stimulating your cat&#8217;s natural hunting instincts and increasing daily water intake by over 30%, effectively preventing urinary tract diseases.<\/p>\n<p>&nbsp;<\/p>\n<h3>Specifiche del prodotto:<\/h3>\n<table width=\"1009\">\n<tbody>\n<tr>\n<td width=\"191\">type<\/td>\n<td width=\"288\">Bowis<\/td>\n<td width=\"192\">Materiale<\/td>\n<td width=\"337\">Stainless\u00a0Steel<\/td>\n<\/tr>\n<tr>\n<td width=\"191\">Usage Scenarios<\/td>\n<td width=\"288\">Indoor<\/td>\n<td width=\"192\">Applicable Pet<\/td>\n<td width=\"337\">Cani<\/td>\n<\/tr>\n<tr>\n<td width=\"191\">Caratteristica<\/td>\n<td width=\"288\">Automatic<\/td>\n<td width=\"192\">Place Of Origin<\/td>\n<td width=\"337\">Guangdong.China<\/td>\n<\/tr>\n<tr>\n<td width=\"191\">Time Setting<\/td>\n<td width=\"288\">No<\/td>\n<td colspan=\"2\" width=\"529\">LCD Display\u00a0\u00a0\u00a0\u00a0\u00a0\u00a0\u00a0\u00a0\u00a0\u00a0\u00a0Yes<\/td>\n<\/tr>\n<tr>\n<td width=\"191\">Shape<\/td>\n<td width=\"288\">Rounded<\/td>\n<td width=\"192\">Power Source<\/td>\n<td width=\"337\">Charge<\/td>\n<\/tr>\n<tr>\n<td width=\"191\">Voltage<\/td>\n<td width=\"288\">110-240V<\/td>\n<td width=\"192\">Brand Name<\/td>\n<td width=\"337\">Honey<\/td>\n<\/tr>\n<tr>\n<td width=\"191\">Model Number<\/td>\n<td width=\"288\">BE-PT-1005<\/td>\n<td width=\"192\">Plug Type<\/td>\n<td width=\"337\">Brazilian\u00a0Plug.Us\u00a0Plug.Swiss<br \/>\nPlug.Italian\u00a0Plug.Israeli\u00a0Plug.\u2026<\/td>\n<\/tr>\n<tr>\n<td width=\"191\">Tipo<\/td>\n<td width=\"288\">Pet\u00a0Bowls\u00a0&amp;Feeders<\/td>\n<td width=\"192\">Bow &amp;Feeder Type<\/td>\n<td width=\"337\">Bowls,Cups\u00a0&amp;Pails<\/td>\n<\/tr>\n<\/tbody>\n<\/table>\n<p>&nbsp;<\/p>\n<h3><span style=\"color: #ff6600;\">Key Features of large capacity cat water fountain:<\/span><\/h3>\n<p><strong>\u25cfSmart Motion-Activated Water Flow<\/strong><br \/>\nReleases water automatically when pets approach (0\u20133m sensing range, 120\u00b0 angle), attracting pets to drink more frequently.<\/p>\n<p><strong>\u25cfTwo Working Modes<\/strong><br \/>\nChoose between motion-activated mode\u00a0(30s flow per trigger) and auto timed mode\u00a0(1-minute flow every 30 minutes).<\/p>\n<p><strong>\u25cfLarge 2.5L Capacity for Multiple Pets<\/strong><br \/>\nA true large cat water fountain\u00a0that supports up to 8.5 days*\u00a0of hydration for an adult 5kg cat; ideal for multi-cat families.<\/p>\n<p>*According to\u00a0<a href=\"https:\/\/www.honeypetty.com\" target=\"_blank\" rel=\"noopener\" data-lv=\"0\">honeypetty.com<\/a>, a healthy adult cat requires approx. 285ml of water per day. Actual duration varies by pet size and age.<\/p>\n<p><strong>\u25cfUpgraded 4-Stage Filtration System<\/strong><br \/>\nComposite filter includes PP cotton, coconut-shell activated carbon, and ion-exchange resin, plus a mesh filter to remove hair, odors, impurities, and soften water.<\/p>\n<p>&nbsp;<\/p>\n<h2><span style=\"color: #ff6600;\">OEM &amp; ODM Customization Service:<\/span><\/h2>\n<p>We are well aware of the stringent requirements of the overseas pet market regarding product safety and innovation. Honey&#8217;s OEM\/ODM services not only cover basic logo customization but also extend to industrial design (ID) and functional innovation.<\/p>\n<p>\u25cf Logo printing or laser engraving<\/p>\n<p>\u25cf Customized packaging, manuals, and barcode stickers<\/p>\n<p>\u25cf Pantone color customization<\/p>\n<p>\u25cf Private label services for Amazon sellers, chain retailers, and pet stores<\/p>\n<p>\u25cf Customizable fountain functions (e.g., adjustable flow time, low-water reminder, additional smart features)<\/p>\n<p>&nbsp;<\/p>\n<h2><span style=\"color: #ff6600;\">Vantaggi all'ingrosso e all'esportazione:<\/span><\/h2>\n<p>Fornitura diretta da parte della fabbrica - Tutti i prodotti sono fabbricati internamente, garantendo costi competitivi e qualit\u00e0 costante per i grossisti di fontane d'acqua automatiche.<\/p>\n<p>Campioni gratuiti - Le spese per i campioni vengono rimborsate dopo la conferma ufficiale dell'ordine.<\/p>\n<p>MOQ flessibile - Adatto a startup o ordini all'ingrosso di piccoli volumi.<\/p>\n<p>Produzione e consegna rapide - Tempi di consegna standard di 15-30 giorni, a seconda delle dimensioni dell'ordine; sono disponibili ordini urgenti.<\/p>\n<p>\u25cf Rigoroso controllo di qualit\u00e0 - Ogni unit\u00e0 viene sottoposta a test di distanza, test dei pulsanti, ispezione dell'impermeabilit\u00e0 e controlli di sicurezza della batteria.<\/p>\n<p>Ricca esperienza nell'esportazione - Forniamo in oltre 100 paesi con un supporto completo per la documentazione e la logistica delle esportazioni.<\/p>\n<p>Supporto a vita - Team di vendita e tecnici professionisti forniscono un'assistenza post-vendita continua.<\/p>\n<p>&nbsp;<\/p>\n<h2><span style=\"color: #ff6600;\">Applicazioni e caratteristiche correlate: il sistema<\/span><\/h2>\n<p><img fetchpriority=\"high\" decoding=\"async\" class=\"alignnone wp-image-7859 size-full\" src=\"http:\/\/honeypetty.com\/wp-content\/uploads\/2026\/01\/01-1.jpg\" alt=\"360 New Design Pet Water Dispenser \" width=\"931\" height=\"905\" srcset=\"https:\/\/honeypetty.com\/wp-content\/uploads\/2026\/01\/01-1.jpg 931w, https:\/\/honeypetty.com\/wp-content\/uploads\/2026\/01\/01-1-600x583.jpg 600w, https:\/\/honeypetty.com\/wp-content\/uploads\/2026\/01\/01-1-300x292.jpg 300w, https:\/\/honeypetty.com\/wp-content\/uploads\/2026\/01\/01-1-768x747.jpg 768w\" sizes=\"(max-width: 931px) 100vw, 931px\" \/><img decoding=\"async\" class=\"alignnone wp-image-7860 size-full\" src=\"http:\/\/honeypetty.com\/wp-content\/uploads\/2026\/01\/02.jpg\" alt=\"Smart Pet Drinking Fountain \" width=\"708\" height=\"615\" srcset=\"https:\/\/honeypetty.com\/wp-content\/uploads\/2026\/01\/02.jpg 708w, https:\/\/honeypetty.com\/wp-content\/uploads\/2026\/01\/02-600x521.jpg 600w, https:\/\/honeypetty.com\/wp-content\/uploads\/2026\/01\/02-300x261.jpg 300w\" sizes=\"(max-width: 708px) 100vw, 708px\" \/><\/p>","protected":false},"excerpt":{"rendered":"<p>Product Introduction: Our 2.5L smart automatic pet water dispenser, with its large capacity design, perfectly meets the drinking needs of a single cat for 7-10 days or a medium-sized dog for 3-5 days, making it an ideal choice for frequent travelers. The circulating water system mimics a natural stream, stimulating your cat&#8217;s natural hunting instincts&hellip;<\/p>","protected":false},"featured_media":7916,"comment_status":"open","ping_status":"closed","template":"","meta":[],"product_brand":[],"product_cat":[49],"product_tag":[62,64,65,66,63],"class_list":{"0":"post-7846","1":"product","2":"type-product","3":"status-publish","4":"has-post-thumbnail","6":"product_cat-pet-water-fountain","7":"product_tag-360-new-design-pet-water-dispenser","8":"product_tag-automatic-pet-water-fountains","9":"product_tag-buy-automatic-pet-water-fountain","10":"product_tag-cordless-smart-pet-water-fountain","11":"product_tag-smart-pet-drinking-fountain","12":"description-off","14":"first","15":"instock","16":"shipping-taxable","17":"product-type-simple"},"_links":{"self":[{"href":"https:\/\/honeypetty.com\/it\/wp-json\/wp\/v2\/product\/7846","targetHints":{"allow":["GET"]}}],"collection":[{"href":"https:\/\/honeypetty.com\/it\/wp-json\/wp\/v2\/product"}],"about":[{"href":"https:\/\/honeypetty.com\/it\/wp-json\/wp\/v2\/types\/product"}],"replies":[{"embeddable":true,"href":"https:\/\/honeypetty.com\/it\/wp-json\/wp\/v2\/comments?post=7846"}],"wp:featuredmedia":[{"embeddable":true,"href":"https:\/\/honeypetty.com\/it\/wp-json\/wp\/v2\/media\/7916"}],"wp:attachment":[{"href":"https:\/\/honeypetty.com\/it\/wp-json\/wp\/v2\/media?parent=7846"}],"wp:term":[{"taxonomy":"product_brand","embeddable":true,"href":"https:\/\/honeypetty.com\/it\/wp-json\/wp\/v2\/product_brand?post=7846"},{"taxonomy":"product_cat","embeddable":true,"href":"https:\/\/honeypetty.com\/it\/wp-json\/wp\/v2\/product_cat?post=7846"},{"taxonomy":"product_tag","embeddable":true,"href":"https:\/\/honeypetty.com\/it\/wp-json\/wp\/v2\/product_tag?post=7846"}],"curies":[{"name":"wp","href":"https:\/\/api.w.org\/{rel}","templated":true}]}}