{"id":7879,"date":"2026-01-31T07:51:25","date_gmt":"2026-01-31T07:51:25","guid":{"rendered":"https:\/\/honeypetty.com\/?post_type=product&#038;p=7879"},"modified":"2026-02-07T04:00:33","modified_gmt":"2026-02-07T04:00:33","slug":"wholesale-luxury-warm-waterproof-pet-blanket","status":"publish","type":"product","link":"https:\/\/honeypetty.com\/it\/prodotto\/wholesale-luxury-warm-waterproof-pet-blanket\/","title":{"rendered":"Wholesale Luxury Warm Waterproof Pet Blanket"},"content":{"rendered":"<h2><span style=\"color: #ff6600;\">Introduzione al prodotto:<\/span><\/h2>\n<p>This high-end pet blanket is designed for ultimate comfort in demanding environments. It features a three-layer composite structure: the top layer is made of ultra-soft, anti-static flannel for a luxurious feel; the core layer incorporates a 100% physical waterproof membrane to completely block urine and stains, protecting expensive furniture; and the bottom layer utilizes lambskin-like thermal insulation technology to mimic a mother dog&#8217;s body temperature.<\/p>\n<p>&nbsp;<\/p>\n<h3><span style=\"color: #ff6600;\">Specifiche del prodotto:<\/span><\/h3>\n<table width=\"962\">\n<tbody>\n<tr>\n<td width=\"192\">Caratteristica<\/td>\n<td width=\"288\">Impermeabile<\/td>\n<td width=\"191\">Animale domestico applicabile<\/td>\n<td width=\"290\">Cani<\/td>\n<\/tr>\n<tr>\n<td width=\"192\">Tipo<\/td>\n<td width=\"288\">Coperta<\/td>\n<td width=\"191\">Istruzioni per il lavaggio<\/td>\n<td width=\"290\">Lavaggio meccanico<\/td>\n<\/tr>\n<tr>\n<td width=\"192\">Materiale<\/td>\n<td width=\"288\">Pile<\/td>\n<td width=\"191\">Luogo di origine<\/td>\n<td width=\"290\">Jiangsu, Cina<\/td>\n<\/tr>\n<tr>\n<td width=\"192\">Stile<\/td>\n<td width=\"288\">Cut\u00e9<\/td>\n<td width=\"191\">Stagione<\/td>\n<td width=\"290\">Tutte le stagioni<\/td>\n<\/tr>\n<tr>\n<td width=\"192\">impermeabile<\/td>\n<td width=\"288\">Impermeabile<\/td>\n<td width=\"191\">Tipo<\/td>\n<td width=\"290\">Letti e accessori per animali domestici<\/td>\n<\/tr>\n<tr>\n<td width=\"192\">Letto e accessori<br \/>\nTipo<\/td>\n<td width=\"288\">Coperta per animali domestici<\/td>\n<td width=\"191\">Materiale<\/td>\n<td width=\"290\">Pile<\/td>\n<\/tr>\n<tr>\n<td width=\"192\">Funzione<\/td>\n<td width=\"288\">Riscaldare gli animali domestici<\/td>\n<td width=\"191\">MOQ<\/td>\n<td width=\"290\">20 pezzi<\/td>\n<\/tr>\n<tr>\n<td width=\"192\">Dimensione<\/td>\n<td width=\"288\">Dimensione personalizzata<\/td>\n<td width=\"191\">Colore<\/td>\n<td width=\"290\">Colore personalizzato<\/td>\n<\/tr>\n<tr>\n<td width=\"192\">Utilizzo<\/td>\n<td width=\"288\">Animali domestici che dormono<\/td>\n<td width=\"191\">Pagamento<\/td>\n<td width=\"290\">L\/C, TT<\/td>\n<\/tr>\n<\/tbody>\n<\/table>\n<h3><\/h3>\n<h3><span style=\"color: #ff6600;\">Key Features of waterproof pet blankets:<\/span><\/h3>\n<p><strong>\u25cfPremium Materials:\u00a0<\/strong><br \/>\nMade with high-grade fleece and microfiber materials, it provides an exceptionally soft touch, allowing pets to enjoy a comfortable and warm experience, while also being durable and easy to clean.<\/p>\n<p><strong>\u25cfThermal Performance<\/strong><br \/>\nThe blanket is designed to effectively maintain your pet&#8217;s body temperature in various climates, making it especially suitable for use in cold regions, ensuring your pet stays warm during the winter.<\/p>\n<p><strong>\u25cfWaterproof and Moisture-Proof<\/strong><br \/>\nThe special waterproof layer effectively resists liquid penetration, protecting furniture and floors from accidental pet messes and reducing cleaning difficulties.<\/p>\n<p><strong>\u25cfLightweight and Portable<\/strong><br \/>\nIts lightweight design and easy folding make it convenient for travel or outdoor activities, providing a comfortable environment for your pet anytime, anywhere.<\/p>\n<p><strong>\u25cfMultifunctional Use<\/strong><\/p>\n<p>It can be used not only as a pet bed but also as a car seat protector, picnic mat, or home decor, meeting various usage scenarios and increasing the product&#8217;s value.<\/p>\n<p><strong>\u25cfStylish Design<\/strong><\/p>\n<p>Available in a variety of colors and patterns, it is both beautiful and practical, blending seamlessly with different home decor styles, enhancing the overall aesthetics of your home and appealing to pet lovers.<\/p>\n<p>&nbsp;<\/p>\n<h2><span style=\"color: #ff6600;\">Vantaggi all'ingrosso e all'esportazione:<\/span><\/h2>\n<p>Fornitura diretta da parte della fabbrica - Tutti i prodotti sono fabbricati internamente, garantendo costi competitivi e qualit\u00e0 costante per i grossisti di fontane d'acqua automatiche.<\/p>\n<p>Campioni gratuiti - Le spese per i campioni vengono rimborsate dopo la conferma ufficiale dell'ordine.<\/p>\n<p>MOQ flessibile - Adatto a startup o ordini all'ingrosso di piccoli volumi.<\/p>\n<p>Produzione e consegna rapide - Tempi di consegna standard di 15-30 giorni, a seconda delle dimensioni dell'ordine; sono disponibili ordini urgenti.<\/p>\n<p>\u25cf Rigoroso controllo di qualit\u00e0 - Ogni unit\u00e0 viene sottoposta a test di distanza, test dei pulsanti, ispezione dell'impermeabilit\u00e0 e controlli di sicurezza della batteria.<\/p>\n<p>Ricca esperienza nell'esportazione - Forniamo in oltre 100 paesi con un supporto completo per la documentazione e la logistica delle esportazioni.<\/p>\n<p>Supporto a vita - Team di vendita e tecnici professionisti forniscono un'assistenza post-vendita continua.<\/p>\n<p>&nbsp;<\/p>\n<h2><span style=\"color: #ff6600;\">FAQ About Luxury Waterproof Pet Blanket:<\/span><\/h2>\n<p><strong>Q1: How does the waterproof barrier work?<\/strong><br \/>\nA: We use a built-in TPU waterproof membrane laminated between fabric layers. It\u2019s 100% leak-proof, crinkle-free, and stays effective even after 50+ machine washes, unlike cheap spray-on coatings.<\/p>\n<p>&nbsp;<\/p>\n<p><strong>Q2: How do you handle private labeling and custom packaging?<\/strong><br \/>\nA: We provide a one-stop branding solution. We can sew your woven labels, add embroidered logos, and design custom eco-friendly packaging (such as FSC-certified paper bands or vacuum bags). Vacuum packaging is highly recommended for bulk orders as it reduces shipping volume by up to 60%, significantly lowering your landed cost.<\/p>\n<p>&nbsp;<\/p>\n<p><strong>Q3: Are the materials safe for sensitive pets?<\/strong><br \/>\nA: Yes. All fabrics are OEKO-TEX Standard 100 certified, non-toxic, and lead-free. We use eco-friendly dyes that are safe for pets to chew or snuggle, meeting strict US and EU safety standards.<\/p>\n<p>&nbsp;<\/p>\n<p><strong>Q4: Can you help reduce shipping costs for bulk orders?<\/strong><br \/>\nA: Definitely. We offer professional vacuum packaging, which reduces the volume by up to 60%. This significantly lowers your ocean\/air freight costs and maximizes your warehouse space.<\/p>\n<p>&nbsp;<\/p>\n<p><strong>Q5: What is the lead time for a 40HQ container?<\/strong><br \/>\nA: For mass production, our lead time is typically 35-40 days. If you choose our in-stock premium fabrics, we can expedite the process to 15-20 days to help you catch peak selling seasons.<\/p>\n<p>&nbsp;<\/p>\n<p><strong>Q6: Do you provide samples for quality testing?<\/strong><br \/>\nA: Yes. We provide pre-production samples for your review. We can also ship samples directly to your third-party inspection agency to verify the waterproof and thermal performance.<\/p>\n<p>&nbsp;<\/p>\n<h2><span style=\"color: #ff6600;\">Applicazioni e caratteristiche correlate: il sistema<\/span><\/h2>\n<p>&nbsp;<\/p>\n<p>&nbsp;<\/p>\n<p>&nbsp;<\/p>\n<p>&nbsp;<\/p>","protected":false},"excerpt":{"rendered":"<p>Ushering in the era of intelligent hydration 2.0, defining your brand&#8217;s excellence with cutting-edge technology!<\/p>\n<p>Don&#8217;t let mediocre products limit your profits. Honeypetty&#8217;s advanced intelligent water dispenser, with its precise sensing technology and top-tier industrial design, has become the flagship standard for high-net-worth brands in North America and Europe.<\/p>","protected":false},"featured_media":7983,"comment_status":"open","ping_status":"closed","template":"","meta":[],"product_brand":[],"product_cat":[50],"product_tag":[112,113,111,110,114],"class_list":{"0":"post-7879","1":"product","2":"type-product","3":"status-publish","4":"has-post-thumbnail","6":"product_cat-pet-blanket","7":"product_tag-100-waterproof-pet-dog-blanket","8":"product_tag-durable-soft-pet-fleece-blanket","9":"product_tag-washable-puppy-dog-cat-blanket","10":"product_tag-waterproof-pet-blanket-wholesale","11":"product_tag-waterproof-pet-printed-blanket","12":"description-off","14":"first","15":"instock","16":"shipping-taxable","17":"product-type-simple"},"_links":{"self":[{"href":"https:\/\/honeypetty.com\/it\/wp-json\/wp\/v2\/product\/7879","targetHints":{"allow":["GET"]}}],"collection":[{"href":"https:\/\/honeypetty.com\/it\/wp-json\/wp\/v2\/product"}],"about":[{"href":"https:\/\/honeypetty.com\/it\/wp-json\/wp\/v2\/types\/product"}],"replies":[{"embeddable":true,"href":"https:\/\/honeypetty.com\/it\/wp-json\/wp\/v2\/comments?post=7879"}],"wp:featuredmedia":[{"embeddable":true,"href":"https:\/\/honeypetty.com\/it\/wp-json\/wp\/v2\/media\/7983"}],"wp:attachment":[{"href":"https:\/\/honeypetty.com\/it\/wp-json\/wp\/v2\/media?parent=7879"}],"wp:term":[{"taxonomy":"product_brand","embeddable":true,"href":"https:\/\/honeypetty.com\/it\/wp-json\/wp\/v2\/product_brand?post=7879"},{"taxonomy":"product_cat","embeddable":true,"href":"https:\/\/honeypetty.com\/it\/wp-json\/wp\/v2\/product_cat?post=7879"},{"taxonomy":"product_tag","embeddable":true,"href":"https:\/\/honeypetty.com\/it\/wp-json\/wp\/v2\/product_tag?post=7879"}],"curies":[{"name":"wp","href":"https:\/\/api.w.org\/{rel}","templated":true}]}}