{"id":7892,"date":"2026-02-03T03:09:51","date_gmt":"2026-02-03T03:09:51","guid":{"rendered":"https:\/\/honeypetty.com\/?post_type=product&#038;p=7892"},"modified":"2026-02-07T04:10:51","modified_gmt":"2026-02-07T04:10:51","slug":"christmas-tree-rabbit-fur-tpu-composite-waterproof-pet-blanket","status":"publish","type":"product","link":"https:\/\/honeypetty.com\/it\/prodotto\/christmas-tree-rabbit-fur-tpu-composite-waterproof-pet-blanket\/","title":{"rendered":"Christmas Tree Rabbit Fur TPU Composite Waterproof Pet Blanket"},"content":{"rendered":"<h2><span style=\"color: #ff6600;\">Introduzione al prodotto:<\/span><\/h2>\n<p>Elevate your pet\u2019s comfort with our Luxurious Christmas Tree Pattern Faux Rabbit Fur Blanket. This premium blanket features an ultra-soft faux rabbit fur surface for a cloud-like touch, combined with a hidden TPU waterproof layer to effectively block spills and accidents, keeping your furniture pristine. The festive Christmas tree texture adds a sophisticated holiday vibe to any home decor. Designed with a high-performance TPU composite structure, it remains breathable yet fully leak-proof. Durable, machine washable, and incredibly cozy\u2014it\u2019s the perfect blend of seasonal style and all-season protection for your furry family members.<\/p>\n<p>&nbsp;<\/p>\n<h3><span style=\"color: #ff6600;\">Specifiche del prodotto:<\/span><\/h3>\n<table width=\"962\">\n<tbody>\n<tr>\n<td width=\"192\">Caratteristica<\/td>\n<td width=\"288\">Impermeabile<\/td>\n<td width=\"191\">Animale domestico applicabile<\/td>\n<td width=\"290\">Cani<\/td>\n<\/tr>\n<tr>\n<td width=\"192\">Tipo<\/td>\n<td width=\"288\">Coperta<\/td>\n<td width=\"191\">Istruzioni per il lavaggio<\/td>\n<td width=\"290\">Lavaggio meccanico<\/td>\n<\/tr>\n<tr>\n<td width=\"192\">Materiale<\/td>\n<td width=\"288\">Pile<\/td>\n<td width=\"191\">Luogo di origine<\/td>\n<td width=\"290\">Jiangsu, Cina<\/td>\n<\/tr>\n<tr>\n<td width=\"192\">Stile<\/td>\n<td width=\"288\">Cut\u00e9<\/td>\n<td width=\"191\">Stagione<\/td>\n<td width=\"290\">Tutte le stagioni<\/td>\n<\/tr>\n<tr>\n<td width=\"192\">impermeabile<\/td>\n<td width=\"288\">Impermeabile<\/td>\n<td width=\"191\">Tipo<\/td>\n<td width=\"290\">Letti e accessori per animali domestici<\/td>\n<\/tr>\n<tr>\n<td width=\"192\">Letto e accessori<br \/>\nTipo<\/td>\n<td width=\"288\">Coperta per animali domestici<\/td>\n<td width=\"191\">Materiale<\/td>\n<td width=\"290\">Pile<\/td>\n<\/tr>\n<tr>\n<td width=\"192\">Funzione<\/td>\n<td width=\"288\">Riscaldare gli animali domestici<\/td>\n<td width=\"191\">MOQ<\/td>\n<td width=\"290\">20 pezzi<\/td>\n<\/tr>\n<tr>\n<td width=\"192\">Dimensione<\/td>\n<td width=\"288\">Dimensione personalizzata<\/td>\n<td width=\"191\">Colore<\/td>\n<td width=\"290\">Colore personalizzato<\/td>\n<\/tr>\n<tr>\n<td width=\"192\">Utilizzo<\/td>\n<td width=\"288\">Animali domestici che dormono<\/td>\n<td width=\"191\">Pagamento<\/td>\n<td width=\"290\">L\/C, TT<\/td>\n<\/tr>\n<\/tbody>\n<\/table>\n<h3><\/h3>\n<p>&nbsp;<\/p>\n<h3><span style=\"color: #ff6600;\">Key Features of waterproof pet blankets:<\/span><\/h3>\n<p><strong>\u25cfPremium Materials:\u00a0<\/strong><br \/>\nMade with high-grade fleece and microfiber materials, it provides an exceptionally soft touch, allowing pets to enjoy a comfortable and warm experience, while also being durable and easy to clean.<\/p>\n<p><strong>\u25cfThermal Performance<\/strong><br \/>\nThe blanket is designed to effectively maintain your pet&#8217;s body temperature in various climates, making it especially suitable for use in cold regions, ensuring your pet stays warm during the winter.<\/p>\n<p><strong>\u25cfWaterproof and Moisture-Proof<\/strong><br \/>\nThe special waterproof layer effectively resists liquid penetration, protecting furniture and floors from accidental pet messes and reducing cleaning difficulties.<\/p>\n<p><strong>\u25cfLightweight and Portable<\/strong><br \/>\nIts lightweight design and easy folding make it convenient for travel or outdoor activities, providing a comfortable environment for your pet anytime, anywhere.<\/p>\n<p><strong>\u25cfMultifunctional Use<\/strong><\/p>\n<p>It can be used not only as a pet bed but also as a car seat protector, picnic mat, or home decor, meeting various usage scenarios and increasing the product&#8217;s value.<\/p>\n<p><strong>\u25cfStylish Design<\/strong><\/p>\n<p>Available in a variety of colors and patterns, it is both beautiful and practical, blending seamlessly with different home decor styles, enhancing the overall aesthetics of your home and appealing to pet lovers.<\/p>\n<p>&nbsp;<\/p>\n<h2><span style=\"color: #ff6600;\">Vantaggi all'ingrosso e all'esportazione:<\/span><\/h2>\n<p>Fornitura diretta da parte della fabbrica - Tutti i prodotti sono fabbricati internamente, garantendo costi competitivi e qualit\u00e0 costante per i grossisti di fontane d'acqua automatiche.<\/p>\n<p>Campioni gratuiti - Le spese per i campioni vengono rimborsate dopo la conferma ufficiale dell'ordine.<\/p>\n<p>MOQ flessibile - Adatto a startup o ordini all'ingrosso di piccoli volumi.<\/p>\n<p>Produzione e consegna rapide - Tempi di consegna standard di 15-30 giorni, a seconda delle dimensioni dell'ordine; sono disponibili ordini urgenti.<\/p>\n<p>\u25cf Rigoroso controllo di qualit\u00e0 - Ogni unit\u00e0 viene sottoposta a test di distanza, test dei pulsanti, ispezione dell'impermeabilit\u00e0 e controlli di sicurezza della batteria.<\/p>\n<p>Ricca esperienza nell'esportazione - Forniamo in oltre 100 paesi con un supporto completo per la documentazione e la logistica delle esportazioni.<\/p>\n<p>Supporto a vita - Team di vendita e tecnici professionisti forniscono un'assistenza post-vendita continua.<\/p>\n<p>&nbsp;<\/p>\n<h2><span style=\"color: #ff6600;\">FAQ About TPU Composite Waterproof Pet Blanket:<\/span><\/h2>\n<p><strong>Q: How does the waterproofing work?<\/strong><\/p>\n<p>A: The blanket&#8217;s middle layer incorporates a high-density TPU nano-film. It uses a physical barrier, not a chemical coating, to prevent water from seeping into your sofa or bed, ensuring 100% protection against urine or spilled liquids.<\/p>\n<p>&nbsp;<\/p>\n<p><strong>Q: Is it noisy or &#8220;crinkly&#8221; when my pet moves?<\/strong><\/p>\n<p>A: Not at all. We use ultra-soft, quiet TPU, which is extremely thin and flexible, maintaining its waterproof properties without making any plastic noise, ensuring your pet sleeps soundly.<\/p>\n<p>&nbsp;<\/p>\n<p><strong>Q: Is it machine washable?<\/strong><br \/>\nA: Yes. We recommend machine washing on a cold, gentle cycle. Please air dry or tumble dry on a very low temperature, as high temperatures may damage the TPU waterproof layer and affect the feel of the rabbit fur.<\/p>\n<p>&nbsp;<\/p>\n<p><strong>Q: Are the materials safe and non-toxic?<\/strong><\/p>\n<p>A: Absolutely safe. All fabrics are environmentally certified and free of irritating chemicals or odors, making them safe even for pets with sensitive skin.<\/p>\n<p>&nbsp;<\/p>\n<p><strong>Q: Can it withstand scratching or nesting?<\/strong><br \/>\nA: Our rabbit hair fabric uses a high-density warp-knitting process, giving it excellent scratch resistance. While it&#8217;s not a dedicated bite blanket, it&#8217;s very durable and doesn&#8217;t shed much, effectively handling everyday scratching and nesting behavior from pets.<\/p>\n<p>&nbsp;<\/p>\n<p><strong>Q: Does the blanket stay in place on furniture?<\/strong><\/p>\n<p>A: The blanket&#8217;s composite structure increases its weight and friction. The bottom pile fibers have good grip on sofa surfaces, effectively reducing slippage on leather sofas or fabric beds.<\/p>\n<p>&nbsp;<\/p>\n<h2><span style=\"color: #ff6600;\">Applicazioni e caratteristiche correlate: il sistema<\/span><\/h2>\n<p>&nbsp;<\/p>\n<p>&nbsp;<\/p>\n<p>&nbsp;<\/p>\n<p>&nbsp;<\/p>","protected":false},"excerpt":{"rendered":"<p>Ready to give your pet the ultimate holiday gift? Don&#8217;t let spills ruin your cozy season. Experience the perfect harmony of luxury and leak-proof technology today! Click &#8220;Inquiry&#8221; now to get your exclusive wholesale quote or request a free sample. Join hundreds of global retailers who are stocking this season\u2019s best-seller. Limited holiday stock available\u2014secure your order today and upgrade your pet product line!<\/p>","protected":false},"featured_media":8016,"comment_status":"open","ping_status":"closed","template":"","meta":[],"product_brand":[],"product_cat":[50],"product_tag":[135,136,134,133,132],"class_list":{"0":"post-7892","1":"product","2":"type-product","3":"status-publish","4":"has-post-thumbnail","6":"product_cat-pet-blanket","7":"product_tag-faux-rabbit-fur-blanket","8":"product_tag-rabbit-fur-blankets-for-sale","9":"product_tag-rabbit-fur-pet-blanket","10":"product_tag-soft-blanket-for-cats","11":"product_tag-soft-blanket-for-dogs","12":"description-off","14":"first","15":"instock","16":"shipping-taxable","17":"product-type-simple"},"_links":{"self":[{"href":"https:\/\/honeypetty.com\/it\/wp-json\/wp\/v2\/product\/7892","targetHints":{"allow":["GET"]}}],"collection":[{"href":"https:\/\/honeypetty.com\/it\/wp-json\/wp\/v2\/product"}],"about":[{"href":"https:\/\/honeypetty.com\/it\/wp-json\/wp\/v2\/types\/product"}],"replies":[{"embeddable":true,"href":"https:\/\/honeypetty.com\/it\/wp-json\/wp\/v2\/comments?post=7892"}],"wp:featuredmedia":[{"embeddable":true,"href":"https:\/\/honeypetty.com\/it\/wp-json\/wp\/v2\/media\/8016"}],"wp:attachment":[{"href":"https:\/\/honeypetty.com\/it\/wp-json\/wp\/v2\/media?parent=7892"}],"wp:term":[{"taxonomy":"product_brand","embeddable":true,"href":"https:\/\/honeypetty.com\/it\/wp-json\/wp\/v2\/product_brand?post=7892"},{"taxonomy":"product_cat","embeddable":true,"href":"https:\/\/honeypetty.com\/it\/wp-json\/wp\/v2\/product_cat?post=7892"},{"taxonomy":"product_tag","embeddable":true,"href":"https:\/\/honeypetty.com\/it\/wp-json\/wp\/v2\/product_tag?post=7892"}],"curies":[{"name":"wp","href":"https:\/\/api.w.org\/{rel}","templated":true}]}}