{"id":8101,"date":"2026-02-07T04:50:16","date_gmt":"2026-02-07T04:50:16","guid":{"rendered":"https:\/\/honeypetty.com\/?post_type=product&#038;p=8101"},"modified":"2026-02-11T03:50:02","modified_gmt":"2026-02-11T03:50:02","slug":"smart-stainless-steel-pet-food-dispenser-with-app-control","status":"publish","type":"product","link":"https:\/\/honeypetty.com\/it\/prodotto\/smart-stainless-steel-pet-food-dispenser-with-app-control\/","title":{"rendered":"Smart Stainless Steel Pet Food Dispenser With App Control"},"content":{"rendered":"<h2><span style=\"color: #ff6600;\">Introduzione al prodotto:<\/span><\/h2>\n<p data-path-to-node=\"4\"><b class=\"\" data-path-to-node=\"4\" data-index-in-node=\"0\">Pure Health in Every Bite.<\/b><span class=\"\"> Say goodbye to plastic-induced chin acne and bacteria buildup.<\/span><span class=\"\"> Il nostro <b class=\"\" data-path-to-node=\"4\" data-index-in-node=\"94\">Smart<\/b><\/span><b class=\"\" data-path-to-node=\"4\" data-index-in-node=\"94\"> 304 Stainless Steel Pet Feeder<\/b><span class=\"\"> is engineered for pet parents who refuse to compromise on hygiene.<\/span><span class=\"\"> The food-grade stainless steel bowl and internal components offer a non-porous surface that is <\/span><b class=\"\" data-path-to-node=\"4\" data-index-in-node=\"297\">naturally antibacterial<\/b><span class=\"\"> and incredibly easy to sanitize.<\/span><\/p>\n<ul data-path-to-node=\"5\">\n<li>\n<p data-path-to-node=\"5,0,0\"><b class=\"\" data-path-to-node=\"5,0,0\" data-index-in-node=\"0\">Veterinarian Recommended:<\/b><span class=\"\"> 304 stainless steel is the gold standard for preventing &#8220;cat acne&#8221; and skin irritations caused by scratched plastic.<\/span><\/p>\n<\/li>\n<li>\n<p data-path-to-node=\"5,1,0\"><b class=\"\" data-path-to-node=\"5,1,0\" data-index-in-node=\"0\">Built to Last:<\/b><span class=\"\"> Corrosion-resistant and rust-proof,<\/span><span class=\"\"> this feeder withstands years of daily use while maintaining a sleek,<\/span><span class=\"\"> modern aesthetic in your kitchen.<\/span><\/p>\n<\/li>\n<li>\n<p data-path-to-node=\"5,2,0\"><b class=\"\" data-path-to-node=\"5,2,0\" data-index-in-node=\"0\">Effortless Cleaning:<\/b><span class=\"\"> The detachable bowl is <\/span><b class=\"\" data-path-to-node=\"5,2,0\" data-index-in-node=\"44\">100% dishwasher safe<\/b><span class=\"\">,<\/span><span class=\"\"> saving you time while ensuring a sterile dining environment for your furry friend.<\/span><\/p>\n<\/li>\n<li>\n<p data-path-to-node=\"5,3,0\"><b class=\"\" data-path-to-node=\"5,3,0\" data-index-in-node=\"0\">Safe Storage:<\/b><span class=\"\"> Paired with a secure-lock lid,<\/span><span class=\"\"> it keeps kibble fresh,<\/span><span class=\"\"> crunchy,<\/span><span class=\"\"> and protected from pests.<\/span><\/p>\n<\/li>\n<\/ul>\n<p>&nbsp;<\/p>\n<h3><span style=\"color: #ff6600;\">Specifiche del prodotto:<\/span><\/h3>\n<table width=\"962\">\n<tbody>\n<tr>\n<td width=\"192\">Caratteristica<\/td>\n<td width=\"288\">Impermeabile<\/td>\n<td width=\"191\">Animale domestico applicabile<\/td>\n<td width=\"290\">Cani<\/td>\n<\/tr>\n<tr>\n<td width=\"192\">Tipo<\/td>\n<td width=\"288\">Coperta<\/td>\n<td width=\"191\">Istruzioni per il lavaggio<\/td>\n<td width=\"290\">Lavaggio meccanico<\/td>\n<\/tr>\n<tr>\n<td width=\"192\">Materiale<\/td>\n<td width=\"288\">Pile<\/td>\n<td width=\"191\">Luogo di origine<\/td>\n<td width=\"290\">Jiangsu, Cina<\/td>\n<\/tr>\n<tr>\n<td width=\"192\">Stile<\/td>\n<td width=\"288\">Cut\u00e9<\/td>\n<td width=\"191\">Stagione<\/td>\n<td width=\"290\">Tutte le stagioni<\/td>\n<\/tr>\n<tr>\n<td width=\"192\">impermeabile<\/td>\n<td width=\"288\">Impermeabile<\/td>\n<td width=\"191\">Tipo<\/td>\n<td width=\"290\">Letti e accessori per animali domestici<\/td>\n<\/tr>\n<tr>\n<td width=\"192\">Letto e accessori<br \/>\nTipo<\/td>\n<td width=\"288\">Coperta per animali domestici<\/td>\n<td width=\"191\">Materiale<\/td>\n<td width=\"290\">Pile<\/td>\n<\/tr>\n<tr>\n<td width=\"192\">Funzione<\/td>\n<td width=\"288\">Riscaldare gli animali domestici<\/td>\n<td width=\"191\">MOQ<\/td>\n<td width=\"290\">20 pezzi<\/td>\n<\/tr>\n<tr>\n<td width=\"192\">Dimensione<\/td>\n<td width=\"288\">Dimensione personalizzata<\/td>\n<td width=\"191\">Colore<\/td>\n<td width=\"290\">Colore personalizzato<\/td>\n<\/tr>\n<tr>\n<td width=\"192\">Utilizzo<\/td>\n<td width=\"288\">Animali domestici che dormono<\/td>\n<td width=\"191\">Pagamento<\/td>\n<td width=\"290\">L\/C, TT<\/td>\n<\/tr>\n<\/tbody>\n<\/table>\n<h3><\/h3>\n<h3><span style=\"color: #ff6600;\">Key Features of Stainless Steel Smart Pet Feeder:<\/span><\/h3>\n<p><strong>Controllo remoto<\/strong><br \/>\nI proprietari di animali domestici possono controllare a distanza la mangiatoia in qualsiasi momento e ovunque si trovino tramite un'applicazione mobile, impostando orari e porzioni di cibo. Questo \u00e8 particolarmente comodo per i professionisti pi\u00f9 impegnati, in quanto garantisce che gli animali vengano nutriti in tempo.<\/p>\n<p><strong>Alimentazione precisa<\/strong><br \/>\nLa mangiatoia controlla con precisione la quantit\u00e0 di cibo somministrata ogni volta, in base alle esigenze dell'animale, evitando la sovralimentazione o la sottoalimentazione e aiutando l'animale a mantenere un peso sano.<\/p>\n<p><strong>Funzione di alimentazione temporizzata<\/strong><br \/>\n\u00c8 possibile preimpostare pi\u00f9 orari di somministrazione, assicurando che l'animale riceva il cibo a intervalli costanti, contribuendo a stabilire buone abitudini alimentari e riducendo l'ansia dell'animale.<\/p>\n<p><strong>Telecamera ad alta definizione<\/strong><br \/>\nUna telecamera integrata ad alta definizione consente ai proprietari di animali domestici di monitorare le loro attivit\u00e0 in tempo reale, comprendendo le loro abitudini alimentari e il loro comportamento, migliorando l'interazione con l'animale.<\/p>\n<p><strong>Design a grande capacit\u00e0<\/strong><\/p>\n<p>Il design da 4 litri di grande capacit\u00e0 \u00e8 adatto ad animali di tutte le taglie, riducendo il fastidio di frequenti rifornimenti e garantendo la tranquillit\u00e0 dei proprietari, particolarmente adatti all'uso in viaggio.<\/p>\n<p><strong>Facile da pulire<\/strong><\/p>\n<p>La mangiatoia \u00e8 dotata di un design staccabile per facilitare la pulizia e la manutenzione, mantenendo l'igiene e garantendo la sicurezza alimentare dell'animale.<\/p>\n<p>&nbsp;<\/p>\n<h2><span style=\"color: #ff6600;\">Vantaggi all'ingrosso e all'esportazione:<\/span><\/h2>\n<p>Fornitura diretta da parte della fabbrica - Tutti i prodotti sono fabbricati internamente, garantendo costi competitivi e qualit\u00e0 costante per i grossisti di fontane d'acqua automatiche.<\/p>\n<p>Campioni gratuiti - Le spese per i campioni vengono rimborsate dopo la conferma ufficiale dell'ordine.<\/p>\n<p>MOQ flessibile - Adatto a startup o ordini all'ingrosso di piccoli volumi.<\/p>\n<p>Produzione e consegna rapide - Tempi di consegna standard di 15-30 giorni, a seconda delle dimensioni dell'ordine; sono disponibili ordini urgenti.<\/p>\n<p>\u25cf Rigoroso controllo di qualit\u00e0 - Ogni unit\u00e0 viene sottoposta a test di distanza, test dei pulsanti, ispezione dell'impermeabilit\u00e0 e controlli di sicurezza della batteria.<\/p>\n<p>Ricca esperienza nell'esportazione - Forniamo in oltre 100 paesi con un supporto completo per la documentazione e la logistica delle esportazioni.<\/p>\n<p>Supporto a vita - Team di vendita e tecnici professionisti forniscono un'assistenza post-vendita continua.<\/p>\n<p>&nbsp;<\/p>\n<h2><span style=\"color: #ff6600;\">FAQ About Stainless Steel Smart Pet Feeder:<\/span><\/h2>\n<p><strong>Q1: Why is 304 stainless steel better than plastic feeders?<\/strong><br \/>\nA: Hygiene is the priority. Plastic can develop microscopic scratches that harbor bacteria, leading to feline acne (black chin). Our 304 food-grade stainless steel is non-porous, antibacterial, and veterinarian-recommended for a healthier dining surface.<\/p>\n<p>&nbsp;<\/p>\n<p><strong>Q2: Is the stainless steel bowl truly dishwasher safe?<\/strong><br \/>\nA: Yes! The 304 stainless steel bowl is removable and 100% dishwasher safe. You can easily pop it in with your own dishes for a high-temperature sanitize, making daily cleanup effortless.<\/p>\n<p>&nbsp;<\/p>\n<p><strong>Q3: Will the stainless steel affect the flavor of the pet food?<\/strong><br \/>\nA: Not at all. Unlike some low-quality metals or BPA-heavy plastics, 304 stainless steel is odorless and rust-proof, ensuring your pet\u2019s kibble stays tasting exactly as the manufacturer intended.<\/p>\n<p>&nbsp;<\/p>\n<p><strong>Q4: Is the inner food tank also made of stainless steel?<\/strong><br \/>\nA: Our design focuses on the impact zones. While the bowl (primary contact) is premium 304 stainless steel, the hopper is made of high-quality BPA-free ABS plastic to allow for easy food level monitoring and lightweight durability.<\/p>\n<p>&nbsp;<\/p>\n<p><strong>Q5: How does the feeder prevent &#8220;clumping&#8221; in the metal bowl?<\/strong><br \/>\nA: The bowl\u2019s surface is ultra-smooth and polished. Combined with our anti-clogging rotation technology, it ensures that even oily kibble slides out smoothly without sticking or piling up in the corners.<\/p>\n<p>&nbsp;<\/p>\n<p><strong>Q6: Is it durable enough for &#8220;aggressive&#8221; eaters?<\/strong><br \/>\nA: Absolutely. 304 stainless steel is much heavier and more durable than plastic. It\u2019s scratch-resistant and bite-proof, meaning it won&#8217;t be damaged by paws or teeth, maintaining its sleek look for years.<\/p>\n<p>&nbsp;<\/p>\n<h2><span style=\"color: #ff6600;\">Applicazioni e caratteristiche correlate: il sistema<\/span><\/h2>\n<p>&nbsp;<\/p>\n<p>&nbsp;<\/p>\n<p>&nbsp;<\/p>\n<p>&nbsp;<\/p>","protected":false},"excerpt":{"rendered":"<p>Give your dog the most tender care! Choose our high-strength, abrasion-resistant, and highly malleable twisted dog blanket for your pet&#8217;s comfort and safety. Whether playing or resting quietly, this dog blanket provides perfect support. Add this essential item to your pet&#8217;s wardrobe now and let them feel the warmth of home! Buy now and enjoy every moment of your pet&#8217;s happy life! Let our dog blanket become a special bond between you and your beloved dog, filling every moment with joy.<\/p>","protected":false},"featured_media":8102,"comment_status":"open","ping_status":"closed","template":"","meta":[],"product_brand":[],"product_cat":[48],"product_tag":[208,210,207,209,211],"class_list":{"0":"post-8101","1":"product","2":"type-product","3":"status-publish","4":"has-post-thumbnail","6":"product_cat-pet-food-feeder","7":"product_tag-automatic-pet-feeder-with-app","8":"product_tag-automatic-wifi-dog-feeder","9":"product_tag-remote-cat-feeder-with-camera","10":"product_tag-wifi-automatic-pet-feeder","11":"product_tag-wifi-controlled-cat-feeder","12":"description-off","14":"first","15":"instock","16":"shipping-taxable","17":"product-type-simple"},"_links":{"self":[{"href":"https:\/\/honeypetty.com\/it\/wp-json\/wp\/v2\/product\/8101","targetHints":{"allow":["GET"]}}],"collection":[{"href":"https:\/\/honeypetty.com\/it\/wp-json\/wp\/v2\/product"}],"about":[{"href":"https:\/\/honeypetty.com\/it\/wp-json\/wp\/v2\/types\/product"}],"replies":[{"embeddable":true,"href":"https:\/\/honeypetty.com\/it\/wp-json\/wp\/v2\/comments?post=8101"}],"wp:featuredmedia":[{"embeddable":true,"href":"https:\/\/honeypetty.com\/it\/wp-json\/wp\/v2\/media\/8102"}],"wp:attachment":[{"href":"https:\/\/honeypetty.com\/it\/wp-json\/wp\/v2\/media?parent=8101"}],"wp:term":[{"taxonomy":"product_brand","embeddable":true,"href":"https:\/\/honeypetty.com\/it\/wp-json\/wp\/v2\/product_brand?post=8101"},{"taxonomy":"product_cat","embeddable":true,"href":"https:\/\/honeypetty.com\/it\/wp-json\/wp\/v2\/product_cat?post=8101"},{"taxonomy":"product_tag","embeddable":true,"href":"https:\/\/honeypetty.com\/it\/wp-json\/wp\/v2\/product_tag?post=8101"}],"curies":[{"name":"wp","href":"https:\/\/api.w.org\/{rel}","templated":true}]}}