{"id":8109,"date":"2026-02-07T04:52:17","date_gmt":"2026-02-07T04:52:17","guid":{"rendered":"https:\/\/honeypetty.com\/?post_type=product&#038;p=8109"},"modified":"2026-02-11T03:48:39","modified_gmt":"2026-02-11T03:48:39","slug":"wholesale-6l-smart-automatic-pet-feeder-wifi","status":"publish","type":"product","link":"https:\/\/honeypetty.com\/it\/prodotto\/wholesale-6l-smart-automatic-pet-feeder-wifi\/","title":{"rendered":"Wholesale 6L Smart Automatic Pet Feeder Wifi"},"content":{"rendered":"<h2><span style=\"color: #ff6600;\">Introduzione al prodotto:<\/span><\/h2>\n<p data-path-to-node=\"3\"><b class=\"\" data-path-to-node=\"3\" data-index-in-node=\"0\">Grand Capacity, Total Control.<\/b><span class=\"\"> Never worry about a hungry pet again with our <\/span><b class=\"\" data-path-to-node=\"3\" data-index-in-node=\"77\">6L Smart WiFi Auto Feeder<\/b><span class=\"\">.<\/span><span class=\"\"> Designed for the modern pet parent,<\/span><span class=\"\"> this high-capacity powerhouse stores up to 25 cups of food\u2014enough to keep an adult cat or medium dog satisfied for <\/span><b class=\"\" data-path-to-node=\"3\" data-index-in-node=\"255\">up to 30 days<\/b><span class=\"\">.<\/span><\/p>\n<ul data-path-to-node=\"4\">\n<li>\n<p data-path-to-node=\"4,0,0\"><b class=\"\" data-path-to-node=\"4,0,0\" data-index-in-node=\"0\">Seamless App Management:<\/b><span class=\"\"> Set complex feeding schedules,<\/span><span class=\"\"> track meal history,<\/span><span class=\"\"> or deliver an instant &#8220;extra treat&#8221; from anywhere in the world via your smartphone.<\/span><\/p>\n<\/li>\n<li>\n<p data-path-to-node=\"4,1,0\"><b class=\"\" data-path-to-node=\"4,1,0\" data-index-in-node=\"0\">Dual Power Assurance:<\/b><span class=\"\"> Don\u2019t let outages ruin dinner.<\/span><span class=\"\"> Our system switches to battery backup instantly,<\/span><span class=\"\"> keeping your pre-set schedules running 24\/7.<\/span><\/p>\n<\/li>\n<li>\n<p data-path-to-node=\"4,2,0\"><b class=\"\" data-path-to-node=\"4,2,0\" data-index-in-node=\"0\">Tecnologia anti-clog:<\/b><span class=\"\"> The upgraded internal impeller handles various kibble shapes smoothly,<\/span><span class=\"\"> ensuring every meal is delivered precisely on time.<\/span><\/p>\n<\/li>\n<li>\n<p data-path-to-node=\"4,3,0\"><b class=\"\" data-path-to-node=\"4,3,0\" data-index-in-node=\"0\">Freshness Locked:<\/b><span class=\"\"> The triple-sealed lid and desiccant box keep every bite as crunchy and nutritious as the first.<\/span><\/p>\n<\/li>\n<\/ul>\n<p>&nbsp;<\/p>\n<h3><span style=\"color: #ff6600;\">Specifiche del prodotto:<\/span><\/h3>\n<table width=\"962\">\n<tbody>\n<tr>\n<td width=\"192\">Caratteristica<\/td>\n<td width=\"288\">Impermeabile<\/td>\n<td width=\"191\">Animale domestico applicabile<\/td>\n<td width=\"290\">Cani<\/td>\n<\/tr>\n<tr>\n<td width=\"192\">Tipo<\/td>\n<td width=\"288\">Coperta<\/td>\n<td width=\"191\">Istruzioni per il lavaggio<\/td>\n<td width=\"290\">Lavaggio meccanico<\/td>\n<\/tr>\n<tr>\n<td width=\"192\">Materiale<\/td>\n<td width=\"288\">Pile<\/td>\n<td width=\"191\">Luogo di origine<\/td>\n<td width=\"290\">Jiangsu, Cina<\/td>\n<\/tr>\n<tr>\n<td width=\"192\">Stile<\/td>\n<td width=\"288\">Cut\u00e9<\/td>\n<td width=\"191\">Stagione<\/td>\n<td width=\"290\">Tutte le stagioni<\/td>\n<\/tr>\n<tr>\n<td width=\"192\">impermeabile<\/td>\n<td width=\"288\">Impermeabile<\/td>\n<td width=\"191\">Tipo<\/td>\n<td width=\"290\">Letti e accessori per animali domestici<\/td>\n<\/tr>\n<tr>\n<td width=\"192\">Letto e accessori<br \/>\nTipo<\/td>\n<td width=\"288\">Coperta per animali domestici<\/td>\n<td width=\"191\">Materiale<\/td>\n<td width=\"290\">Pile<\/td>\n<\/tr>\n<tr>\n<td width=\"192\">Funzione<\/td>\n<td width=\"288\">Riscaldare gli animali domestici<\/td>\n<td width=\"191\">MOQ<\/td>\n<td width=\"290\">20 pezzi<\/td>\n<\/tr>\n<tr>\n<td width=\"192\">Dimensione<\/td>\n<td width=\"288\">Dimensione personalizzata<\/td>\n<td width=\"191\">Colore<\/td>\n<td width=\"290\">Colore personalizzato<\/td>\n<\/tr>\n<tr>\n<td width=\"192\">Utilizzo<\/td>\n<td width=\"288\">Animali domestici che dormono<\/td>\n<td width=\"191\">Pagamento<\/td>\n<td width=\"290\">L\/C, TT<\/td>\n<\/tr>\n<\/tbody>\n<\/table>\n<h3><\/h3>\n<h3><span style=\"color: #ff6600;\">Key Features of 6L Smart Automatic Pet Feeder :<\/span><\/h3>\n<p><strong>Controllo remoto<\/strong><br \/>\nI proprietari di animali domestici possono controllare a distanza la mangiatoia in qualsiasi momento e ovunque si trovino tramite un'applicazione mobile, impostando orari e porzioni di cibo. Questo \u00e8 particolarmente comodo per i professionisti pi\u00f9 impegnati, in quanto garantisce che gli animali vengano nutriti in tempo.<\/p>\n<p><strong>Alimentazione precisa<\/strong><br \/>\nLa mangiatoia controlla con precisione la quantit\u00e0 di cibo somministrata ogni volta, in base alle esigenze dell'animale, evitando la sovralimentazione o la sottoalimentazione e aiutando l'animale a mantenere un peso sano.<\/p>\n<p><strong>Funzione di alimentazione temporizzata<\/strong><br \/>\n\u00c8 possibile preimpostare pi\u00f9 orari di somministrazione, assicurando che l'animale riceva il cibo a intervalli costanti, contribuendo a stabilire buone abitudini alimentari e riducendo l'ansia dell'animale.<\/p>\n<p><strong>Telecamera ad alta definizione<\/strong><br \/>\nUna telecamera integrata ad alta definizione consente ai proprietari di animali domestici di monitorare le loro attivit\u00e0 in tempo reale, comprendendo le loro abitudini alimentari e il loro comportamento, migliorando l'interazione con l'animale.<\/p>\n<p><strong>Design a grande capacit\u00e0<\/strong><\/p>\n<p>Il design da 4 litri di grande capacit\u00e0 \u00e8 adatto ad animali di tutte le taglie, riducendo il fastidio di frequenti rifornimenti e garantendo la tranquillit\u00e0 dei proprietari, particolarmente adatti all'uso in viaggio.<\/p>\n<p><strong>Facile da pulire<\/strong><\/p>\n<p>La mangiatoia \u00e8 dotata di un design staccabile per facilitare la pulizia e la manutenzione, mantenendo l'igiene e garantendo la sicurezza alimentare dell'animale.<\/p>\n<p>&nbsp;<\/p>\n<h2><span style=\"color: #ff6600;\">Vantaggi all'ingrosso e all'esportazione:<\/span><\/h2>\n<p>Fornitura diretta da parte della fabbrica - Tutti i prodotti sono fabbricati internamente, garantendo costi competitivi e qualit\u00e0 costante per i grossisti di fontane d'acqua automatiche.<\/p>\n<p>Campioni gratuiti - Le spese per i campioni vengono rimborsate dopo la conferma ufficiale dell'ordine.<\/p>\n<p>MOQ flessibile - Adatto a startup o ordini all'ingrosso di piccoli volumi.<\/p>\n<p>Produzione e consegna rapide - Tempi di consegna standard di 15-30 giorni, a seconda delle dimensioni dell'ordine; sono disponibili ordini urgenti.<\/p>\n<p>\u25cf Rigoroso controllo di qualit\u00e0 - Ogni unit\u00e0 viene sottoposta a test di distanza, test dei pulsanti, ispezione dell'impermeabilit\u00e0 e controlli di sicurezza della batteria.<\/p>\n<p>Ricca esperienza nell'esportazione - Forniamo in oltre 100 paesi con un supporto completo per la documentazione e la logistica delle esportazioni.<\/p>\n<p>Supporto a vita - Team di vendita e tecnici professionisti forniscono un'assistenza post-vendita continua.<\/p>\n<p>&nbsp;<\/p>\n<h2><span style=\"color: #ff6600;\">FAQ About 6L Smart Automatic Pet Feeder:<\/span><\/h2>\n<p><strong>D1: Continuer\u00e0 a nutrire il mio animale domestico se il WiFi si interrompe?<\/strong><br \/>\nR: Assolutamente s\u00ec. Una volta impostato il programma tramite l'app, la mangiatoia memorizza i dati a livello locale. Anche se il WiFi si disconnette, il timer integrato continuer\u00e0 a distribuire il cibo secondo il programma.<\/p>\n<p>&nbsp;<\/p>\n<p><strong>D2: Cosa succede durante un'interruzione di corrente?<\/strong><br \/>\nR: La tranquillit\u00e0 \u00e8 incorporata. L'alimentatore supporta la doppia alimentazione: utilizzare l'adattatore USB per l'alimentazione quotidiana e inserire 3 batterie D-cell (non incluse) come backup per garantire il funzionamento 24 ore su 24, 7 giorni su 7.<\/p>\n<p>&nbsp;<\/p>\n<p><strong>D3: L'app \u00e8 compatibile con il mio telefono e con il WiFi 5G?<\/strong><br \/>\nR: L'app funziona perfettamente sia su iOS che su Android. Nota bene: come la maggior parte dei dispositivi smart home, attualmente supporta le reti WiFi a 2,4GHz (non supporta il WiFi 5G).<\/p>\n<p>&nbsp;<\/p>\n<p><strong>D4: Come posso mantenere la mangiatoia pulita e il cibo fresco?<\/strong><br \/>\nR: La manutenzione \u00e8 un gioco da ragazzi! Il serbatoio del cibo e la ciotola in acciaio inox sono completamente staccabili per facilitare il lavaggio. Inoltre, la scatola essiccante integrata mantiene le crocchette fresche e croccanti.<\/p>\n<p>&nbsp;<\/p>\n<p><strong>D5: Posso condividere l'accesso con i miei familiari?<\/strong><br \/>\nR: S\u00ec! Una mangiatoia pu\u00f2 essere collegata a pi\u00f9 account. Voi e la vostra famiglia potete monitorare i registri di alimentazione e ricevere notifiche in tempo reale contemporaneamente.<\/p>\n<p>&nbsp;<\/p>\n<p><strong>D6: Quali sono le dimensioni delle crocchette supportate?<\/strong><br \/>\nR: Per evitare inceppamenti, consigliamo alimenti secchi con un diametro compreso tra 2 e 12 mm (circa 0,08-0,47 pollici). \u00c8 perfetto per gatti e cani di taglia medio-piccola.<\/p>\n<p>&nbsp;<\/p>\n<h2><span style=\"color: #ff6600;\">Applicazioni e caratteristiche correlate: il sistema<\/span><\/h2>\n<p>&nbsp;<\/p>\n<p>&nbsp;<\/p>\n<p>&nbsp;<\/p>\n<p>&nbsp;<\/p>","protected":false},"excerpt":{"rendered":"<p>Give your dog the most tender care! Choose our high-strength, abrasion-resistant, and highly malleable twisted dog blanket for your pet&#8217;s comfort and safety. Whether playing or resting quietly, this dog blanket provides perfect support. Add this essential item to your pet&#8217;s wardrobe now and let them feel the warmth of home! Buy now and enjoy every moment of your pet&#8217;s happy life! Let our dog blanket become a special bond between you and your beloved dog, filling every moment with joy.<\/p>","protected":false},"featured_media":8110,"comment_status":"open","ping_status":"closed","template":"","meta":[],"product_brand":[],"product_cat":[48],"product_tag":[208,210,207,209,211],"class_list":{"0":"post-8109","1":"product","2":"type-product","3":"status-publish","4":"has-post-thumbnail","6":"product_cat-pet-food-feeder","7":"product_tag-automatic-pet-feeder-with-app","8":"product_tag-automatic-wifi-dog-feeder","9":"product_tag-remote-cat-feeder-with-camera","10":"product_tag-wifi-automatic-pet-feeder","11":"product_tag-wifi-controlled-cat-feeder","12":"description-off","14":"first","15":"instock","16":"shipping-taxable","17":"product-type-simple"},"_links":{"self":[{"href":"https:\/\/honeypetty.com\/it\/wp-json\/wp\/v2\/product\/8109","targetHints":{"allow":["GET"]}}],"collection":[{"href":"https:\/\/honeypetty.com\/it\/wp-json\/wp\/v2\/product"}],"about":[{"href":"https:\/\/honeypetty.com\/it\/wp-json\/wp\/v2\/types\/product"}],"replies":[{"embeddable":true,"href":"https:\/\/honeypetty.com\/it\/wp-json\/wp\/v2\/comments?post=8109"}],"wp:featuredmedia":[{"embeddable":true,"href":"https:\/\/honeypetty.com\/it\/wp-json\/wp\/v2\/media\/8110"}],"wp:attachment":[{"href":"https:\/\/honeypetty.com\/it\/wp-json\/wp\/v2\/media?parent=8109"}],"wp:term":[{"taxonomy":"product_brand","embeddable":true,"href":"https:\/\/honeypetty.com\/it\/wp-json\/wp\/v2\/product_brand?post=8109"},{"taxonomy":"product_cat","embeddable":true,"href":"https:\/\/honeypetty.com\/it\/wp-json\/wp\/v2\/product_cat?post=8109"},{"taxonomy":"product_tag","embeddable":true,"href":"https:\/\/honeypetty.com\/it\/wp-json\/wp\/v2\/product_tag?post=8109"}],"curies":[{"name":"wp","href":"https:\/\/api.w.org\/{rel}","templated":true}]}}