{"id":8144,"date":"2026-02-07T05:04:17","date_gmt":"2026-02-07T05:04:17","guid":{"rendered":"https:\/\/honeypetty.com\/?post_type=product&#038;p=8144"},"modified":"2026-02-11T04:00:19","modified_gmt":"2026-02-11T04:00:19","slug":"wholesale-eco-friendly-4l-automatic-wifi-smart-pet-feeder","status":"publish","type":"product","link":"https:\/\/honeypetty.com\/it\/prodotto\/wholesale-eco-friendly-4l-automatic-wifi-smart-pet-feeder\/","title":{"rendered":"all'ingrosso Alimentatore intelligente WiFi automatico per animali domestici da 4 litri eco-compatibile"},"content":{"rendered":"<h2><span style=\"color: #ff6600;\">Introduzione al prodotto:<\/span><\/h2>\n<p data-path-to-node=\"3\"><b data-path-to-node=\"3\" data-index-in-node=\"0\">Smart Feeding, Effortless Love.<\/b> Elevate your pet care with our <b data-path-to-node=\"3\" data-index-in-node=\"63\">4L WiFi Smart Pet Feeder<\/b>. Whether you&#8217;re stuck at the office or traveling, the intuitive App allows you to schedule precise meals or provide instant snacks with a single tap.<\/p>\n<ul data-path-to-node=\"4\">\n<li>\n<p data-path-to-node=\"4,0,0\"><b data-path-to-node=\"4,0,0\" data-index-in-node=\"0\">Ultimate Reliability:<\/b> Features a <b data-path-to-node=\"4,0,0\" data-index-in-node=\"33\">dual power supply<\/b> system and <b data-path-to-node=\"4,0,0\" data-index-in-node=\"62\">anti-clog design<\/b>, ensuring your furry friend never misses a meal during power outages or jams.<\/p>\n<\/li>\n<li>\n<p data-path-to-node=\"4,1,0\"><b data-path-to-node=\"4,1,0\" data-index-in-node=\"0\">Freshness First:<\/b> The 4L sealed hopper with a desiccant bag keeps kibble crunchy and flavorful for weeks.<\/p>\n<\/li>\n<li>\n<p data-path-to-node=\"4,2,0\"><b data-path-to-node=\"4,2,0\" data-index-in-node=\"0\">Health Management:<\/b> Tailor portion sizes to prevent overeating, supporting a balanced diet for your cat or dog.<\/p>\n<\/li>\n<\/ul>\n<p data-path-to-node=\"5\">Compact, sleek, and tech-savvy\u2014it\u2019s not just a feeder; it\u2019s your peace of mind.<\/p>\n<p>&nbsp;<\/p>\n<h3><span style=\"color: #ff6600;\">Specifiche del prodotto:<\/span><\/h3>\n<table width=\"962\">\n<tbody>\n<tr>\n<td width=\"192\">Caratteristica<\/td>\n<td width=\"288\">Impermeabile<\/td>\n<td width=\"191\">Animale domestico applicabile<\/td>\n<td width=\"290\">Cani<\/td>\n<\/tr>\n<tr>\n<td width=\"192\">Tipo<\/td>\n<td width=\"288\">Coperta<\/td>\n<td width=\"191\">Istruzioni per il lavaggio<\/td>\n<td width=\"290\">Lavaggio meccanico<\/td>\n<\/tr>\n<tr>\n<td width=\"192\">Materiale<\/td>\n<td width=\"288\">Pile<\/td>\n<td width=\"191\">Luogo di origine<\/td>\n<td width=\"290\">Jiangsu, Cina<\/td>\n<\/tr>\n<tr>\n<td width=\"192\">Stile<\/td>\n<td width=\"288\">Cut\u00e9<\/td>\n<td width=\"191\">Stagione<\/td>\n<td width=\"290\">Tutte le stagioni<\/td>\n<\/tr>\n<tr>\n<td width=\"192\">impermeabile<\/td>\n<td width=\"288\">Impermeabile<\/td>\n<td width=\"191\">Tipo<\/td>\n<td width=\"290\">Letti e accessori per animali domestici<\/td>\n<\/tr>\n<tr>\n<td width=\"192\">Letto e accessori<br \/>\nTipo<\/td>\n<td width=\"288\">Coperta per animali domestici<\/td>\n<td width=\"191\">Materiale<\/td>\n<td width=\"290\">Pile<\/td>\n<\/tr>\n<tr>\n<td width=\"192\">Funzione<\/td>\n<td width=\"288\">Riscaldare gli animali domestici<\/td>\n<td width=\"191\">MOQ<\/td>\n<td width=\"290\">20 pezzi<\/td>\n<\/tr>\n<tr>\n<td width=\"192\">Dimensione<\/td>\n<td width=\"288\">Dimensione personalizzata<\/td>\n<td width=\"191\">Colore<\/td>\n<td width=\"290\">Colore personalizzato<\/td>\n<\/tr>\n<tr>\n<td width=\"192\">Utilizzo<\/td>\n<td width=\"288\">Animali domestici che dormono<\/td>\n<td width=\"191\">Pagamento<\/td>\n<td width=\"290\">L\/C, TT<\/td>\n<\/tr>\n<\/tbody>\n<\/table>\n<h3><\/h3>\n<p>&nbsp;<\/p>\n<h3><span style=\"color: #ff6600;\">Key Features of 4L Automatic WiFi Smart Pet Feeder:<\/span><\/h3>\n<p><strong>Controllo remoto<\/strong><br \/>\nI proprietari di animali domestici possono controllare a distanza la mangiatoia in qualsiasi momento e ovunque si trovino tramite un'applicazione mobile, impostando orari e porzioni di cibo. Questo \u00e8 particolarmente comodo per i professionisti pi\u00f9 impegnati, in quanto garantisce che gli animali vengano nutriti in tempo.<\/p>\n<p><strong>Alimentazione precisa<\/strong><br \/>\nLa mangiatoia controlla con precisione la quantit\u00e0 di cibo somministrata ogni volta, in base alle esigenze dell'animale, evitando la sovralimentazione o la sottoalimentazione e aiutando l'animale a mantenere un peso sano.<\/p>\n<p><strong>Funzione di alimentazione temporizzata<\/strong><br \/>\n\u00c8 possibile preimpostare pi\u00f9 orari di somministrazione, assicurando che l'animale riceva il cibo a intervalli costanti, contribuendo a stabilire buone abitudini alimentari e riducendo l'ansia dell'animale.<\/p>\n<p><strong>Telecamera ad alta definizione<\/strong><br \/>\nUna telecamera integrata ad alta definizione consente ai proprietari di animali domestici di monitorare le loro attivit\u00e0 in tempo reale, comprendendo le loro abitudini alimentari e il loro comportamento, migliorando l'interazione con l'animale.<\/p>\n<p><strong>Design a grande capacit\u00e0<\/strong><\/p>\n<p>Il design da 4 litri di grande capacit\u00e0 \u00e8 adatto ad animali di tutte le taglie, riducendo il fastidio di frequenti rifornimenti e garantendo la tranquillit\u00e0 dei proprietari, particolarmente adatti all'uso in viaggio.<\/p>\n<p><strong>Facile da pulire<\/strong><\/p>\n<p>La mangiatoia \u00e8 dotata di un design staccabile per facilitare la pulizia e la manutenzione, mantenendo l'igiene e garantendo la sicurezza alimentare dell'animale.<\/p>\n<p>&nbsp;<\/p>\n<h2><span style=\"color: #ff6600;\">Vantaggi all'ingrosso e all'esportazione:<\/span><\/h2>\n<p>Fornitura diretta da parte della fabbrica - Tutti i prodotti sono fabbricati internamente, garantendo costi competitivi e qualit\u00e0 costante per i grossisti di fontane d'acqua automatiche.<\/p>\n<p>Campioni gratuiti - Le spese per i campioni vengono rimborsate dopo la conferma ufficiale dell'ordine.<\/p>\n<p>MOQ flessibile - Adatto a startup o ordini all'ingrosso di piccoli volumi.<\/p>\n<p>Produzione e consegna rapide - Tempi di consegna standard di 15-30 giorni, a seconda delle dimensioni dell'ordine; sono disponibili ordini urgenti.<\/p>\n<p>\u25cf Rigoroso controllo di qualit\u00e0 - Ogni unit\u00e0 viene sottoposta a test di distanza, test dei pulsanti, ispezione dell'impermeabilit\u00e0 e controlli di sicurezza della batteria.<\/p>\n<p>Ricca esperienza nell'esportazione - Forniamo in oltre 100 paesi con un supporto completo per la documentazione e la logistica delle esportazioni.<\/p>\n<p>Supporto a vita - Team di vendita e tecnici professionisti forniscono un'assistenza post-vendita continua.<\/p>\n<p>&nbsp;<\/p>\n<h2><span style=\"color: #ff6600;\">FAQ About 4L Automatic WiFi Smart Pet Feeder:<\/span><\/h2>\n<p><strong>D1: Continuer\u00e0 a nutrire il mio animale domestico se il WiFi si interrompe?<\/strong><br \/>\nR: Assolutamente s\u00ec. Una volta impostato il programma tramite l'app, la mangiatoia memorizza i dati a livello locale. Anche se il WiFi si disconnette, il timer integrato continuer\u00e0 a distribuire il cibo secondo il programma.<\/p>\n<p>&nbsp;<\/p>\n<p><strong>D2: Cosa succede durante un'interruzione di corrente?<\/strong><br \/>\nR: La tranquillit\u00e0 \u00e8 incorporata. L'alimentatore supporta la doppia alimentazione: utilizzare l'adattatore USB per l'alimentazione quotidiana e inserire 3 batterie D-cell (non incluse) come backup per garantire il funzionamento 24 ore su 24, 7 giorni su 7.<\/p>\n<p>&nbsp;<\/p>\n<p><strong>D3: L'app \u00e8 compatibile con il mio telefono e con il WiFi 5G?<\/strong><br \/>\nR: L'app funziona perfettamente sia su iOS che su Android. Nota bene: come la maggior parte dei dispositivi smart home, attualmente supporta le reti WiFi a 2,4GHz (non supporta il WiFi 5G).<\/p>\n<p>&nbsp;<\/p>\n<p><strong>D4: Come posso mantenere la mangiatoia pulita e il cibo fresco?<\/strong><br \/>\nR: La manutenzione \u00e8 un gioco da ragazzi! Il serbatoio del cibo e la ciotola in acciaio inox sono completamente staccabili per facilitare il lavaggio. Inoltre, la scatola essiccante integrata mantiene le crocchette fresche e croccanti.<\/p>\n<p>&nbsp;<\/p>\n<p><strong>D5: Posso condividere l'accesso con i miei familiari?<\/strong><br \/>\nR: S\u00ec! Una mangiatoia pu\u00f2 essere collegata a pi\u00f9 account. Voi e la vostra famiglia potete monitorare i registri di alimentazione e ricevere notifiche in tempo reale contemporaneamente.<\/p>\n<p>&nbsp;<\/p>\n<p><strong>D6: Quali sono le dimensioni delle crocchette supportate?<\/strong><br \/>\nR: Per evitare inceppamenti, consigliamo alimenti secchi con un diametro compreso tra 2 e 12 mm (circa 0,08-0,47 pollici). \u00c8 perfetto per gatti e cani di taglia medio-piccola.<\/p>\n<p>&nbsp;<\/p>\n<h2><span style=\"color: #ff6600;\">Applicazioni e caratteristiche correlate: il sistema<\/span><\/h2>\n<p>&nbsp;<\/p>\n<p>&nbsp;<\/p>\n<p>&nbsp;<\/p>\n<p>&nbsp;<\/p>","protected":false},"excerpt":{"rendered":"<p>Stop worrying about the &#8220;I&#8217;ll be home late&#8221; guilt. Your pet doesn\u2019t understand your busy schedule, but they do understand a full bowl. With our Smart Feeder, you\u2019re always there, even when you\u2019re miles away.<\/p>\n<p>Imagine the relief of knowing your best friend is happily fed, right on time, every single day. No more early morning wake-up calls or rushing through traffic. Give yourself the freedom you deserve and your pet the consistency they crave.<\/p>","protected":false},"featured_media":8145,"comment_status":"open","ping_status":"closed","template":"","meta":[],"product_brand":[],"product_cat":[48],"product_tag":[230,229,231,228,232],"class_list":{"0":"post-8144","1":"product","2":"type-product","3":"status-publish","4":"has-post-thumbnail","6":"product_cat-pet-food-feeder","7":"product_tag-automatic-cat-feeder-with-app","8":"product_tag-automatic-dog-feeder-with-camera","9":"product_tag-cat-food-dispenser-with-camera","10":"product_tag-lcd-display-smart-pet-feeder","11":"product_tag-smart-dog-food-dispenser-2026","12":"description-off","14":"first","15":"instock","16":"shipping-taxable","17":"product-type-simple"},"_links":{"self":[{"href":"https:\/\/honeypetty.com\/it\/wp-json\/wp\/v2\/product\/8144","targetHints":{"allow":["GET"]}}],"collection":[{"href":"https:\/\/honeypetty.com\/it\/wp-json\/wp\/v2\/product"}],"about":[{"href":"https:\/\/honeypetty.com\/it\/wp-json\/wp\/v2\/types\/product"}],"replies":[{"embeddable":true,"href":"https:\/\/honeypetty.com\/it\/wp-json\/wp\/v2\/comments?post=8144"}],"wp:featuredmedia":[{"embeddable":true,"href":"https:\/\/honeypetty.com\/it\/wp-json\/wp\/v2\/media\/8145"}],"wp:attachment":[{"href":"https:\/\/honeypetty.com\/it\/wp-json\/wp\/v2\/media?parent=8144"}],"wp:term":[{"taxonomy":"product_brand","embeddable":true,"href":"https:\/\/honeypetty.com\/it\/wp-json\/wp\/v2\/product_brand?post=8144"},{"taxonomy":"product_cat","embeddable":true,"href":"https:\/\/honeypetty.com\/it\/wp-json\/wp\/v2\/product_cat?post=8144"},{"taxonomy":"product_tag","embeddable":true,"href":"https:\/\/honeypetty.com\/it\/wp-json\/wp\/v2\/product_tag?post=8144"}],"curies":[{"name":"wp","href":"https:\/\/api.w.org\/{rel}","templated":true}]}}