{"id":7867,"date":"2026-01-30T06:43:53","date_gmt":"2026-01-30T06:43:53","guid":{"rendered":"https:\/\/honeypetty.com\/?post_type=product&#038;p=7867"},"modified":"2026-02-04T12:55:15","modified_gmt":"2026-02-04T12:55:15","slug":"eco-friendly-automatic-pet-water-fountain","status":"publish","type":"product","link":"https:\/\/honeypetty.com\/pt\/produto\/eco-friendly-automatic-pet-water-fountain\/","title":{"rendered":"Fonte de \u00e1gua autom\u00e1tica ecol\u00f3gica para animais de estima\u00e7\u00e3o"},"content":{"rendered":"<h2><span style=\"color: #ff6600;\">Introdu\u00e7\u00e3o do produto:<\/span><\/h2>\n<p>This eco-friendly automatic pet water dispenser is dedicated to promoting sustainable living while caring for your pet&#8217;s health.<\/p>\n<p>Its circulating filtration system, utilizing biodegradable or replaceable activated carbon filters, effectively purifies the water and reduces water waste. Furthermore, its long-lasting design and easy-to-clean structure reduce the frequency of replacement, and coupled with intelligent power-off protection, it provides a low-carbon, safe, and efficient hydration solution for environmentally conscious pet owners and families abroad.<\/p>\n<p>&nbsp;<\/p>\n<h3><span style=\"color: #ff6600;\">Especifica\u00e7\u00f5es do produto:<\/span><\/h3>\n<table width=\"921\">\n<tbody>\n<tr>\n<td width=\"192\">type<\/td>\n<td width=\"287\">Water\u00a0Bottles<\/td>\n<td width=\"192\">\u00a0Material<\/td>\n<td width=\"249\">\u00a0abs<\/td>\n<\/tr>\n<tr>\n<td width=\"192\">Usage Scenarios<\/td>\n<td width=\"287\">Indoor<\/td>\n<td width=\"192\">\u00a0Animal de estima\u00e7\u00e3o aplic\u00e1vel<\/td>\n<td width=\"249\">\u00a0Cats<\/td>\n<\/tr>\n<tr>\n<td width=\"192\">Feature<\/td>\n<td width=\"287\">Automatic<\/td>\n<td width=\"192\">\u00a0Place Of Origin<\/td>\n<td width=\"249\">\u00a0Guangdong,China<\/td>\n<\/tr>\n<tr>\n<td width=\"192\">Time Setting<\/td>\n<td width=\"287\">No<\/td>\n<td width=\"192\">\u00a0LCD Display<\/td>\n<td width=\"249\">\u00a0No<\/td>\n<\/tr>\n<tr>\n<td width=\"192\">Shape<\/td>\n<td width=\"287\">round<\/td>\n<td width=\"192\">\u00a0Power Source<\/td>\n<td width=\"249\">\u00a0Charge<\/td>\n<\/tr>\n<tr>\n<td width=\"192\">Voltage<\/td>\n<td width=\"287\">220-240V<\/td>\n<td width=\"192\">\u00a0product name<\/td>\n<td width=\"249\">\u00a0Pet\u00a0drink\u00a0fountain<\/td>\n<\/tr>\n<tr>\n<td width=\"192\">Material<\/td>\n<td width=\"287\">ABS<\/td>\n<td width=\"192\">\u00a0Capacity<\/td>\n<td width=\"249\">\u00a02.5L<\/td>\n<\/tr>\n<tr>\n<td width=\"192\">Packing box<\/td>\n<td width=\"287\">paper<\/td>\n<td width=\"192\">\u00a0Local Service<br \/>\nLocation<\/td>\n<td width=\"249\">\u00a0None<\/td>\n<\/tr>\n<tr>\n<td width=\"192\">After-sales Service<br \/>\nProvided<\/td>\n<td width=\"287\">Video\u00a0technical\u00a0support<\/td>\n<td width=\"192\">\u00a0Type<\/td>\n<td width=\"249\">\u00a0Pet\u00a0Bowls\u00a0&amp;Feeders<\/td>\n<\/tr>\n<tr>\n<td width=\"192\">Bowi&amp;Feeder Type<\/td>\n<td colspan=\"3\" width=\"729\">Automatic\u00a0Feeders\u00a0&amp;Waterers<\/td>\n<\/tr>\n<\/tbody>\n<\/table>\n<h3><\/h3>\n<p>&nbsp;<\/p>\n<h3><span style=\"color: #ff6600;\">Key Features of large capacity cat water fountain:<\/span><\/h3>\n<p><strong>\u25cfUltra-Quiet Performance (&lt; 30dB)<\/strong><br \/>\nOverseas users highly value quality of life, especially for appliances placed in bedrooms or living rooms.<\/p>\n<p><strong>\u25cfSmart LED Water Level Monitoring<\/strong><br \/>\nThis is not only aesthetically pleasing but also ensures safety and convenience.<\/p>\n<p><strong>\u25cfAdvanced Multi-stage Filtration and Water Softening Function<\/strong><br \/>\nWireless inductive water pump. This design completely eliminates wires inside the water tank, making it safe and allowing the unit to be washed directly like a regular bowl, and is dishwasher-safe.<\/p>\n<p><strong>\u25cfEasy Disassembly and Cleaning &amp; &#8220;Wireless&#8221; Concept<\/strong><br \/>\nWireless inductive water pump. This design completely eliminates wires inside the water tank, making it safe and allowing the unit to be washed directly like a regular bowl, and is dishwasher-safe.<\/p>\n<p><strong>\u25cfEmergency Power Outage Water Storage Design<\/strong><\/p>\n<p>The top tray is designed to hold a certain amount of water. Even in the event of a power outage, pets will still have sufficient emergency drinking water.<\/p>\n<p>&nbsp;<\/p>\n<h2><span style=\"color: #ff6600;\">OEM &amp; ODM Customization Service:<\/span><\/h2>\n<p>We are well aware of the stringent requirements of the overseas pet market regarding product safety and innovation. Honey&#8217;s OEM\/ODM services not only cover basic logo customization but also extend to industrial design (ID) and functional innovation.<\/p>\n<p>\u25cf Logo printing or laser engraving<\/p>\n<p>\u25cf Customized packaging, manuals, and barcode stickers<\/p>\n<p>\u25cf Pantone color customization<\/p>\n<p>\u25cf Private label services for Amazon sellers, chain retailers, and pet stores<\/p>\n<p>\u25cf Customizable fountain functions (e.g., adjustable flow time, low-water reminder, additional smart features)<\/p>\n<p>&nbsp;<\/p>\n<h2><span style=\"color: #ff6600;\">Vantagens do com\u00e9rcio grossista e da exporta\u00e7\u00e3o:<\/span><\/h2>\n<p>Fornecimento direto da f\u00e1brica - Todos os produtos s\u00e3o produzidos internamente, garantindo um custo competitivo e uma qualidade consistente para os grossistas de fontes de \u00e1gua autom\u00e1ticas.<\/p>\n<p>Amostras gr\u00e1tis - As taxas das amostras s\u00e3o reembolsadas ap\u00f3s a confirma\u00e7\u00e3o oficial da encomenda.<\/p>\n<p>MOQ flex\u00edvel - Adequado para startups ou pedidos de atacado de pequeno volume.<\/p>\n<p>Produ\u00e7\u00e3o e entrega r\u00e1pidas - Prazo de entrega padr\u00e3o de 15-30 dias, dependendo do tamanho da encomenda; est\u00e3o dispon\u00edveis encomendas urgentes.<\/p>\n<p>Controlo de qualidade rigoroso - Cada unidade \u00e9 submetida a testes de dist\u00e2ncia, testes de bot\u00f5es, inspe\u00e7\u00e3o \u00e0 prova de \u00e1gua e verifica\u00e7\u00f5es de seguran\u00e7a da bateria.<\/p>\n<p>Rica experi\u00eancia em exporta\u00e7\u00e3o - Fornecimento para mais de 100 pa\u00edses com suporte total para documenta\u00e7\u00e3o e log\u00edstica de exporta\u00e7\u00e3o.<\/p>\n<p>Suporte vital\u00edcio - As equipas t\u00e9cnicas e de vendas profissionais fornecem assist\u00eancia p\u00f3s-venda cont\u00ednua.<\/p>\n<p>&nbsp;<\/p>\n<h2><span style=\"color: #ff6600;\">Aplica\u00e7\u00f5es e funcionalidades relacionadas\uff1a<\/span><\/h2>\n<p><img fetchpriority=\"high\" decoding=\"async\" class=\"alignnone wp-image-7931 size-full\" src=\"http:\/\/honeypetty.com\/wp-content\/uploads\/2026\/01\/05.webp\" alt=\"Wholesale PET Water Fountains\" width=\"800\" height=\"800\" srcset=\"https:\/\/honeypetty.com\/wp-content\/uploads\/2026\/01\/05.webp 800w, https:\/\/honeypetty.com\/wp-content\/uploads\/2026\/01\/05-300x300.webp 300w, https:\/\/honeypetty.com\/wp-content\/uploads\/2026\/01\/05-200x200.webp 200w, https:\/\/honeypetty.com\/wp-content\/uploads\/2026\/01\/05-600x600.webp 600w, https:\/\/honeypetty.com\/wp-content\/uploads\/2026\/01\/05-150x150.webp 150w, https:\/\/honeypetty.com\/wp-content\/uploads\/2026\/01\/05-768x768.webp 768w\" sizes=\"(max-width: 800px) 100vw, 800px\" \/><\/p>\n<p>&nbsp;<\/p>\n<p>&nbsp;<\/p>\n<p>&nbsp;<\/p>","protected":false},"excerpt":{"rendered":"<p>Product Introduction: This eco-friendly automatic pet water dispenser is dedicated to promoting sustainable living while caring for your pet&#8217;s health. Its circulating filtration system, utilizing biodegradable or replaceable activated carbon filters, effectively purifies the water and reduces water waste. Furthermore, its long-lasting design and easy-to-clean structure reduce the frequency of replacement, and coupled with intelligent&hellip;<\/p>","protected":false},"featured_media":7927,"comment_status":"open","ping_status":"closed","template":"","meta":[],"product_brand":[],"product_cat":[49],"product_tag":[74,72,75,76,73],"class_list":{"0":"post-7867","1":"product","2":"type-product","3":"status-publish","4":"has-post-thumbnail","6":"product_cat-pet-water-fountain","7":"product_tag-automatic-pet-led-light-water-bowl","8":"product_tag-dog-and-cat-drinking-feeder","9":"product_tag-electric-smart-pet-drinking-bowl","10":"product_tag-factory-price-pet-water-fountains","11":"product_tag-wholesale-pet-water-fountains","12":"description-off","14":"first","15":"instock","16":"shipping-taxable","17":"product-type-simple"},"_links":{"self":[{"href":"https:\/\/honeypetty.com\/pt\/wp-json\/wp\/v2\/product\/7867","targetHints":{"allow":["GET"]}}],"collection":[{"href":"https:\/\/honeypetty.com\/pt\/wp-json\/wp\/v2\/product"}],"about":[{"href":"https:\/\/honeypetty.com\/pt\/wp-json\/wp\/v2\/types\/product"}],"replies":[{"embeddable":true,"href":"https:\/\/honeypetty.com\/pt\/wp-json\/wp\/v2\/comments?post=7867"}],"wp:featuredmedia":[{"embeddable":true,"href":"https:\/\/honeypetty.com\/pt\/wp-json\/wp\/v2\/media\/7927"}],"wp:attachment":[{"href":"https:\/\/honeypetty.com\/pt\/wp-json\/wp\/v2\/media?parent=7867"}],"wp:term":[{"taxonomy":"product_brand","embeddable":true,"href":"https:\/\/honeypetty.com\/pt\/wp-json\/wp\/v2\/product_brand?post=7867"},{"taxonomy":"product_cat","embeddable":true,"href":"https:\/\/honeypetty.com\/pt\/wp-json\/wp\/v2\/product_cat?post=7867"},{"taxonomy":"product_tag","embeddable":true,"href":"https:\/\/honeypetty.com\/pt\/wp-json\/wp\/v2\/product_tag?post=7867"}],"curies":[{"name":"wp","href":"https:\/\/api.w.org\/{rel}","templated":true}]}}