{"id":7868,"date":"2026-01-30T06:56:43","date_gmt":"2026-01-30T06:56:43","guid":{"rendered":"https:\/\/honeypetty.com\/?post_type=product&#038;p=7868"},"modified":"2026-02-04T12:57:00","modified_gmt":"2026-02-04T12:57:00","slug":"wholesale-3l-101oz-pet-cat-dog-water-fountains","status":"publish","type":"product","link":"https:\/\/honeypetty.com\/pt\/produto\/wholesale-3l-101oz-pet-cat-dog-water-fountains\/","title":{"rendered":"Atacado 3L\/101oz PET Fontes de \u00e1gua para c\u00e3es e gatos"},"content":{"rendered":"<h2><span style=\"color: #ff6600;\">Introdu\u00e7\u00e3o do produto:<\/span><\/h2>\n<p>This 3L\/101 oz PET pet water dispenser is designed for multi-pet households or medium to large pets, with its core selling points being its extra-large capacity and high cost-effectiveness. The 101-ounce water capacity can meet the drinking needs of a single adult cat for approximately two weeks, significantly reducing the hassle of frequent refilling.<\/p>\n<p>The product uses food-grade transparent PET material, which is not only safe and non-toxic (BPA-Free), but also features a fully transparent body that allows for easy monitoring of the water level. Combined with an ultra-quiet water pump design (below 30 decibels), it won&#8217;t disturb sleep even when running at night. Its minimalist structural design ensures easy disassembly and cleaning, making it an ideal choice for those seeking an efficient and clean pet care experience.<\/p>\n<p>&nbsp;<\/p>\n<h3><span style=\"color: #ff6600;\">Especifica\u00e7\u00f5es do produto:<\/span><\/h3>\n<table width=\"921\">\n<tbody>\n<tr>\n<td width=\"192\">type<\/td>\n<td width=\"287\">Water\u00a0Bottles<\/td>\n<td width=\"192\">\u00a0Material<\/td>\n<td width=\"249\">\u00a0abs<\/td>\n<\/tr>\n<tr>\n<td width=\"192\">Usage Scenarios<\/td>\n<td width=\"287\">Indoor<\/td>\n<td width=\"192\">\u00a0Animal de estima\u00e7\u00e3o aplic\u00e1vel<\/td>\n<td width=\"249\">\u00a0Cats<\/td>\n<\/tr>\n<tr>\n<td width=\"192\">Feature<\/td>\n<td width=\"287\">Automatic<\/td>\n<td width=\"192\">\u00a0Place Of Origin<\/td>\n<td width=\"249\">\u00a0Guangdong,China<\/td>\n<\/tr>\n<tr>\n<td width=\"192\">Time Setting<\/td>\n<td width=\"287\">No<\/td>\n<td width=\"192\">\u00a0LCD Display<\/td>\n<td width=\"249\">\u00a0No<\/td>\n<\/tr>\n<tr>\n<td width=\"192\">Shape<\/td>\n<td width=\"287\">round<\/td>\n<td width=\"192\">\u00a0Power Source<\/td>\n<td width=\"249\">\u00a0Charge<\/td>\n<\/tr>\n<tr>\n<td width=\"192\">Voltage<\/td>\n<td width=\"287\">220-240V<\/td>\n<td width=\"192\">\u00a0product name<\/td>\n<td width=\"249\">\u00a0Pet\u00a0drink\u00a0fountain<\/td>\n<\/tr>\n<tr>\n<td width=\"192\">Material<\/td>\n<td width=\"287\">ABS<\/td>\n<td width=\"192\">\u00a0Capacity<\/td>\n<td width=\"249\">\u00a02.5L<\/td>\n<\/tr>\n<tr>\n<td width=\"192\">Packing box<\/td>\n<td width=\"287\">paper<\/td>\n<td width=\"192\">\u00a0Local Service<br \/>\nLocation<\/td>\n<td width=\"249\">\u00a0None<\/td>\n<\/tr>\n<tr>\n<td width=\"192\">After-sales Service<br \/>\nProvided<\/td>\n<td width=\"287\">Video\u00a0technical\u00a0support<\/td>\n<td width=\"192\">\u00a0Type<\/td>\n<td width=\"249\">\u00a0Pet\u00a0Bowls\u00a0&amp;Feeders<\/td>\n<\/tr>\n<tr>\n<td width=\"192\">Bowi&amp;Feeder Type<\/td>\n<td colspan=\"3\" width=\"729\">Automatic\u00a0Feeders\u00a0&amp;Waterers<\/td>\n<\/tr>\n<\/tbody>\n<\/table>\n<h3><\/h3>\n<p>&nbsp;<\/p>\n<h3><span style=\"color: #ff6600;\">Key Features of large capacity cat water fountain:<\/span><\/h3>\n<p><strong>\u25cfUltra-Quiet Performance (&lt; 30dB)<\/strong><br \/>\nOverseas users highly value quality of life, especially for appliances placed in bedrooms or living rooms.<\/p>\n<p><strong>\u25cfSmart LED Water Level Monitoring<\/strong><br \/>\nThis is not only aesthetically pleasing but also ensures safety and convenience.<\/p>\n<p><strong>\u25cfAdvanced Multi-stage Filtration and Water Softening Function<\/strong><br \/>\nWireless inductive water pump. This design completely eliminates wires inside the water tank, making it safe and allowing the unit to be washed directly like a regular bowl, and is dishwasher-safe.<\/p>\n<p><strong>\u25cfEasy Disassembly and Cleaning &amp; &#8220;Wireless&#8221; Concept<\/strong><br \/>\nWireless inductive water pump. This design completely eliminates wires inside the water tank, making it safe and allowing the unit to be washed directly like a regular bowl, and is dishwasher-safe.<\/p>\n<p><strong>\u25cfEmergency Power Outage Water Storage Design<\/strong><\/p>\n<p>The top tray is designed to hold a certain amount of water. Even in the event of a power outage, pets will still have sufficient emergency drinking water.<\/p>\n<p>&nbsp;<\/p>\n<h2><span style=\"color: #ff6600;\">OEM &amp; ODM Customization Service:<\/span><\/h2>\n<p>We are well aware of the stringent requirements of the overseas pet market regarding product safety and innovation. Honey&#8217;s OEM\/ODM services not only cover basic logo customization but also extend to industrial design (ID) and functional innovation.<\/p>\n<p>\u25cf Logo printing or laser engraving<\/p>\n<p>\u25cf Customized packaging, manuals, and barcode stickers<\/p>\n<p>\u25cf Pantone color customization<\/p>\n<p>\u25cf Private label services for Amazon sellers, chain retailers, and pet stores<\/p>\n<p>\u25cf Customizable fountain functions (e.g., adjustable flow time, low-water reminder, additional smart features)<\/p>\n<p>&nbsp;<\/p>\n<h2><span style=\"color: #ff6600;\">Vantagens do com\u00e9rcio grossista e da exporta\u00e7\u00e3o:<\/span><\/h2>\n<p>Fornecimento direto da f\u00e1brica - Todos os produtos s\u00e3o produzidos internamente, garantindo um custo competitivo e uma qualidade consistente para os grossistas de fontes de \u00e1gua autom\u00e1ticas.<\/p>\n<p>Amostras gr\u00e1tis - As taxas das amostras s\u00e3o reembolsadas ap\u00f3s a confirma\u00e7\u00e3o oficial da encomenda.<\/p>\n<p>MOQ flex\u00edvel - Adequado para startups ou pedidos de atacado de pequeno volume.<\/p>\n<p>Produ\u00e7\u00e3o e entrega r\u00e1pidas - Prazo de entrega padr\u00e3o de 15-30 dias, dependendo do tamanho da encomenda; est\u00e3o dispon\u00edveis encomendas urgentes.<\/p>\n<p>Controlo de qualidade rigoroso - Cada unidade \u00e9 submetida a testes de dist\u00e2ncia, testes de bot\u00f5es, inspe\u00e7\u00e3o \u00e0 prova de \u00e1gua e verifica\u00e7\u00f5es de seguran\u00e7a da bateria.<\/p>\n<p>Rica experi\u00eancia em exporta\u00e7\u00e3o - Fornecimento para mais de 100 pa\u00edses com suporte total para documenta\u00e7\u00e3o e log\u00edstica de exporta\u00e7\u00e3o.<\/p>\n<p>Suporte vital\u00edcio - As equipas t\u00e9cnicas e de vendas profissionais fornecem assist\u00eancia p\u00f3s-venda cont\u00ednua.<\/p>\n<p>&nbsp;<\/p>\n<h2><span style=\"color: #ff6600;\">Aplica\u00e7\u00f5es e funcionalidades relacionadas\uff1a<\/span><\/h2>\n<p>&nbsp;<\/p>\n<p>&nbsp;<\/p>\n<p>&nbsp;<\/p>\n<p>&nbsp;<\/p>","protected":false},"excerpt":{"rendered":"<p>Product Introduction: This 3L\/101 oz PET pet water dispenser is designed for multi-pet households or medium to large pets, with its core selling points being its extra-large capacity and high cost-effectiveness. The 101-ounce water capacity can meet the drinking needs of a single adult cat for approximately two weeks, significantly reducing the hassle of frequent&hellip;<\/p>","protected":false},"featured_media":7933,"comment_status":"open","ping_status":"closed","template":"","meta":[],"product_brand":[],"product_cat":[49],"product_tag":[81,79,78,80,77],"class_list":{"0":"post-7868","1":"product","2":"type-product","3":"status-publish","4":"has-post-thumbnail","6":"product_cat-pet-water-fountain","7":"product_tag-automatic-pet-water-fountain-wholesale","8":"product_tag-cat-dog-automatic-water-dispenser","9":"product_tag-large-capacity-smart-pet-water-dispenser","10":"product_tag-smart-cat-water-fountain-for-pets","11":"product_tag-smart-modern-pet-water-fountain-modern","12":"description-off","14":"first","15":"instock","16":"shipping-taxable","17":"product-type-simple"},"_links":{"self":[{"href":"https:\/\/honeypetty.com\/pt\/wp-json\/wp\/v2\/product\/7868","targetHints":{"allow":["GET"]}}],"collection":[{"href":"https:\/\/honeypetty.com\/pt\/wp-json\/wp\/v2\/product"}],"about":[{"href":"https:\/\/honeypetty.com\/pt\/wp-json\/wp\/v2\/types\/product"}],"replies":[{"embeddable":true,"href":"https:\/\/honeypetty.com\/pt\/wp-json\/wp\/v2\/comments?post=7868"}],"wp:featuredmedia":[{"embeddable":true,"href":"https:\/\/honeypetty.com\/pt\/wp-json\/wp\/v2\/media\/7933"}],"wp:attachment":[{"href":"https:\/\/honeypetty.com\/pt\/wp-json\/wp\/v2\/media?parent=7868"}],"wp:term":[{"taxonomy":"product_brand","embeddable":true,"href":"https:\/\/honeypetty.com\/pt\/wp-json\/wp\/v2\/product_brand?post=7868"},{"taxonomy":"product_cat","embeddable":true,"href":"https:\/\/honeypetty.com\/pt\/wp-json\/wp\/v2\/product_cat?post=7868"},{"taxonomy":"product_tag","embeddable":true,"href":"https:\/\/honeypetty.com\/pt\/wp-json\/wp\/v2\/product_tag?post=7868"}],"curies":[{"name":"wp","href":"https:\/\/api.w.org\/{rel}","templated":true}]}}