{"id":8243,"date":"2026-02-15T04:59:07","date_gmt":"2026-02-15T04:59:07","guid":{"rendered":"https:\/\/honeypetty.com\/?post_type=product&#038;p=8243"},"modified":"2026-02-15T05:03:56","modified_gmt":"2026-02-15T05:03:56","slug":"orthopedic-foam-sofa-velvet-dog-beds","status":"publish","type":"product","link":"https:\/\/honeypetty.com\/pt\/produto\/orthopedic-foam-sofa-velvet-dog-beds\/","title":{"rendered":"Sof\u00e1 de espuma ortop\u00e9dica Camas de veludo para c\u00e3es"},"content":{"rendered":"<h2><span style=\"color: #ff6600;\">Introdu\u00e7\u00e3o do produto:<\/span><\/h2>\n<p>A cama ortop\u00e9dica para animais de estima\u00e7\u00e3o 2026 Large Dog Sofa-Style Leather Orthopedic \u00e9 a escolha perfeita para proporcionar um conforto luxuoso ao seu amado canino. Fabricada com pele sint\u00e9tica de alta qualidade, \u00e9 dur\u00e1vel e f\u00e1cil de limpar, garantindo uma utiliza\u00e7\u00e3o duradoura sem desgaste. O design ortop\u00e9dico \u00fanico adapta-se \u00e0s curvas do corpo do seu c\u00e3o, proporcionando um excelente apoio, reduzindo a press\u00e3o nas articula\u00e7\u00f5es e ajudando a manter uma postura saud\u00e1vel. Este sof\u00e1-cama para animais de estima\u00e7\u00e3o n\u00e3o s\u00f3 tem estilo e eleg\u00e2ncia, complementando na perfei\u00e7\u00e3o qualquer decora\u00e7\u00e3o de casa, como tamb\u00e9m possui um fundo antiderrapante para maior seguran\u00e7a durante as actividades do seu animal de estima\u00e7\u00e3o. D\u00ea ao seu c\u00e3o de grande porte um espa\u00e7o dedicado e confort\u00e1vel para desfrutar de uma vida de alta qualidade em casa.<\/p>\n<p>&nbsp;<\/p>\n<h3><span style=\"color: #ff6600;\">Especifica\u00e7\u00f5es do produto:<\/span><\/h3>\n<table width=\"969\">\n<tbody>\n<tr>\n<td colspan=\"2\" width=\"483\">Carater\u00edstica Eco-Friendly<\/td>\n<td width=\"192\">\u00a0Animal de estima\u00e7\u00e3o aplic\u00e1vel<\/td>\n<td width=\"293\">C\u00e3es<\/td>\n<\/tr>\n<tr>\n<td colspan=\"2\" width=\"483\">Instru\u00e7\u00f5es de lavagem Lavagem mec\u00e2nica<\/td>\n<td width=\"192\">\u00a0Material<\/td>\n<td width=\"293\">Pele sint\u00e9tica<\/td>\n<\/tr>\n<tr>\n<td colspan=\"2\" width=\"483\">Local de origem Zhejiang.China<\/td>\n<td width=\"192\">\u00a0Nome da marca<\/td>\n<td width=\"293\">Mel<\/td>\n<\/tr>\n<tr>\n<td colspan=\"2\" width=\"483\">N\u00famero do modelo FUNO06<\/td>\n<td width=\"192\">\u00a0Padr\u00e3o<\/td>\n<td width=\"293\">S\u00f3lido<\/td>\n<\/tr>\n<tr>\n<td colspan=\"2\" width=\"483\">Cor castanho, cinzento, preto<\/td>\n<td width=\"192\">\u00a0Nome do produto<\/td>\n<td width=\"293\">cosy cuddler fauxfur luxo animal de estima\u00e7\u00e3o<br \/>\ncama<\/td>\n<\/tr>\n<tr>\n<td width=\"191\">Palavras-chave<\/td>\n<td width=\"291\">\u00a0camas snuggle para c\u00e3es de pele sint\u00e9tica<br \/>\ncama de luxo para animais de estima\u00e7\u00e3o<\/td>\n<td width=\"192\">\u00a0MOQ<\/td>\n<td width=\"293\">100<\/td>\n<\/tr>\n<tr>\n<td width=\"191\">Capa<\/td>\n<td width=\"291\">\u00a0Lona, pele sint\u00e9tica<\/td>\n<td width=\"192\">\u00a0Enchimento<\/td>\n<td width=\"293\">algod\u00e3o pp<\/td>\n<\/tr>\n<tr>\n<td width=\"191\">Outro nome<\/td>\n<td width=\"291\">\u00a0cama ortop\u00e9dica para animais de estima\u00e7\u00e3o em pele sint\u00e9tica<br \/>\ncama de luxo para animais de estima\u00e7\u00e3o<\/td>\n<td width=\"192\">\u00a0Pagamento<\/td>\n<td width=\"293\">T\/T<\/td>\n<\/tr>\n<tr>\n<td width=\"191\">Item<\/td>\n<td width=\"291\">\u00a0Cachorrinho de lona com pele sint\u00e9tica de luxo<br \/>\ncama para animais<\/td>\n<td width=\"192\">\u00a0OEM<\/td>\n<td width=\"293\">Dispon\u00edvel<\/td>\n<\/tr>\n<\/tbody>\n<\/table>\n<h3><\/h3>\n<h3><span style=\"color: #ff6600;\">Carater\u00edsticas principais da cama de c\u00e3o donut extra grande:<\/span><\/h3>\n<p><strong>Materiais de alta qualidade:<\/strong><br \/>\nFabricada com tecido de lona de alta qualidade, \u00e9 resistente ao desgaste e duradoura, capaz de suportar a utiliza\u00e7\u00e3o di\u00e1ria por animais de estima\u00e7\u00e3o, mantendo o aspeto e o desempenho da cama durante muito tempo.<\/p>\n<p><strong>\u25cfDesign confort\u00e1vel\uff1a<\/strong><\/p>\n<p>O colch\u00e3o \u00e9 preenchido com espuma macia e de alta densidade, proporcionando um excelente apoio e permitindo que o seu animal de estima\u00e7\u00e3o relaxe totalmente e desfrute de uma experi\u00eancia confort\u00e1vel durante o descanso.<\/p>\n<p><strong>\u25cfF\u00e1cil de limpar\uff1a<\/strong><\/p>\n<p>O design do colch\u00e3o amov\u00edvel facilita a limpeza e a manuten\u00e7\u00e3o, garantindo que a cama para animais de estima\u00e7\u00e3o se mant\u00e9m limpa e higi\u00e9nica, criando um ambiente de descanso saud\u00e1vel para o seu animal de estima\u00e7\u00e3o.<\/p>\n<p><strong>\u25cfFundo antiderrapante\uff1a<\/strong><\/p>\n<p>O fundo foi concebido com material antiderrapante, aumentando a estabilidade da cama para animais de estima\u00e7\u00e3o e evitando que deslize durante as actividades dos animais, garantindo a seguran\u00e7a dos mesmos.<\/p>\n<p><strong>\u25cfVariedade de tamanhos e cores\uff1a<\/strong><\/p>\n<p>Dispon\u00edvel em v\u00e1rios tamanhos e cores para se adaptar a diferentes tamanhos de animais e estilos de casa, permitindo que cada comprador encontre a op\u00e7\u00e3o perfeita.<\/p>\n<p><strong>Adequado para utiliza\u00e7\u00e3o no interior e no exterior:\uff1a<\/strong><\/p>\n<p>Esta cama para animais de estima\u00e7\u00e3o n\u00e3o s\u00f3 \u00e9 adequada para utiliza\u00e7\u00e3o em casa, como tamb\u00e9m pode ser utilizada no exterior para acampar e viajar, satisfazendo as necessidades de conforto do seu animal de estima\u00e7\u00e3o em diferentes ambientes.<\/p>\n<p>&nbsp;<\/p>\n<h2><span style=\"color: #ff6600;\">Vantagens do com\u00e9rcio grossista e da exporta\u00e7\u00e3o:<\/span><\/h2>\n<p>Fornecimento direto da f\u00e1brica - Todos os produtos s\u00e3o produzidos internamente, garantindo um custo competitivo e uma qualidade consistente para os grossistas de fontes de \u00e1gua autom\u00e1ticas.<\/p>\n<p>Amostras gr\u00e1tis - As taxas das amostras s\u00e3o reembolsadas ap\u00f3s a confirma\u00e7\u00e3o oficial da encomenda.<\/p>\n<p>MOQ flex\u00edvel - Adequado para startups ou pedidos de atacado de pequeno volume.<\/p>\n<p>Produ\u00e7\u00e3o e entrega r\u00e1pidas - Prazo de entrega padr\u00e3o de 15-30 dias, dependendo do tamanho da encomenda; est\u00e3o dispon\u00edveis encomendas urgentes.<\/p>\n<p>Controlo de qualidade rigoroso - Cada unidade \u00e9 submetida a testes de dist\u00e2ncia, testes de bot\u00f5es, inspe\u00e7\u00e3o \u00e0 prova de \u00e1gua e verifica\u00e7\u00f5es de seguran\u00e7a da bateria.<\/p>\n<p>Rica experi\u00eancia em exporta\u00e7\u00e3o - Fornecimento para mais de 100 pa\u00edses com suporte total para documenta\u00e7\u00e3o e log\u00edstica de exporta\u00e7\u00e3o.<\/p>\n<p>Suporte vital\u00edcio - As equipas t\u00e9cnicas e de vendas profissionais fornecem assist\u00eancia p\u00f3s-venda cont\u00ednua.<\/p>\n<p>&nbsp;<\/p>\n<h2><span style=\"color: #ff6600;\">Perguntas frequentes sobre o ninho redondo para c\u00e3es:<\/span><\/h2>\n<p><strong>P1: Este tecido de couro \u00e9 suficientemente confort\u00e1vel e delicado para c\u00e3es de grande porte?<\/strong><br \/>\nResposta: Sem d\u00favida. Utilizamos o nosso couro t\u00e9cnico de toque suave 2026 feito \u00e0 medida, que \u00e9 quente e suave como o couro genu\u00edno e tem uma excelente respirabilidade. N\u00e3o cont\u00e9m odores qu\u00edmicos irritantes, garantindo que os c\u00e3es de grande porte permanecem secos e confort\u00e1veis mesmo durante um sono prolongado.<\/p>\n<p>&nbsp;<\/p>\n<p><strong>Q2: Como \u00e9 o suporte da espuma viscoel\u00e1stica para o peso de c\u00e3es de grande porte?<\/strong><br \/>\nResposta: Extremamente solid\u00e1rio. Como f\u00e1brica de origem, utilizamos um n\u00facleo de espuma viscoel\u00e1stica ortop\u00e9dica de 4 polegadas de alta densidade, especificamente concebido para c\u00e3es de grande porte. Absorve a press\u00e3o com precis\u00e3o, evita a flacidez e protege eficazmente as articula\u00e7\u00f5es e a coluna vertebral vulner\u00e1veis dos c\u00e3es de grande porte.<\/p>\n<p>&nbsp;<\/p>\n<p><strong>P3: O tecido de couro \u00e9 resistente a riscos? Consegue suportar o poder destrutivo de c\u00e3es grandes?<\/strong><br \/>\nResposta: Extremamente dur\u00e1vel. Este couro foi submetido a 100.000 testes de fric\u00e7\u00e3o e tem uma resist\u00eancia significativa a riscos e rasg\u00f5es. Combinado com o processo de costura dupla espessada exclusivo da nossa f\u00e1brica, pode facilmente suportar os arranh\u00f5es di\u00e1rios e o desgaste de c\u00e3es de grande porte.<\/p>\n<p>&nbsp;<\/p>\n<p>Q4: \u00c9 f\u00e1cil de limpar? Consegue eliminar completamente os odores?<br \/>\nResposta: Muito f\u00e1cil de manter. O tecido em pele \u00e9 naturalmente imperme\u00e1vel e resistente a manchas; um pano h\u00famido \u00e9 tudo o que precisa para a limpeza di\u00e1ria. Tamb\u00e9m adicion\u00e1mos tecnologia de revestimento antibacteriano para inibir a gera\u00e7\u00e3o de odores a partir da fonte, garantindo que o seu ambiente dom\u00e9stico se mant\u00e9m fresco, profissional e de alta qualidade.<\/p>\n<p>Q5: Os materiais s\u00e3o seguros e respeitadores do ambiente? Existem certifica\u00e7\u00f5es relevantes?<br \/>\nResposta: As suas preocupa\u00e7\u00f5es s\u00e3o os nossos padr\u00f5es. Todos os materiais foram aprovados nas certifica\u00e7\u00f5es ambientais OEKO-TEX e REACH, e s\u00e3o isentos de chumbo e formalde\u00eddo. Utilizamos as normas rigorosas de fabrico de produtos de qualidade m\u00e9dica para criar um espa\u00e7o de dormir sem danos para os seus animais de estima\u00e7\u00e3o.<\/p>\n<p>Q6: Aceitam personaliza\u00e7\u00e3o a granel ou dropshipping?<br \/>\nResposta: Suporte flex\u00edvel. Como fornecedor com muitos anos de experi\u00eancia no sector, oferecemos solu\u00e7\u00f5es flex\u00edveis de personaliza\u00e7\u00e3o OEM\/ODM. Tirando partido do nosso eficiente sistema de cadeia de fornecimento, garantimos prazos de entrega est\u00e1veis e pre\u00e7os diretos de f\u00e1brica altamente competitivos, ajudando a sua marca a alcan\u00e7ar um r\u00e1pido crescimento.<\/p>\n<p>&nbsp;<\/p>\n<p>&nbsp;<\/p>\n<h2><span style=\"color: #ff6600;\">Aplica\u00e7\u00f5es e funcionalidades relacionadas\uff1a<\/span><\/h2>\n<p>&nbsp;<\/p>\n<p>&nbsp;<\/p>\n<p>&nbsp;<\/p>\n<p>&nbsp;<\/p>","protected":false},"excerpt":{"rendered":"<p>Proporcione ao seu c\u00e3o de grande porte uma experi\u00eancia de descanso luxuosa! Escolha a cama ortop\u00e9dica para animais de estima\u00e7\u00e3o 2026 Large Dog Sofa-Style Leather Orthopedic e deixe o seu companheiro canino experimentar um conforto e apoio sem paralelo. Os seus materiais de alta qualidade e o seu design meticuloso garantem que o seu animal de estima\u00e7\u00e3o recebe os melhores cuidados enquanto descansa. Compre hoje mesmo este sof\u00e1-cama ideal para ele! Deixe que cada momento de sono seja repleto de paz e felicidade. Crie agora um espa\u00e7o acolhedor e confort\u00e1vel para o seu c\u00e3o, tornando-o no seu local de repouso preferido!<\/p>","protected":false},"featured_media":8244,"comment_status":"open","ping_status":"closed","template":"","meta":[],"product_brand":[],"product_cat":[51],"product_tag":[244,243,245,246,247],"class_list":{"0":"post-8243","1":"product","2":"type-product","3":"status-publish","4":"has-post-thumbnail","6":"product_cat-pet-bed","7":"product_tag-best-orthopedic-dog-bed-2026","8":"product_tag-orthopedic-dog-beds-on-sale","9":"product_tag-orthopedic-dog-mat-wholesale","10":"product_tag-thick-orthopedic-dog-bed-supplier","11":"product_tag-top-rated-orthopedic-dog-beds","12":"description-off","14":"first","15":"instock","16":"shipping-taxable","17":"product-type-simple"},"_links":{"self":[{"href":"https:\/\/honeypetty.com\/pt\/wp-json\/wp\/v2\/product\/8243","targetHints":{"allow":["GET"]}}],"collection":[{"href":"https:\/\/honeypetty.com\/pt\/wp-json\/wp\/v2\/product"}],"about":[{"href":"https:\/\/honeypetty.com\/pt\/wp-json\/wp\/v2\/types\/product"}],"replies":[{"embeddable":true,"href":"https:\/\/honeypetty.com\/pt\/wp-json\/wp\/v2\/comments?post=8243"}],"wp:featuredmedia":[{"embeddable":true,"href":"https:\/\/honeypetty.com\/pt\/wp-json\/wp\/v2\/media\/8244"}],"wp:attachment":[{"href":"https:\/\/honeypetty.com\/pt\/wp-json\/wp\/v2\/media?parent=8243"}],"wp:term":[{"taxonomy":"product_brand","embeddable":true,"href":"https:\/\/honeypetty.com\/pt\/wp-json\/wp\/v2\/product_brand?post=8243"},{"taxonomy":"product_cat","embeddable":true,"href":"https:\/\/honeypetty.com\/pt\/wp-json\/wp\/v2\/product_cat?post=8243"},{"taxonomy":"product_tag","embeddable":true,"href":"https:\/\/honeypetty.com\/pt\/wp-json\/wp\/v2\/product_tag?post=8243"}],"curies":[{"name":"wp","href":"https:\/\/api.w.org\/{rel}","templated":true}]}}