{"id":8488,"date":"2026-05-08T01:19:07","date_gmt":"2026-05-08T01:19:07","guid":{"rendered":"https:\/\/honeypetty.com\/?post_type=product&#038;p=8488"},"modified":"2026-05-08T01:22:03","modified_gmt":"2026-05-08T01:22:03","slug":"2026-fashion-fluffy-coral-fleece-flannel-throw-blanket","status":"publish","type":"product","link":"https:\/\/honeypetty.com\/pt\/product\/2026-fashion-fluffy-coral-fleece-flannel-throw-blanket\/","title":{"rendered":"2026 Moda Manta de flanela de velo coral fofa"},"content":{"rendered":"<p>This fluffy coral fleece and flannel blanket features a dual-sided design crafted from premium fabrics. One side offers the cloud-like softness of fluffy coral fleece, providing exceptional warmth and heat retention; the other side features dense flannel\u2014resilient against scratches, highly durable, and easy to maintain. More than just a cozy winter bed for your pet, it serves as a thoughtful guardian for your sofa, effectively shielding it from pet hair and stains. The classic plaid pattern boasts a simple, versatile aesthetic that effortlessly blends into any home decor. Suitable for pets of all ages\u2014from ensuring a puppy&#8217;s peaceful slumber to providing joint support for seniors\u2014this blanket retains its shape even after machine washing, ensuring your beloved pet stays comfortable while giving you complete peace of mind.<\/p>\n<p>&nbsp;<\/p>\n<p><strong>Guia de utiliza\u00e7\u00e3o da nova manta de flanela xadrez em diferentes fases da vida canina:<\/strong><\/p>\n<p>Cachorros: Suave e quente; simula a sensa\u00e7\u00e3o de seguran\u00e7a proporcionada pela m\u00e3e, ajudando-os a dormir profundamente e promovendo um desenvolvimento saud\u00e1vel.<br \/>\nC\u00e3es adultos: Confort\u00e1vel e resistente aos riscos; o padr\u00e3o axadrezado ajuda a esconder a sujidade, tornando-o ideal para as sestas di\u00e1rias e para descansar no sof\u00e1.<br \/>\nC\u00e3es seniores: Possui um forro de pel\u00facia extra para um maior calor, ajuda a aliviar o desconforto nas articula\u00e7\u00f5es e proporciona prote\u00e7\u00e3o contra o frio, bem como apoio \u00e0 coluna vertebral durante os meses de inverno.<\/p>\n<p>&nbsp;<\/p>\n<p><img fetchpriority=\"high\" decoding=\"async\" class=\"alignnone wp-image-8477 size-full\" src=\"http:\/\/honeypetty.com\/wp-content\/uploads\/2026\/05\/07.jpg\" alt=\"\" width=\"671\" height=\"671\" srcset=\"https:\/\/honeypetty.com\/wp-content\/uploads\/2026\/05\/07.jpg 671w, https:\/\/honeypetty.com\/wp-content\/uploads\/2026\/05\/07-300x300.jpg 300w, https:\/\/honeypetty.com\/wp-content\/uploads\/2026\/05\/07-150x150.jpg 150w, https:\/\/honeypetty.com\/wp-content\/uploads\/2026\/05\/07-12x12.jpg 12w, https:\/\/honeypetty.com\/wp-content\/uploads\/2026\/05\/07-600x600.jpg 600w, https:\/\/honeypetty.com\/wp-content\/uploads\/2026\/05\/07-200x200.jpg 200w\" sizes=\"(max-width: 671px) 100vw, 671px\" \/><\/p>\n<p><img decoding=\"async\" class=\"alignnone wp-image-8478 size-full\" src=\"http:\/\/honeypetty.com\/wp-content\/uploads\/2026\/05\/08.jpg\" alt=\"\" width=\"673\" height=\"682\" srcset=\"https:\/\/honeypetty.com\/wp-content\/uploads\/2026\/05\/08.jpg 673w, https:\/\/honeypetty.com\/wp-content\/uploads\/2026\/05\/08-296x300.jpg 296w, https:\/\/honeypetty.com\/wp-content\/uploads\/2026\/05\/08-12x12.jpg 12w, https:\/\/honeypetty.com\/wp-content\/uploads\/2026\/05\/08-600x608.jpg 600w\" sizes=\"(max-width: 673px) 100vw, 673px\" \/><\/p>\n<p><img decoding=\"async\" class=\"alignnone wp-image-8479 size-full\" src=\"http:\/\/honeypetty.com\/wp-content\/uploads\/2026\/05\/09.jpg\" alt=\"\" width=\"672\" height=\"677\" srcset=\"https:\/\/honeypetty.com\/wp-content\/uploads\/2026\/05\/09.jpg 672w, https:\/\/honeypetty.com\/wp-content\/uploads\/2026\/05\/09-298x300.jpg 298w, https:\/\/honeypetty.com\/wp-content\/uploads\/2026\/05\/09-150x150.jpg 150w, https:\/\/honeypetty.com\/wp-content\/uploads\/2026\/05\/09-12x12.jpg 12w, https:\/\/honeypetty.com\/wp-content\/uploads\/2026\/05\/09-600x604.jpg 600w, https:\/\/honeypetty.com\/wp-content\/uploads\/2026\/05\/09-200x200.jpg 200w\" sizes=\"(max-width: 672px) 100vw, 672px\" \/><\/p>\n<p><img loading=\"lazy\" decoding=\"async\" class=\"alignnone wp-image-8480 size-full\" src=\"http:\/\/honeypetty.com\/wp-content\/uploads\/2026\/05\/10.jpg\" alt=\"\" width=\"671\" height=\"674\" srcset=\"https:\/\/honeypetty.com\/wp-content\/uploads\/2026\/05\/10.jpg 671w, https:\/\/honeypetty.com\/wp-content\/uploads\/2026\/05\/10-300x300.jpg 300w, https:\/\/honeypetty.com\/wp-content\/uploads\/2026\/05\/10-150x150.jpg 150w, https:\/\/honeypetty.com\/wp-content\/uploads\/2026\/05\/10-12x12.jpg 12w, https:\/\/honeypetty.com\/wp-content\/uploads\/2026\/05\/10-600x603.jpg 600w, https:\/\/honeypetty.com\/wp-content\/uploads\/2026\/05\/10-200x200.jpg 200w\" sizes=\"(max-width: 671px) 100vw, 671px\" \/><\/p>\n<p>&nbsp;<\/p>\n<p><strong>Perguntas frequentes sobre os cobertores de flanela felpuda e xadrez da Honeypetty:<\/strong><\/p>\n<p>Q1: O material deste cobertor \u00e9 seguro? \u00c9 adequado para animais de estima\u00e7\u00e3o?<br \/>\nR: Sim. Utiliza um processo de tingimento reativo amigo do ambiente, que n\u00e3o cont\u00e9m formalde\u00eddo nem agentes fluorescentes. Passou nos testes de seguran\u00e7a para produtos para animais de estima\u00e7\u00e3o; \u00e9 macio e n\u00e3o agride a pele e, mesmo que os c\u00e3es o roam, \u00e9 altamente resistente \u00e0 queda.<\/p>\n<p>&nbsp;<\/p>\n<p>Q2: Quais s\u00e3o os tamanhos dispon\u00edveis? Como \u00e9 que escolho o tamanho certo para o meu c\u00e3o?<br \/>\nR: Oferecemos quatro tamanhos padr\u00e3o: S, M, L e XL. Recomendamos os tamanhos S ou M para cachorros e c\u00e3es pequenos, e L ou XL para c\u00e3es m\u00e9dios a grandes. Sugerimos que escolha um tamanho que seja aproximadamente 20 cm mais comprido do que o comprimento do corpo do seu c\u00e3o para permitir um espa\u00e7o amplo para se enrolar confortavelmente.<\/p>\n<p>&nbsp;<\/p>\n<p>Q3: \u00c9 f\u00e1cil de limpar? Encolher\u00e1 ou perder\u00e1 a sua forma?<br \/>\nR: Pode ser lavado na m\u00e1quina (num ciclo suave) e \u00e0 m\u00e3o com \u00e1gua fria; utilize um detergente neutro. Atrav\u00e9s de testes exaustivos, confirm\u00e1mos que \u00e9 altamente resistente ao encolhimento e ao desbotamento e que permanece macio mesmo ap\u00f3s v\u00e1rias lavagens.<\/p>\n<p>&nbsp;<\/p>\n<p>Q4: Qual \u00e9 a sua efic\u00e1cia na reten\u00e7\u00e3o do calor? Pode ser utilizado ao ar livre no inverno?<br \/>\nR: Apresenta um design t\u00e9rmico de camada dupla - combinando velo axadrezado de alta densidade com flanela - para reter eficazmente o calor, oferecendo um calor superior ao dos cobertores de velo normais. \u00c9 adequado para utiliza\u00e7\u00e3o no interior, dentro de caixotes, em ve\u00edculos ou para repouso tempor\u00e1rio no exterior durante o inverno; no entanto, tenha em aten\u00e7\u00e3o que n\u00e3o foi concebido como equipamento profissional para o frio.<\/p>\n<p>&nbsp;<\/p>\n<p>Q5: Este cobertor \u00e9 adequado para c\u00e3es de todas as idades?<br \/>\nR: Sem d\u00favida. A camada de superf\u00edcie macia proporciona um cuidado suave para a pele sens\u00edvel de um cachorro, enquanto a camada interm\u00e9dia isolante ajuda a aliviar o desconforto nas articula\u00e7\u00f5es dos c\u00e3es seniores. Al\u00e9m disso, a camada de superf\u00edcie duradoura \u00e9 suficientemente robusta para suportar os h\u00e1bitos di\u00e1rios de co\u00e7ar dos c\u00e3es adultos.<\/p>\n<p>&nbsp;<\/p>\n<p>Q6: O cobertor tem algum odor desagrad\u00e1vel?<br \/>\nR: Sendo um produto novo, pode inicialmente ter um ligeiro odor natural inerente aos tecidos de algod\u00e3o; este odor dissipar-se-\u00e1 rapidamente ap\u00f3s arejamento numa \u00e1rea bem ventilada. N\u00e3o cont\u00e9m absolutamente nenhum odor qu\u00edmico, uma vez que seguimos protocolos rigorosos de limpeza e higieniza\u00e7\u00e3o antes de cada produto sair da nossa f\u00e1brica.<\/p>","protected":false},"excerpt":{"rendered":"<p><strong>Oferecemos quatro tamanhos padr\u00e3o: S, M, L e XL. Recomendamos os tamanhos S ou M para cachorros e c\u00e3es pequenos, e L ou XL para c\u00e3es m\u00e9dios a grandes. Sugerimos que escolha um tamanho que seja aproximadamente 20 cm mais comprido do que o comprimento do corpo do seu c\u00e3o para permitir um espa\u00e7o amplo para se enrolar confortavelmente.<\/strong><\/p>","protected":false},"featured_media":8480,"comment_status":"open","ping_status":"closed","template":"","meta":[],"product_brand":[],"product_cat":[50],"product_tag":[311,307,308,310,309],"class_list":{"0":"post-8488","1":"product","2":"type-product","3":"status-publish","4":"has-post-thumbnail","6":"product_cat-pet-blanket","7":"product_tag-bulk-buy-flannel-blankets","8":"product_tag-flannel-sherpa-blanket","9":"product_tag-flannel-swaddle-blanket","10":"product_tag-flannel-weighted-blanket","11":"product_tag-lightweight-flannel-blanket","12":"description-off","14":"first","15":"instock","16":"shipping-taxable","17":"product-type-simple"},"_links":{"self":[{"href":"https:\/\/honeypetty.com\/pt\/wp-json\/wp\/v2\/product\/8488","targetHints":{"allow":["GET"]}}],"collection":[{"href":"https:\/\/honeypetty.com\/pt\/wp-json\/wp\/v2\/product"}],"about":[{"href":"https:\/\/honeypetty.com\/pt\/wp-json\/wp\/v2\/types\/product"}],"replies":[{"embeddable":true,"href":"https:\/\/honeypetty.com\/pt\/wp-json\/wp\/v2\/comments?post=8488"}],"wp:featuredmedia":[{"embeddable":true,"href":"https:\/\/honeypetty.com\/pt\/wp-json\/wp\/v2\/media\/8480"}],"wp:attachment":[{"href":"https:\/\/honeypetty.com\/pt\/wp-json\/wp\/v2\/media?parent=8488"}],"wp:term":[{"taxonomy":"product_brand","embeddable":true,"href":"https:\/\/honeypetty.com\/pt\/wp-json\/wp\/v2\/product_brand?post=8488"},{"taxonomy":"product_cat","embeddable":true,"href":"https:\/\/honeypetty.com\/pt\/wp-json\/wp\/v2\/product_cat?post=8488"},{"taxonomy":"product_tag","embeddable":true,"href":"https:\/\/honeypetty.com\/pt\/wp-json\/wp\/v2\/product_tag?post=8488"}],"curies":[{"name":"wp","href":"https:\/\/api.w.org\/{rel}","templated":true}]}}